{"id":1340,"date":"2023-07-25T10:25:39","date_gmt":"2023-07-25T13:25:39","guid":{"rendered":"https:\/\/lealta.com.br\/landingpages\/bd_industria\/?post_type=product&#038;p=1340"},"modified":"2023-10-23T08:57:26","modified_gmt":"2023-10-23T11:57:26","slug":"bd-bactec-tm-fx","status":"publish","type":"product","link":"https:\/\/lealta.com.br\/landingpages\/bd_industria\/produto\/bd-bactec-tm-fx\/","title":{"rendered":"BD Bactec\u2122 FX"},"content":{"rendered":"<p><span style=\"font-size: 130%;\">O BD Bactec\u2122 FX \u00e9 uma automa\u00e7\u00e3o que proporciona um ambiente favor\u00e1vel de crescimento microbiano. <strong>Ele <\/strong><b>detecta dentro de 24 horas a presen\u00e7a de microrganismos e libera em at\u00e9 5 dias<sup>1<\/sup><\/b>, reduzindo per\u00edodo de quarentena em invent\u00e1rio. Tudo isso, com um fluxo de trabalho simples.<\/span><\/p>\n","protected":false},"excerpt":{"rendered":"<h2><strong>Automa\u00e7\u00e3o para libera\u00e7\u00e3o de produtos est\u00e9reis<\/strong><\/h2>\n","protected":false},"featured_media":1316,"comment_status":"closed","ping_status":"closed","template":"","meta":{"inline_featured_image":false},"product_brand":[],"product_cat":[25],"product_tag":[],"class_list":{"0":"post-1340","1":"product","2":"type-product","3":"status-publish","4":"has-post-thumbnail","6":"product_cat-portfolio","8":"first","9":"instock","10":"shipping-taxable","11":"product-type-simple"},"_links":{"self":[{"href":"https:\/\/lealta.com.br\/landingpages\/bd_industria\/wp-json\/wp\/v2\/product\/1340","targetHints":{"allow":["GET"]}}],"collection":[{"href":"https:\/\/lealta.com.br\/landingpages\/bd_industria\/wp-json\/wp\/v2\/product"}],"about":[{"href":"https:\/\/lealta.com.br\/landingpages\/bd_industria\/wp-json\/wp\/v2\/types\/product"}],"replies":[{"embeddable":true,"href":"https:\/\/lealta.com.br\/landingpages\/bd_industria\/wp-json\/wp\/v2\/comments?post=1340"}],"wp:featuredmedia":[{"embeddable":true,"href":"https:\/\/lealta.com.br\/landingpages\/bd_industria\/wp-json\/wp\/v2\/media\/1316"}],"wp:attachment":[{"href":"https:\/\/lealta.com.br\/landingpages\/bd_industria\/wp-json\/wp\/v2\/media?parent=1340"}],"wp:term":[{"taxonomy":"product_brand","embeddable":true,"href":"https:\/\/lealta.com.br\/landingpages\/bd_industria\/wp-json\/wp\/v2\/product_brand?post=1340"},{"taxonomy":"product_cat","embeddable":true,"href":"https:\/\/lealta.com.br\/landingpages\/bd_industria\/wp-json\/wp\/v2\/product_cat?post=1340"},{"taxonomy":"product_tag","embeddable":true,"href":"https:\/\/lealta.com.br\/landingpages\/bd_industria\/wp-json\/wp\/v2\/product_tag?post=1340"}],"curies":[{"name":"wp","href":"https:\/\/api.w.org\/{rel}","templated":true}]}}