{"id":1343,"date":"2023-07-25T10:28:41","date_gmt":"2023-07-25T13:28:41","guid":{"rendered":"https:\/\/lealta.com.br\/landingpages\/bd_industria\/?post_type=product&#038;p=1343"},"modified":"2023-10-23T09:34:06","modified_gmt":"2023-10-23T12:34:06","slug":"meios-de-cultura-desitradatos-dcm","status":"publish","type":"product","link":"https:\/\/lealta.com.br\/landingpages\/bd_industria\/produto\/meios-de-cultura-desitradatos-dcm\/","title":{"rendered":"Meios de cultura desitradatos (DCM)"},"content":{"rendered":"","protected":false},"excerpt":{"rendered":"<p><span style=\"font-size: 130%;\">As marcas BD Difco\u2122 e BD BBL\u2122 v\u00eam fornecendo meios de cultura desidratados (DCM) de alta qualidade para uso em testes de controle de qualidade em uma variedade de aplica\u00e7\u00f5es. S\u00e3o mais de 400 formula\u00e7\u00f5es DCM com tamanhos de embalagem para atender a uma variedade de requisitos de teste e fabrica\u00e7\u00e3o.<\/span><\/p>\n","protected":false},"featured_media":1272,"comment_status":"closed","ping_status":"closed","template":"","meta":{"inline_featured_image":false},"product_brand":[],"product_cat":[25],"product_tag":[],"class_list":{"0":"post-1343","1":"product","2":"type-product","3":"status-publish","4":"has-post-thumbnail","6":"product_cat-portfolio","8":"first","9":"instock","10":"shipping-taxable","11":"product-type-simple"},"_links":{"self":[{"href":"https:\/\/lealta.com.br\/landingpages\/bd_industria\/wp-json\/wp\/v2\/product\/1343","targetHints":{"allow":["GET"]}}],"collection":[{"href":"https:\/\/lealta.com.br\/landingpages\/bd_industria\/wp-json\/wp\/v2\/product"}],"about":[{"href":"https:\/\/lealta.com.br\/landingpages\/bd_industria\/wp-json\/wp\/v2\/types\/product"}],"replies":[{"embeddable":true,"href":"https:\/\/lealta.com.br\/landingpages\/bd_industria\/wp-json\/wp\/v2\/comments?post=1343"}],"wp:featuredmedia":[{"embeddable":true,"href":"https:\/\/lealta.com.br\/landingpages\/bd_industria\/wp-json\/wp\/v2\/media\/1272"}],"wp:attachment":[{"href":"https:\/\/lealta.com.br\/landingpages\/bd_industria\/wp-json\/wp\/v2\/media?parent=1343"}],"wp:term":[{"taxonomy":"product_brand","embeddable":true,"href":"https:\/\/lealta.com.br\/landingpages\/bd_industria\/wp-json\/wp\/v2\/product_brand?post=1343"},{"taxonomy":"product_cat","embeddable":true,"href":"https:\/\/lealta.com.br\/landingpages\/bd_industria\/wp-json\/wp\/v2\/product_cat?post=1343"},{"taxonomy":"product_tag","embeddable":true,"href":"https:\/\/lealta.com.br\/landingpages\/bd_industria\/wp-json\/wp\/v2\/product_tag?post=1343"}],"curies":[{"name":"wp","href":"https:\/\/api.w.org\/{rel}","templated":true}]}}