{"id":1345,"date":"2023-07-25T10:29:25","date_gmt":"2023-07-25T13:29:25","guid":{"rendered":"https:\/\/lealta.com.br\/landingpages\/bd_industria\/?post_type=product&#038;p=1345"},"modified":"2023-10-30T15:54:28","modified_gmt":"2023-10-30T18:54:28","slug":"meios-preparados","status":"publish","type":"product","link":"https:\/\/lealta.com.br\/landingpages\/bd_industria\/produto\/meios-preparados\/","title":{"rendered":"Meios Preparados"},"content":{"rendered":"","protected":false},"excerpt":{"rendered":"<p><span style=\"font-size: 130%;\">A BD se baseia em sua experi\u00eancia no desenvolvimento, fabrica\u00e7\u00e3o e solu\u00e7\u00e3o de problemas de produtos preparados, e traz para o mercado placas prontas com temperatura estendida de armazenamento, as placas BD BBL\u2122 IC-XT. Eles s\u00e3o meios est\u00e9reis BD BBL\u2122 revestidos com o Isolator Cleanroom eXtended Temperature (IC XT) e oferecem flexibilidade e seguran\u00e7a de amostras para atender \u00e0s necessidades atuais de monitoramento ambiental. Com vida \u00fatil prolongada e armazenamento de 2 a 25 C\u00ba, os meios preparados BD BBL\u2122 IC XT fornecem resultados confi\u00e1veis para testar meios cr\u00edticos de monitoramento ambiental.<\/span><\/p>\n<p><span style=\"font-size: 130%;\">\t<div id=\"gap-184729718\" class=\"gap-element clearfix\" style=\"display:block; height:auto;\">\n\t\t\n<style>\n#gap-184729718 {\n  padding-top: 30px;\n}\n<\/style>\n\t<\/div>\n\t<\/span><\/p>\n<p><strong><span style=\"font-size: 130%;\">Confira abaixo as placas IC XT dispon\u00edveis para monitoramento ambiental<\/span><\/strong><\/p>\n<table style=\"height: 206px;\" border=\"0\" width=\"537\" cellspacing=\"0\" cellpadding=\"0\">\n<colgroup>\n<col span=\"3\" width=\"87\" \/><\/colgroup>\n<tbody>\n<tr>\n<td class=\"xl63\" dir=\"LTR\" width=\"87\" height=\"41\"><span style=\"color: #0000ff; font-size: 130%;\">Nome do produto<\/span><\/td>\n<td class=\"xl63\" dir=\"LTR\" width=\"87\"><span style=\"color: #0000ff; font-size: 130%;\">Cat\u00e1logo<\/span><\/td>\n<td class=\"xl63\" dir=\"LTR\" width=\"87\"><span style=\"color: #0000ff; font-size: 130%;\">Armazenamento<\/span><\/td>\n<\/tr>\n<tr>\n<td class=\"xl64\" dir=\"LTR\" width=\"87\" height=\"73\"><span style=\"font-size: 130%;\">BD BBL<span class=\"font6\"><sup>TM <\/sup><\/span><span class=\"font5\">IC-XT Pack Sanitizer Neutralizing Agar<\/span><\/span><\/td>\n<td class=\"xl65\" dir=\"LTR\" width=\"87\"><span style=\"font-size: 130%;\">257617<\/span><\/td>\n<td class=\"xl65\" dir=\"LTR\" width=\"87\"><span style=\"font-size: 130%;\">2 &#8211; 8\u00baC<\/span><\/td>\n<\/tr>\n<tr>\n<td class=\"xl66\" dir=\"LTR\" width=\"87\" height=\"71\"><span style=\"font-size: 130%;\">Plt Sanitizer IC-XT Media 90mm LL (30ML)<\/span><\/td>\n<td class=\"xl67\" dir=\"LTR\" width=\"87\"><span style=\"font-size: 130%;\">257731<\/span><\/td>\n<td class=\"xl67\" dir=\"LTR\" width=\"87\"><span style=\"font-size: 130%;\">2 &#8211; 8\u00baC<\/span><\/td>\n<\/tr>\n<\/tbody>\n<\/table>\n<h4><span style=\"color: #0000ff; font-size: 130%;\">Caso precise de outras placas, entre em contato com seu representante BD para consultar disponibilidade.<\/span><\/h4>\n","protected":false},"featured_media":1312,"comment_status":"closed","ping_status":"closed","template":"","meta":{"inline_featured_image":false},"product_brand":[],"product_cat":[25],"product_tag":[],"class_list":{"0":"post-1345","1":"product","2":"type-product","3":"status-publish","4":"has-post-thumbnail","6":"product_cat-portfolio","8":"first","9":"instock","10":"shipping-taxable","11":"product-type-simple"},"_links":{"self":[{"href":"https:\/\/lealta.com.br\/landingpages\/bd_industria\/wp-json\/wp\/v2\/product\/1345","targetHints":{"allow":["GET"]}}],"collection":[{"href":"https:\/\/lealta.com.br\/landingpages\/bd_industria\/wp-json\/wp\/v2\/product"}],"about":[{"href":"https:\/\/lealta.com.br\/landingpages\/bd_industria\/wp-json\/wp\/v2\/types\/product"}],"replies":[{"embeddable":true,"href":"https:\/\/lealta.com.br\/landingpages\/bd_industria\/wp-json\/wp\/v2\/comments?post=1345"}],"wp:featuredmedia":[{"embeddable":true,"href":"https:\/\/lealta.com.br\/landingpages\/bd_industria\/wp-json\/wp\/v2\/media\/1312"}],"wp:attachment":[{"href":"https:\/\/lealta.com.br\/landingpages\/bd_industria\/wp-json\/wp\/v2\/media?parent=1345"}],"wp:term":[{"taxonomy":"product_brand","embeddable":true,"href":"https:\/\/lealta.com.br\/landingpages\/bd_industria\/wp-json\/wp\/v2\/product_brand?post=1345"},{"taxonomy":"product_cat","embeddable":true,"href":"https:\/\/lealta.com.br\/landingpages\/bd_industria\/wp-json\/wp\/v2\/product_cat?post=1345"},{"taxonomy":"product_tag","embeddable":true,"href":"https:\/\/lealta.com.br\/landingpages\/bd_industria\/wp-json\/wp\/v2\/product_tag?post=1345"}],"curies":[{"name":"wp","href":"https:\/\/api.w.org\/{rel}","templated":true}]}}