{"id":1346,"date":"2023-07-25T10:29:48","date_gmt":"2023-07-25T13:29:48","guid":{"rendered":"https:\/\/lealta.com.br\/landingpages\/bd_industria\/?post_type=product&#038;p=1346"},"modified":"2023-10-30T15:39:34","modified_gmt":"2023-10-30T18:39:34","slug":"bd-bruker-maldi-tof","status":"publish","type":"product","link":"https:\/\/lealta.com.br\/landingpages\/bd_industria\/produto\/bd-bruker-maldi-tof\/","title":{"rendered":"BD Bruker MALDI-TOF"},"content":{"rendered":"","protected":false},"excerpt":{"rendered":"<p><span style=\"font-size: 130%; font-weight: 400;\">Como fabricante de dispositivos m\u00e9dicos, a BD entende os rigorosos requisitos para fabrica\u00e7\u00e3o de produtos farmac\u00eauticos, controle de qualidade e conformidade. Nosso objetivo \u00e9 simples: ajudar os clientes a manter suas exig\u00eancias para o controle microbiano de seus produtos. Por isso, a BD fez uma parceria com a Bruker, uma empresa focada em solu\u00e7\u00f5es diferenciadas de pequisa e diagn\u00f3stico de ci\u00eancias da vida. Essa parceria nos trouxe um equipamento destinado \u00e0 identifica\u00e7\u00e3o de microrganismos (bact\u00e9rias, micobact\u00e9rias, fungos filamentosos e leveduriformes) a n\u00edvel de esp\u00e9cie pela metodologia MALDI-TOF <em>(Matrix Assisted Laser Desorption Ionization Time-of-Flight)<\/em> baseado no princ\u00edpio de espectrometria de massa.<\/span><\/p>\n<ul>\n<li><span style=\"font-size: 150%; font-weight: 400;\">Maior agilidade no processo de libera\u00e7\u00e3o de identifica\u00e7\u00e3o microbiana: <strong><span style=\"color: #0000ff;\">an\u00e1lise de 95 isolados e 1 amostra de CQ (controle de qualidade)<\/span><\/strong> resulta em um relat\u00f3rio de identifica\u00e7\u00e3o completo em <span style=\"color: #0000ff;\"><strong>aproximadamente 5 minutos<\/strong><\/span> com o novo software Compass HT.<\/span><\/li>\n<li><span style=\"font-size: 150%;\">Biblioteca retroaliment\u00e1vel e atualizada periodicamente<\/span><\/li>\n<\/ul>\n<p>&nbsp;<\/p>\n","protected":false},"featured_media":1314,"comment_status":"closed","ping_status":"closed","template":"","meta":{"inline_featured_image":false},"product_brand":[],"product_cat":[25],"product_tag":[],"class_list":{"0":"post-1346","1":"product","2":"type-product","3":"status-publish","4":"has-post-thumbnail","6":"product_cat-portfolio","8":"first","9":"instock","10":"shipping-taxable","11":"product-type-simple"},"_links":{"self":[{"href":"https:\/\/lealta.com.br\/landingpages\/bd_industria\/wp-json\/wp\/v2\/product\/1346","targetHints":{"allow":["GET"]}}],"collection":[{"href":"https:\/\/lealta.com.br\/landingpages\/bd_industria\/wp-json\/wp\/v2\/product"}],"about":[{"href":"https:\/\/lealta.com.br\/landingpages\/bd_industria\/wp-json\/wp\/v2\/types\/product"}],"replies":[{"embeddable":true,"href":"https:\/\/lealta.com.br\/landingpages\/bd_industria\/wp-json\/wp\/v2\/comments?post=1346"}],"wp:featuredmedia":[{"embeddable":true,"href":"https:\/\/lealta.com.br\/landingpages\/bd_industria\/wp-json\/wp\/v2\/media\/1314"}],"wp:attachment":[{"href":"https:\/\/lealta.com.br\/landingpages\/bd_industria\/wp-json\/wp\/v2\/media?parent=1346"}],"wp:term":[{"taxonomy":"product_brand","embeddable":true,"href":"https:\/\/lealta.com.br\/landingpages\/bd_industria\/wp-json\/wp\/v2\/product_brand?post=1346"},{"taxonomy":"product_cat","embeddable":true,"href":"https:\/\/lealta.com.br\/landingpages\/bd_industria\/wp-json\/wp\/v2\/product_cat?post=1346"},{"taxonomy":"product_tag","embeddable":true,"href":"https:\/\/lealta.com.br\/landingpages\/bd_industria\/wp-json\/wp\/v2\/product_tag?post=1346"}],"curies":[{"name":"wp","href":"https:\/\/api.w.org\/{rel}","templated":true}]}}