{"id":1347,"date":"2023-07-25T10:30:15","date_gmt":"2023-07-25T13:30:15","guid":{"rendered":"https:\/\/lealta.com.br\/landingpages\/bd_industria\/?post_type=product&#038;p=1347"},"modified":"2023-10-30T15:40:13","modified_gmt":"2023-10-30T18:40:13","slug":"bd-bruker-ir-biotyper","status":"publish","type":"product","link":"https:\/\/lealta.com.br\/landingpages\/bd_industria\/produto\/bd-bruker-ir-biotyper\/","title":{"rendered":"BD Bruker IR Biotyper\u00ae"},"content":{"rendered":"","protected":false},"excerpt":{"rendered":"<p><span style=\"font-size: 130%;\">Como fabricante de dispositivos m\u00e9dicos, a BD entende os rigorosos requisitos para fabrica\u00e7\u00e3o de produtos farmac\u00eauticos, controle de qualidade e conformidade. Nosso objetivo \u00e9 simples: <strong>ajudar os clientes a manter suas exig\u00eancias para o controle microbiano de seus produtos.<\/strong> Por isso, a BD fez uma parceria com a Bruker, uma empresa focada em solu\u00e7\u00f5es diferenciadas de pequisa e diagn\u00f3stico de ci\u00eancias da vida. Essa parceria nos trouxe um equipamento destinado \u00e0 identifica\u00e7\u00e3o de microrganismos (bact\u00e9rias, micobact\u00e9rias, fungos filamentosos e leveduriformes) a n\u00edvel de esp\u00e9cie pela metodologia MALDI-TOF <em>(Matrix Assisted Laser Desorption Ionization Time-of-Flight)<\/em> baseado no princ\u00edpio de espectrometria de massa e junto a ele, pode-se ter um m\u00f3dulo IR Biotyper\u2122 acoplado. Esse m\u00f3dulo realizada a sorotipagem da amostra, oferecendo ganho de tempo, seguran\u00e7a e assertividade para o resultado.<\/span><\/p>\n<p><span style=\"font-size: 130%;\"><strong>Sorotipagem de Microrganismos<\/strong><\/span><br \/>\n<span style=\"font-size: 130%;\">O BD Bruker IR Biotyper\u00ae suporta ind\u00fastrias a entenderem o n\u00edvel de similaridade entre cepas com identifica\u00e7\u00e3o previamente conhecidas. Com a classifica\u00e7\u00e3o de esp\u00e9cies patog\u00eanicas no que tange aos sorotipos, ele proporciona a sorotipagem da amostra em at\u00e9 30 minutos, facilitando a implementa\u00e7\u00e3o e ado\u00e7\u00e3o de estrat\u00e9gias de controle de qualidade e higiene, permitindo o monitoramento proativo adequado de contamina\u00e7\u00f5es de forma r\u00e1pida e segura.<\/span><\/p>\n","protected":false},"featured_media":1315,"comment_status":"closed","ping_status":"closed","template":"","meta":{"inline_featured_image":false},"product_brand":[],"product_cat":[25],"product_tag":[],"class_list":{"0":"post-1347","1":"product","2":"type-product","3":"status-publish","4":"has-post-thumbnail","6":"product_cat-portfolio","8":"first","9":"instock","10":"shipping-taxable","11":"product-type-simple"},"_links":{"self":[{"href":"https:\/\/lealta.com.br\/landingpages\/bd_industria\/wp-json\/wp\/v2\/product\/1347","targetHints":{"allow":["GET"]}}],"collection":[{"href":"https:\/\/lealta.com.br\/landingpages\/bd_industria\/wp-json\/wp\/v2\/product"}],"about":[{"href":"https:\/\/lealta.com.br\/landingpages\/bd_industria\/wp-json\/wp\/v2\/types\/product"}],"replies":[{"embeddable":true,"href":"https:\/\/lealta.com.br\/landingpages\/bd_industria\/wp-json\/wp\/v2\/comments?post=1347"}],"wp:featuredmedia":[{"embeddable":true,"href":"https:\/\/lealta.com.br\/landingpages\/bd_industria\/wp-json\/wp\/v2\/media\/1315"}],"wp:attachment":[{"href":"https:\/\/lealta.com.br\/landingpages\/bd_industria\/wp-json\/wp\/v2\/media?parent=1347"}],"wp:term":[{"taxonomy":"product_brand","embeddable":true,"href":"https:\/\/lealta.com.br\/landingpages\/bd_industria\/wp-json\/wp\/v2\/product_brand?post=1347"},{"taxonomy":"product_cat","embeddable":true,"href":"https:\/\/lealta.com.br\/landingpages\/bd_industria\/wp-json\/wp\/v2\/product_cat?post=1347"},{"taxonomy":"product_tag","embeddable":true,"href":"https:\/\/lealta.com.br\/landingpages\/bd_industria\/wp-json\/wp\/v2\/product_tag?post=1347"}],"curies":[{"name":"wp","href":"https:\/\/api.w.org\/{rel}","templated":true}]}}