{"id":1157,"date":"2023-05-10T16:09:00","date_gmt":"2023-05-10T19:09:00","guid":{"rendered":"https:\/\/lealta.com.br\/landingpages\/bd_sms\/?page_id=1157"},"modified":"2023-05-10T16:10:59","modified_gmt":"2023-05-10T19:10:59","slug":"recursos-artigos-e-publicacoes","status":"publish","type":"page","link":"https:\/\/lealta.com.br\/landingpages\/bd_sms\/recursos-artigos-e-publicacoes\/","title":{"rendered":"RECURSOS \u2013 ARTIGOS E PUBLICA\u00c7\u00d5ES"},"content":{"rendered":"\n\n  <div class=\"banner has-hover has-parallax\" id=\"banner-589826542\">\n          <div class=\"banner-inner fill\">\n        <div class=\"banner-bg fill\" data-parallax=\"-3\" data-parallax-container=\".banner\" data-parallax-background>\n            <div class=\"bg fill bg-fill \"><\/div>\n                        <div class=\"overlay\"><\/div>            \n                    <\/div>\n\t\t\n        <div class=\"banner-layers container\">\n            <div class=\"fill banner-link\"><\/div>            \n\n   <div id=\"text-box-1473688344\" class=\"text-box banner-layer x50 md-x50 lg-x50 y50 md-y50 lg-y50 res-text\">\n                                <div class=\"text-box-content text dark\">\n              \n              <div class=\"text-inner text-center\">\n                  \n\n\t<div id=\"text-2679090410\" class=\"text\">\n\t\t\n\n<h2><span style=\"color: #ff6600;\">ARTIGOS E PUBLICA\u00c7\u00d5ES<\/span><\/h2>\n<h2 class=\"uppercase\"><strong>Solu\u00e7\u00f5es Pr\u00e9-anal\u00edticas<\/strong><\/h2>\n\n\t\t\n<style>\n#text-2679090410 {\n  text-align: left;\n}\n<\/style>\n\t<\/div>\n\t\n\n              <\/div>\n           <\/div>\n                            \n<style>\n#text-box-1473688344 {\n  width: 99%;\n}\n#text-box-1473688344 .text-box-content {\n  font-size: 100%;\n}\n<\/style>\n    <\/div>\n \n\n        <\/div>\n      <\/div>\n\n            \n<style>\n#banner-589826542 {\n  padding-top: 500px;\n}\n#banner-589826542 .bg.bg-loaded {\n  background-image: url(https:\/\/lealta.com.br\/landingpages\/bd_sms\/wp-content\/uploads\/2023\/05\/vecteezy_female-patient-having-blood-sample-drawn-in-a-lab_15812785_821.jpg);\n}\n#banner-589826542 .overlay {\n  background-color: rgba(0, 0, 0, 0.517);\n}\n#banner-589826542 .bg {\n  background-position: 50% 100%;\n}\n<\/style>\n  <\/div>\n\n\n<div class=\"row\" style=\"max-width:80%\" id=\"row-1372776675\">\n\n\n\t<div id=\"col-1809288258\" class=\"col small-12 large-12\"  >\n\t\t\t\t<div class=\"col-inner\"  >\n\t\t\t\n\t\t\t\n\n\t<div id=\"gap-1007076098\" class=\"gap-element clearfix\" style=\"display:block; height:auto;\">\n\t\t\n<style>\n#gap-1007076098 {\n  padding-top: 70px;\n}\n<\/style>\n\t<\/div>\n\t\n\n<div class=\"row row-full-width align-center\"  id=\"row-1737150657\">\n\n\n\t<div id=\"col-1837392837\" class=\"col medium-3 small-12 large-3\"  >\n\t\t\t\t<div class=\"col-inner box-shadow-2 box-shadow-3-hover\"  >\n\t\t\t\n\t\t\t\n\n\t<div class=\"img has-hover x md-x lg-x y md-y lg-y\" id=\"image_1684109810\">\n\t\t<a class=\"\" href=\"https:\/\/bd.showpad.com\/share\/6Fvxcgb8UAKw0zMXpBrJT\" target=\"_blank\" rel=\"noopener\" >\t\t\t\t\t\t<div class=\"img-inner dark\" >\n\t\t\t<img loading=\"lazy\" decoding=\"async\" width=\"1778\" height=\"2522\" src=\"https:\/\/lealta.com.br\/landingpages\/bd_sms\/wp-content\/uploads\/2023\/05\/Screenshot-2023-05-10-at-16.08.20.png\" class=\"attachment-original size-original\" alt=\"\" srcset=\"https:\/\/lealta.com.br\/landingpages\/bd_sms\/wp-content\/uploads\/2023\/05\/Screenshot-2023-05-10-at-16.08.20.png 1778w, https:\/\/lealta.com.br\/landingpages\/bd_sms\/wp-content\/uploads\/2023\/05\/Screenshot-2023-05-10-at-16.08.20-211x300.png 211w, https:\/\/lealta.com.br\/landingpages\/bd_sms\/wp-content\/uploads\/2023\/05\/Screenshot-2023-05-10-at-16.08.20-722x1024.png 722w, https:\/\/lealta.com.br\/landingpages\/bd_sms\/wp-content\/uploads\/2023\/05\/Screenshot-2023-05-10-at-16.08.20-768x1089.png 768w, https:\/\/lealta.com.br\/landingpages\/bd_sms\/wp-content\/uploads\/2023\/05\/Screenshot-2023-05-10-at-16.08.20-1083x1536.png 1083w, https:\/\/lealta.com.br\/landingpages\/bd_sms\/wp-content\/uploads\/2023\/05\/Screenshot-2023-05-10-at-16.08.20-1444x2048.png 1444w\" sizes=\"auto, (max-width: 1778px) 100vw, 1778px\" \/>\t\t\t\t\t\t\n\t\t\t\t\t<\/div>\n\t\t\t\t\t\t<\/a>\t\t\n<style>\n#image_1684109810 {\n  width: 100%;\n}\n<\/style>\n\t<\/div>\n\t\n\n<div class=\"row row-collapse\"  id=\"row-434288167\">\n\n\n\t<div id=\"col-773074019\" class=\"col small-12 large-12\"  >\n\t\t\t\t<div class=\"col-inner\"  >\n\t\t\t\n\t\t\t\n\n\t<div id=\"text-1180607998\" class=\"text\">\n\t\t\n\n<p>The Effectiveness of Using Luer-Lok (Bd Vacutainer\u00ae) In Reducing Hemolysis Rates in Busy Emergency Departments<\/p>\n\n\t\t\n<style>\n#text-1180607998 {\n  text-align: center;\n}\n<\/style>\n\t<\/div>\n\t\n\n\t\t<\/div>\n\t\t\t\t\t<\/div>\n\n\t\n\n\n<style>\n#row-434288167 > .col > .col-inner {\n  padding: 0px 10px 0px 10px;\n}\n<\/style>\n<\/div>\n\n\t\t<\/div>\n\t\t\t\t\t<\/div>\n\n\t\n\n<\/div>\n\t<div id=\"gap-209362520\" class=\"gap-element clearfix\" style=\"display:block; height:auto;\">\n\t\t\n<style>\n#gap-209362520 {\n  padding-top: 60px;\n}\n<\/style>\n\t<\/div>\n\t\n\n<div class=\"row row-full-width\"  id=\"row-270040262\">\n\n\n\t<div id=\"col-149116732\" class=\"col small-12 large-12\"  >\n\t\t\t\t<div class=\"col-inner text-center\" style=\"background-color:rgb(0, 3, 60);\" >\n\t\t\t\n\t\t\t\n\n\t<div id=\"text-1512221511\" class=\"text\">\n\t\t\n\n<h1>Entre em contato e mantenha-se atualizado com as \u00faltimas not\u00edcias sobre as solu\u00e7\u00f5es Pr\u00e9-anal\u00edticas!<\/h1>\n\t\t\n<style>\n#text-1512221511 {\n  text-align: center;\n  color: rgb(255, 110, 0);\n}\n#text-1512221511 > * {\n  color: rgb(255, 110, 0);\n}\n<\/style>\n\t<\/div>\n\t\n<a href=\"#\" class=\"button secondary\"  style=\"border-radius:10px;\">\n    <span>CONTATO<\/span>\n  <\/a>\n\n\n\n\t\t<\/div>\n\t\t\t\t\n<style>\n#col-149116732 > .col-inner {\n  padding: 55px 0px 40px 0px;\n  border-radius: 15px;\n}\n<\/style>\n\t<\/div>\n\n\t\n\n<\/div>\n<div class=\"row row-full-width\"  id=\"row-689467538\">\n\n\n\t<div id=\"col-257034508\" class=\"col small-12 large-12\"  >\n\t\t\t\t<div class=\"col-inner\"  >\n\t\t\t\n\t\t\t\n\n\n  \n    <div class=\"row large-columns-3 medium-columns- small-columns-1 row-large row-full-width slider row-slider slider-nav-simple slider-nav-outside slider-nav-push\"  data-flickity-options='{\"imagesLoaded\": true, \"groupCells\": \"100%\", \"dragThreshold\" : 5, \"cellAlign\": \"left\",\"wrapAround\": true,\"prevNextButtons\": true,\"percentPosition\": true,\"pageDots\": true, \"rightToLeft\": false, \"autoPlay\" : 6000}' >\n\n  <\/div>\n\n\n\t\t<\/div>\n\t\t\t\t\t<\/div>\n\n\t\n\n<\/div>\n\n\n\t\t<\/div>\n\t\t\t\t\t<\/div>\n\n\t\n\n<\/div>\n\n","protected":false},"excerpt":{"rendered":"","protected":false},"author":1,"featured_media":0,"parent":0,"menu_order":0,"comment_status":"closed","ping_status":"closed","template":"page-blank.php","meta":{"inline_featured_image":false,"footnotes":""},"class_list":["post-1157","page","type-page","status-publish","hentry"],"_links":{"self":[{"href":"https:\/\/lealta.com.br\/landingpages\/bd_sms\/wp-json\/wp\/v2\/pages\/1157","targetHints":{"allow":["GET"]}}],"collection":[{"href":"https:\/\/lealta.com.br\/landingpages\/bd_sms\/wp-json\/wp\/v2\/pages"}],"about":[{"href":"https:\/\/lealta.com.br\/landingpages\/bd_sms\/wp-json\/wp\/v2\/types\/page"}],"author":[{"embeddable":true,"href":"https:\/\/lealta.com.br\/landingpages\/bd_sms\/wp-json\/wp\/v2\/users\/1"}],"replies":[{"embeddable":true,"href":"https:\/\/lealta.com.br\/landingpages\/bd_sms\/wp-json\/wp\/v2\/comments?post=1157"}],"version-history":[{"count":5,"href":"https:\/\/lealta.com.br\/landingpages\/bd_sms\/wp-json\/wp\/v2\/pages\/1157\/revisions"}],"predecessor-version":[{"id":1163,"href":"https:\/\/lealta.com.br\/landingpages\/bd_sms\/wp-json\/wp\/v2\/pages\/1157\/revisions\/1163"}],"wp:attachment":[{"href":"https:\/\/lealta.com.br\/landingpages\/bd_sms\/wp-json\/wp\/v2\/media?parent=1157"}],"curies":[{"name":"wp","href":"https:\/\/api.w.org\/{rel}","templated":true}]}}