{"id":1177,"date":"2023-07-10T15:18:19","date_gmt":"2023-07-10T18:18:19","guid":{"rendered":"https:\/\/lealta.com.br\/landingpages\/bd_sms\/?page_id=1177"},"modified":"2025-02-07T10:16:07","modified_gmt":"2025-02-07T13:16:07","slug":"home","status":"publish","type":"page","link":"https:\/\/lealta.com.br\/landingpages\/bd_sms\/","title":{"rendered":"Home"},"content":{"rendered":"\n\n  <div class=\"banner has-hover is-full-height\" id=\"banner-1008561253\">\n          <div class=\"banner-inner fill\">\n        <div class=\"banner-bg fill\" >\n            <div class=\"bg fill bg-fill \"><\/div>\n                        <div class=\"overlay\"><\/div>            \n                    <\/div>\n\t\t\n        <div class=\"banner-layers container\">\n            <div class=\"fill banner-link\"><\/div>            \n\n   <div id=\"text-box-1884727097\" class=\"text-box banner-layer x100 md-x100 lg-x100 y90 md-y75 lg-y75 res-text\">\n                                <div class=\"text-box-content text dark\">\n              \n              <div class=\"text-inner text-left\">\n                  \n\n<div class=\"row row-large align-middle\"  id=\"row-1246688595\">\n\n\n\t<div id=\"col-37904221\" class=\"col small-12 large-12\"  >\n\t\t\t\t<div class=\"col-inner\"  >\n\t\t\t\n\t\t\t\n\n\t<div id=\"text-1634744223\" class=\"text\">\n\t\t\n\n<h1 style=\"text-align: left;\"><span style=\"font-size: 120%;\">Solu\u00e7\u00f5es Pr\u00e9-Anal\u00edticas<\/span><\/h1>\n\t\t\n<style>\n#text-1634744223 {\n  color: rgb(255, 255, 255);\n}\n#text-1634744223 > * {\n  color: rgb(255, 255, 255);\n}\n<\/style>\n\t<\/div>\n\t\n\t<div id=\"text-3799743756\" class=\"text\">\n\t\t\n\n<p style=\"text-align: left;\"><span style=\"font-size: 120%;\">Descubra como nossa expertise inovadora est\u00e1 aprimorando cada etapa, desde a coleta at\u00e9 a prepara\u00e7\u00e3o para an\u00e1lise, garantindo resultados mais precisos e impactantes. Fa\u00e7a parte da revolu\u00e7\u00e3o na coleta de sangue &#8211; onde a excel\u00eancia come\u00e7a antes da an\u00e1lise.<\/span><\/p>\n\t\t\n<style>\n#text-3799743756 {\n  color: rgb(255, 255, 255);\n}\n#text-3799743756 > * {\n  color: rgb(255, 255, 255);\n}\n<\/style>\n\t<\/div>\n\t\n\n\t\t<\/div>\n\t\t\t\t\t<\/div>\n\n\t\n\n<\/div>\n\t<div id=\"gap-1340918392\" class=\"gap-element clearfix\" style=\"display:block; height:auto;\">\n\t\t\n<style>\n#gap-1340918392 {\n  padding-top: 40px;\n}\n<\/style>\n\t<\/div>\n\t\n\n<div class=\"row row-small align-equal align-center\"  id=\"row-456772092\">\n\n\n\t<div id=\"col-1163413295\" class=\"col medium-3 small-12 large-3 tip-top\" title=\"Acesse\" >\n\t\t\t\t<div class=\"col-inner text-left box-shadow-3 box-shadow-5-hover text-shadow-1 dark\" style=\"background-color:rgba(0, 69, 147, 0.773);\" >\n\t\t\t\n\t\t\t\n\n\t<div id=\"text-2472831545\" class=\"text\">\n\t\t\n\n<h4><span style=\"color: #ffffff; font-size: 100%;\"><a style=\"color: #ffffff;\" href=\"https:\/\/lealta.com.br\/landingpages\/bd_sms\/coleta-de-sangue\/\"><strong>Coleta de Sangue<\/strong><\/a><\/span><\/h4>\n\t\t\n<style>\n#text-2472831545 {\n  text-align: center;\n}\n<\/style>\n\t<\/div>\n\t\n\n\t\t<\/div>\n\t\t\t\t\n<style>\n#col-1163413295 > .col-inner {\n  padding: 27px 0px 27px 0px;\n  border-radius: 15px;\n}\n<\/style>\n\t<\/div>\n\n\t\n\n\t<div id=\"col-341595495\" class=\"col medium-3 small-12 large-3\"  >\n\t\t\t\t<div class=\"col-inner text-left box-shadow-3 box-shadow-5-hover text-shadow-1 dark\" style=\"background-color:rgba(0, 69, 147, 0.773);\" >\n\t\t\t\n\t\t\t\n\n\t<div id=\"text-4256891790\" class=\"text\">\n\t\t\n\n<h4><span style=\"color: #ffffff; font-size: 100%;\"><a style=\"color: #ffffff;\" href=\"https:\/\/lealta.com.br\/landingpages\/bd_sms\/coleta-de-hemocultura\/\"><strong>Hemocultura<\/strong><\/a><\/span><\/h4>\n\t\t\n<style>\n#text-4256891790 {\n  text-align: center;\n}\n<\/style>\n\t<\/div>\n\t\n\n\t\t<\/div>\n\t\t\t\t\n<style>\n#col-341595495 > .col-inner {\n  padding: 27px 0px 27px 0px;\n  border-radius: 15px;\n}\n<\/style>\n\t<\/div>\n\n\t\n\n\t<div id=\"col-2145690689\" class=\"col medium-3 small-12 large-3\"  >\n\t\t\t\t<div class=\"col-inner text-left box-shadow-3 box-shadow-5-hover text-shadow-1 dark\" style=\"background-color:rgba(0, 69, 147, 0.773);\" >\n\t\t\t\n\t\t\t\n\n\t<div id=\"text-1957616207\" class=\"text\">\n\t\t\n\n<h4><span style=\"color: #FFFFFF; font-size: 100%;\"><a style=\"color: #FFFFFF;\" href=\"https:\/\/lealta.com.br\/landingpages\/bd_sms\/11-gasometria-arterial\/\"><strong>Gasometria<\/strong><\/a><\/span><\/h4>\n\t\t\n<style>\n#text-1957616207 {\n  text-align: center;\n}\n<\/style>\n\t<\/div>\n\t\n\n\t\t<\/div>\n\t\t\t\t\n<style>\n#col-2145690689 > .col-inner {\n  padding: 27px 0px 27px 0px;\n  border-radius: 15px;\n}\n<\/style>\n\t<\/div>\n\n\t\n\n\t<div id=\"col-223228644\" class=\"col medium-3 small-12 large-3\"  >\n\t\t\t\t<div class=\"col-inner text-left box-shadow-3 box-shadow-5-hover text-shadow-1 dark\" style=\"background-color:rgba(0, 69, 147, 0.773);\" >\n\t\t\t\n\t\t\t\n\n\t<div id=\"text-640095750\" class=\"text\">\n\t\t\n\n<h4><span style=\"color: #FFFFFF; font-size: 100%;\"><a style=\"color: #FFFFFF;\" href=\"https:\/\/lealta.com.br\/landingpages\/bd_sms\/14-acesso-venoso-dificil\/\"><strong>Acesso Venoso Dif\u00edcil<\/strong><\/a><\/span><\/h4>\n\t\t\n<style>\n#text-640095750 {\n  text-align: center;\n}\n<\/style>\n\t<\/div>\n\t\n\n\t\t<\/div>\n\t\t\t\t\n<style>\n#col-223228644 > .col-inner {\n  padding: 27px 0px 27px 0px;\n  border-radius: 15px;\n}\n<\/style>\n\t<\/div>\n\n\t\n\n\t<div id=\"col-662819990\" class=\"col small-12 large-12\"  >\n\t\t\t\t<div class=\"col-inner text-left box-shadow-3 box-shadow-5-hover text-shadow-1 dark\" style=\"background-color:rgba(255, 110, 0, 0.849);\" >\n\t\t\t\n\t\t\t\n\n\t<div id=\"text-4225266619\" class=\"text\">\n\t\t\n\n<h4><span style=\"color: #FFFFFF; font-size: 100%;\"><a style=\"color: #FFFFFF;\" href=\"https:\/\/lealta.com.br\/landingpages\/bd_sms\/solucoes\/\"><strong>Solu\u00e7\u00f5es BD para resultados precisos<\/strong><\/a><\/span><\/h4>\n\t\t\n<style>\n#text-4225266619 {\n  text-align: center;\n}\n<\/style>\n\t<\/div>\n\t\n\n\t\t<\/div>\n\t\t\t\t\n<style>\n#col-662819990 > .col-inner {\n  padding: 27px 0px 27px 0px;\n  border-radius: 15px;\n}\n<\/style>\n\t<\/div>\n\n\t\n\n<\/div>\n\n              <\/div>\n           <\/div>\n                            \n<style>\n#text-box-1884727097 {\n  width: 87%;\n}\n#text-box-1884727097 .text-box-content {\n  font-size: 100%;\n}\n@media (min-width:550px) {\n  #text-box-1884727097 {\n    width: 100%;\n  }\n}\n<\/style>\n    <\/div>\n \n\n        <\/div>\n      <\/div>\n\n            \n<style>\n#banner-1008561253 {\n  padding-top: 100%;\n  background-color: #004593;\n}\n#banner-1008561253 .bg.bg-loaded {\n  background-image: url(https:\/\/lealta.com.br\/landingpages\/bd_sms\/wp-content\/uploads\/2023\/10\/Tubes-shot_smaller.jpg);\n}\n#banner-1008561253 .overlay {\n  background-color: rgba(0, 0, 0, 0.453);\n}\n<\/style>\n  <\/div>\n\n\n\n","protected":false},"excerpt":{"rendered":"","protected":false},"author":1,"featured_media":0,"parent":0,"menu_order":0,"comment_status":"closed","ping_status":"closed","template":"page-blank.php","meta":{"inline_featured_image":false,"footnotes":""},"class_list":["post-1177","page","type-page","status-publish","hentry"],"_links":{"self":[{"href":"https:\/\/lealta.com.br\/landingpages\/bd_sms\/wp-json\/wp\/v2\/pages\/1177","targetHints":{"allow":["GET"]}}],"collection":[{"href":"https:\/\/lealta.com.br\/landingpages\/bd_sms\/wp-json\/wp\/v2\/pages"}],"about":[{"href":"https:\/\/lealta.com.br\/landingpages\/bd_sms\/wp-json\/wp\/v2\/types\/page"}],"author":[{"embeddable":true,"href":"https:\/\/lealta.com.br\/landingpages\/bd_sms\/wp-json\/wp\/v2\/users\/1"}],"replies":[{"embeddable":true,"href":"https:\/\/lealta.com.br\/landingpages\/bd_sms\/wp-json\/wp\/v2\/comments?post=1177"}],"version-history":[{"count":18,"href":"https:\/\/lealta.com.br\/landingpages\/bd_sms\/wp-json\/wp\/v2\/pages\/1177\/revisions"}],"predecessor-version":[{"id":1692,"href":"https:\/\/lealta.com.br\/landingpages\/bd_sms\/wp-json\/wp\/v2\/pages\/1177\/revisions\/1692"}],"wp:attachment":[{"href":"https:\/\/lealta.com.br\/landingpages\/bd_sms\/wp-json\/wp\/v2\/media?parent=1177"}],"curies":[{"name":"wp","href":"https:\/\/api.w.org\/{rel}","templated":true}]}}