{"id":1265,"date":"2023-10-31T13:23:57","date_gmt":"2023-10-31T16:23:57","guid":{"rendered":"https:\/\/lealta.com.br\/landingpages\/bd_sms\/?page_id=1265"},"modified":"2024-07-22T14:05:53","modified_gmt":"2024-07-22T17:05:53","slug":"fases-do-laboratorio-clinico","status":"publish","type":"page","link":"https:\/\/lealta.com.br\/landingpages\/bd_sms\/fases-do-laboratorio-clinico\/","title":{"rendered":"02 &#8211; Fases do Laborat\u00f3rio Cl\u00ednico"},"content":{"rendered":"\n\t<section class=\"section dark\" id=\"section_1007557278\">\n\t\t<div class=\"bg section-bg fill bg-fill  \" >\n\n\t\t\t\n\t\t\t<div class=\"section-bg-overlay absolute fill\"><\/div>\n\t\t\t\n\n\t\t<\/div>\n\n\t\t\n\t<div class=\"ux-shape-divider ux-shape-divider--bottom ux-shape-divider--style-waves-opacity-3\">\n\t\t<svg viewBox=\"0 0 1000 300\" xmlns=\"http:\/\/www.w3.org\/2000\/svg\" preserveAspectRatio=\"none\">\n\t<path class=\"ux-shape-fill\" opacity=\"0.05\" d=\"M1014 264V386H206L34 300C34 300 344.42 277.16 436 221C542 156 590 160 704 209C811 255 899.11 214.94 979 346L1014 264Z\"\/>\n\t<path class=\"ux-shape-fill\" opacity=\"0.1\" d=\"M-302 55C-302 55 -66.73 263.25 50 214C178 160 283 116 353 141C445.68 174.1 534.28 256.19 588 249C692.9 235 764.52 75.94 855 131C940.61 183.09 1000 254 1000 254V328L-306 338L-302 55Z\"\/>\n\t<path class=\"ux-shape-fill\" opacity=\"0.15\" d=\"M-286 255C-286 255 -72 152 52 126C176 100 255 155 436 227C581.57 284.91 614.7 277.79 708 227C787 184 1009 3.0001 1093 164C1146 265.63 1031 293 1031 293L924 377L-288 389L-286 255Z\"\/>\n\t<path class=\"ux-shape-fill\" opacity=\"0.3\" d=\"M-24 69C-24 69 275.68 370.66 389 314C397 310 622 316 673 356C690.47 369.7 845 224 890 182C944.8 130.85 1018 92 1078 143C1154.12 207.7 1196 242 1196 242L1184 374L-28 386L-24 69Z\"\/>\n\t<path class=\"ux-shape-fill\" d=\"M-12 201C-12 201 58 284 182 258C306 232 342.29 221.23 456 264C565 305 640.82 288.36 721 249C776 222 837.5 191.31 935 253C984 284 1030 279 1030 279L1024 430L-12 440V201Z\"\/>\n<\/svg>\n\t<\/div>\n\n\t\t<div class=\"section-content relative\">\n\t\t\t\n\n<div class=\"row\"  id=\"row-26692030\">\n\n\n\t<div id=\"col-331692768\" class=\"col medium-5 small-12 large-5\"  >\n\t\t\t\t<div class=\"col-inner\"  >\n\t\t\t\n\t\t\t\n\n\t<div id=\"text-2471431410\" class=\"text\">\n\t\t\n\n<h6><span style=\"color: #ffffff;\"><strong>Solu\u00e7\u00f5es Pr\u00e9-Anal\u00edticas<\/strong><\/span><\/h6>\n\t\t\n<style>\n#text-2471431410 {\n  color: rgb(255, 255, 255);\n}\n#text-2471431410 > * {\n  color: rgb(255, 255, 255);\n}\n<\/style>\n\t<\/div>\n\t\n\t<div id=\"text-913521679\" class=\"text\">\n\t\t\n\n<div class=\"page-header-title appear appeared\">\n<h1><span class=\"field field--name-title field--type-string field--label-hidden\">Fases do laborat\u00f3rio cl\u00ednico<\/span><\/h1>\n<\/div>\n<figure class=\"page-header-visual appear appeared\"><\/figure>\n\t\t\n<style>\n#text-913521679 {\n  font-size: 1.7rem;\n}\n<\/style>\n\t<\/div>\n\t\n\n\t\t<\/div>\n\t\t\t\t\n<style>\n#col-331692768 > .col-inner {\n  margin: 70px 0px 0px 0px;\n}\n<\/style>\n\t<\/div>\n\n\t\n\n\t<div id=\"col-2137881460\" class=\"col medium-7 small-12 large-7\"  >\n\t\t\t\t<div class=\"col-inner\"  >\n\t\t\t\n\t\t\t\n\n\t<div class=\"img has-hover x md-x lg-x y md-y lg-y\" id=\"image_377237997\">\n\t\t\t\t\t\t\t\t<div class=\"img-inner image-cover dark\" style=\"padding-top:251px;\">\n\t\t\t<img loading=\"lazy\" decoding=\"async\" width=\"600\" height=\"300\" src=\"https:\/\/lealta.com.br\/landingpages\/bd_sms\/wp-content\/uploads\/2022\/07\/transp.png\" class=\"attachment-large size-large\" alt=\"\" srcset=\"https:\/\/lealta.com.br\/landingpages\/bd_sms\/wp-content\/uploads\/2022\/07\/transp.png 600w, https:\/\/lealta.com.br\/landingpages\/bd_sms\/wp-content\/uploads\/2022\/07\/transp-300x150.png 300w\" sizes=\"auto, (max-width: 600px) 100vw, 600px\" \/>\t\t\t\t\t\t\t<div class=\"overlay\" style=\"background-color: rgba(155, 174, 255, 0.174)\"><\/div>\n\t\t\t\t\t\t\n\t\t\t\t\t<\/div>\n\t\t\t\t\t\t\t\t\n<style>\n#image_377237997 {\n  width: 81%;\n}\n<\/style>\n\t<\/div>\n\t\n\n\n\t\t<\/div>\n\t\t\t\t\n<style>\n#col-2137881460 > .col-inner {\n  margin: 156px 0px 0px -300px;\n}\n@media (min-width:550px) {\n  #col-2137881460 > .col-inner {\n    margin: 256px 0px 0px -181px;\n  }\n}\n<\/style>\n\t<\/div>\n\n\t\n\n\t<div id=\"col-1236815764\" class=\"col medium-7 small-12 large-7\"  >\n\t\t\t\t<div class=\"col-inner box-shadow-5\" style=\"background-color:rgb(255, 255, 255);\" >\n\t\t\t\n\t\t\t\n\n\t<div class=\"img has-hover x md-x lg-x y md-y lg-y\" id=\"image_2001251603\">\n\t\t\t\t\t\t\t\t<div class=\"img-inner box-shadow-3 dark\" >\n\t\t\t<img loading=\"lazy\" decoding=\"async\" width=\"2314\" height=\"1588\" src=\"https:\/\/lealta.com.br\/landingpages\/bd_sms\/wp-content\/uploads\/2024\/03\/Screenshot-2024-03-19-at-10.27.21.png\" class=\"attachment-original size-original\" alt=\"\" srcset=\"https:\/\/lealta.com.br\/landingpages\/bd_sms\/wp-content\/uploads\/2024\/03\/Screenshot-2024-03-19-at-10.27.21.png 2314w, https:\/\/lealta.com.br\/landingpages\/bd_sms\/wp-content\/uploads\/2024\/03\/Screenshot-2024-03-19-at-10.27.21-300x206.png 300w, https:\/\/lealta.com.br\/landingpages\/bd_sms\/wp-content\/uploads\/2024\/03\/Screenshot-2024-03-19-at-10.27.21-1024x703.png 1024w, https:\/\/lealta.com.br\/landingpages\/bd_sms\/wp-content\/uploads\/2024\/03\/Screenshot-2024-03-19-at-10.27.21-768x527.png 768w, https:\/\/lealta.com.br\/landingpages\/bd_sms\/wp-content\/uploads\/2024\/03\/Screenshot-2024-03-19-at-10.27.21-1536x1054.png 1536w, https:\/\/lealta.com.br\/landingpages\/bd_sms\/wp-content\/uploads\/2024\/03\/Screenshot-2024-03-19-at-10.27.21-2048x1405.png 2048w\" sizes=\"auto, (max-width: 2314px) 100vw, 2314px\" \/>\t\t\t\t\t\t\n\t\t\t\t\t<\/div>\n\t\t\t\t\t\t\t\t\n<style>\n#image_2001251603 {\n  width: 100%;\n}\n<\/style>\n\t<\/div>\n\t\n\n\n\t\t<\/div>\n\t\t\t\t\n<style>\n#col-1236815764 > .col-inner {\n  margin: -480px 0px 0px 0px;\n  border-radius: 20px;\n}\n@media (min-width:550px) {\n  #col-1236815764 > .col-inner {\n    margin: -435px 0px 0px 440px;\n  }\n}\n<\/style>\n\t<\/div>\n\n\t\n\n<\/div>\n\n\t\t<\/div>\n\n\t\t\n<style>\n#section_1007557278 {\n  padding-top: 0px;\n  padding-bottom: 0px;\n  background-color: #004593;\n}\n#section_1007557278 .section-bg-overlay {\n  background-color: rgba(49, 49, 49, 0.477);\n}\n#section_1007557278 .section-bg.bg-loaded {\n  background-image: url(https:\/\/lealta.com.br\/landingpages\/bd_sms\/wp-content\/uploads\/2024\/03\/Screenshot-2024-03-19-at-10.27.21.png);\n}\n#section_1007557278 .section-bg {\n  background-position: 36% 29%;\n}\n#section_1007557278 .ux-shape-divider--bottom svg {\n  height: 150px;\n  --divider-width: 100%;\n}\n<\/style>\n\t<\/section>\n\t\n\t<section class=\"section\" id=\"section_626011495\">\n\t\t<div class=\"bg section-bg fill bg-fill  bg-loaded\" >\n\n\t\t\t\n\t\t\t\n\t\t\t\n\n\t\t<\/div>\n\n\t\t\t<div class=\"ux-shape-divider ux-shape-divider--top ux-shape-divider--style-fan\">\n\t\t<svg viewBox=\"0 0 1000 100\" xmlns=\"http:\/\/www.w3.org\/2000\/svg\" preserveAspectRatio=\"none\">\n  <path class=\"ux-shape-fill\" d=\"M500 50L1067.25 102.5H-67.2466L500 50Z\"\/>\n  <path class=\"ux-shape-fill\" opacity=\"0.15\" d=\"M1011 2.70583L500 50.0001L-12 2.61328V105H1011V2.70583Z\"\/>\n  <path class=\"ux-shape-fill\" opacity=\"0.3\" d=\"M-13 50H1010V105H-13V50Z\"\/>\n<\/svg>\n\t<\/div>\n\n\n\t\t<div class=\"section-content relative\">\n\t\t\t\n\n<div class=\"row\"  id=\"row-827050595\">\n\n\n\t<div id=\"col-874781406\" class=\"col small-12 large-12\"  >\n\t\t\t\t<div class=\"col-inner text-center\"  >\n\t\t\t\n\t\t\t\n\n\t<div id=\"gap-376601217\" class=\"gap-element clearfix\" style=\"display:block; height:auto;\">\n\t\t\n<style>\n#gap-376601217 {\n  padding-top: 60px;\n}\n<\/style>\n\t<\/div>\n\t\n\n\t<div id=\"text-608777756\" class=\"text\">\n\t\t\n\n<p style=\"font-weight: 400; text-align: justify;\"><span style=\"font-size: 130%;\">No ambiente cl\u00ednico laboratorial, uma amostra passa por m\u00faltiplas fases antes de obter um resultado conclusivo. Cada etapa \u00e9 vital para garantir que os resultados sejam precisos e confi\u00e1veis. Vamos explorar mais detalhadamente cada uma dessas fases.<\/span><\/p>\n\t\t\n<style>\n#text-608777756 {\n  font-size: 1.25rem;\n}\n<\/style>\n\t<\/div>\n\t\n\t<div id=\"gap-103968871\" class=\"gap-element clearfix\" style=\"display:block; height:auto;\">\n\t\t\n<style>\n#gap-103968871 {\n  padding-top: 40px;\n}\n<\/style>\n\t<\/div>\n\t\n\n<h1 style=\"text-align: center;\"><span style=\"font-size: 150%; color: #0000ff;\"><strong>O processo laboratorial \u00e9 constitu\u00eddo por 3 fases:<\/strong><\/span><\/h1>\n<div class=\"row row-large align-bottom\"  id=\"row-1629189709\">\n\n\n\t<div id=\"col-1296445395\" class=\"col small-12 large-12\"  >\n\t\t\t\t<div class=\"col-inner text-center box-shadow-2 box-shadow-3-hover\" style=\"background-color:#004593;\" >\n\t\t\t\n\t\t\t\n\n<div class=\"row row-collapse align-middle\"  id=\"row-897345510\">\n\n\n\t<div id=\"col-190256279\" class=\"col medium-4 small-12 large-4\"  >\n\t\t\t\t<div class=\"col-inner dark\"  >\n\t\t\t\n\t\t\t\n\n\t<div class=\"box has-hover   has-hover box-text-bottom\" >\n\n\t\t<div class=\"box-image\" style=\"width:47%;\">\n\t\t\t\t\t\t<div class=\"\" >\n\t\t\t\t<img loading=\"lazy\" decoding=\"async\" width=\"2382\" height=\"2382\" src=\"https:\/\/lealta.com.br\/landingpages\/bd_sms\/wp-content\/uploads\/2024\/03\/Artboard-1-copy@4x.png\" class=\"attachment-original size-original\" alt=\"\" srcset=\"https:\/\/lealta.com.br\/landingpages\/bd_sms\/wp-content\/uploads\/2024\/03\/Artboard-1-copy@4x.png 2382w, https:\/\/lealta.com.br\/landingpages\/bd_sms\/wp-content\/uploads\/2024\/03\/Artboard-1-copy@4x-300x300.png 300w, https:\/\/lealta.com.br\/landingpages\/bd_sms\/wp-content\/uploads\/2024\/03\/Artboard-1-copy@4x-1024x1024.png 1024w, https:\/\/lealta.com.br\/landingpages\/bd_sms\/wp-content\/uploads\/2024\/03\/Artboard-1-copy@4x-150x150.png 150w, https:\/\/lealta.com.br\/landingpages\/bd_sms\/wp-content\/uploads\/2024\/03\/Artboard-1-copy@4x-768x768.png 768w, https:\/\/lealta.com.br\/landingpages\/bd_sms\/wp-content\/uploads\/2024\/03\/Artboard-1-copy@4x-1536x1536.png 1536w, https:\/\/lealta.com.br\/landingpages\/bd_sms\/wp-content\/uploads\/2024\/03\/Artboard-1-copy@4x-2048x2048.png 2048w\" sizes=\"auto, (max-width: 2382px) 100vw, 2382px\" \/>\t\t\t\t\t\t\t\t\t\t\t<\/div>\n\t\t\t\t\t<\/div>\n\n\t\t<div class=\"box-text text-center\" >\n\t\t\t<div class=\"box-text-inner\">\n\t\t\t\t\n\n\t<div id=\"text-1814129811\" class=\"text\">\n\t\t\n\n<h1><strong>Pr\u00e9-anal\u00edtica<\/strong><\/h1>\n\t\t\n<style>\n#text-1814129811 {\n  font-size: 1.4rem;\n}\n<\/style>\n\t<\/div>\n\t\n\n\t\t\t<\/div>\n\t\t<\/div>\n\t<\/div>\n\t\n\n\t\t<\/div>\n\t\t\t\t\t<\/div>\n\n\t\n\n\t<div id=\"col-1342114691\" class=\"col medium-8 small-12 large-8\"  >\n\t\t\t\t<div class=\"col-inner dark\"  >\n\t\t\t\n\t\t\t\n\n\t<div id=\"text-3772590388\" class=\"text\">\n\t\t\n\n<p style=\"font-weight: 400; text-align: justify;\"><span style=\"font-size: 120%; text-align: justify;\">Pode ser considerada a mais vulner\u00e1vel em termos de potenciais erros, visto que envolve uma s\u00e9rie de procedimentos que ocorrem antes mesmo da an\u00e1lise real da amostra. Engloba desde o momento em que \u00e9 decidido realizar um teste espec\u00edfico at\u00e9 o instante em que a amostra \u00e9 efetivamente processada no laborat\u00f3rio. Alguns dos procedimentos nesta fase incluem a escolha e prepara\u00e7\u00e3o do paciente, coleta da amostra, etiquetagem, transporte e prepara\u00e7\u00e3o da amostra para an\u00e1lise. Erros nesta fase podem advir de uma coleta inadequada, contamina\u00e7\u00e3o da amostra, transporte inadequado, entre outros fatores.<\/span><\/p>\n\t\t\n<style>\n#text-3772590388 {\n  font-size: 1.25rem;\n}\n<\/style>\n\t<\/div>\n\t\n\n\t\t<\/div>\n\t\t\t\t\t<\/div>\n\n\t\n\n<\/div>\n\n\t\t<\/div>\n\t\t\t\t\n<style>\n#col-1296445395 > .col-inner {\n  padding: 30px 30px 0px 0px;\n  border-radius: 28px;\n}\n<\/style>\n\t<\/div>\n\n\t\n\n\t<div id=\"col-447447779\" class=\"col small-12 large-12\"  >\n\t\t\t\t<div class=\"col-inner text-center box-shadow-2 box-shadow-3-hover\" style=\"background-color:#004593;\" >\n\t\t\t\n\t\t\t\n\n<div class=\"row row-collapse align-middle\"  id=\"row-714934603\">\n\n\n\t<div id=\"col-1169940568\" class=\"col medium-4 small-12 large-4\"  >\n\t\t\t\t<div class=\"col-inner dark\"  >\n\t\t\t\n\t\t\t\n\n\t<div class=\"box has-hover   has-hover box-text-bottom\" >\n\n\t\t<div class=\"box-image\" style=\"width:38%;\">\n\t\t\t\t\t\t<div class=\"\" >\n\t\t\t\t<img loading=\"lazy\" decoding=\"async\" width=\"128\" height=\"202\" src=\"https:\/\/lealta.com.br\/landingpages\/bd_sms\/wp-content\/uploads\/2023\/07\/Asset-2@2x.png\" class=\"attachment-original size-original\" alt=\"\" \/>\t\t\t\t\t\t\t\t\t\t\t<\/div>\n\t\t\t\t\t<\/div>\n\n\t\t<div class=\"box-text text-center\" >\n\t\t\t<div class=\"box-text-inner\">\n\t\t\t\t\n\n\t<div id=\"text-1762289842\" class=\"text\">\n\t\t\n\n<h1><strong>Anal\u00edtica<\/strong><\/h1>\n\t\t\n<style>\n#text-1762289842 {\n  font-size: 1.4rem;\n}\n<\/style>\n\t<\/div>\n\t\n\n\t\t\t<\/div>\n\t\t<\/div>\n\t<\/div>\n\t\n\n\t\t<\/div>\n\t\t\t\t\t<\/div>\n\n\t\n\n\t<div id=\"col-5471317\" class=\"col medium-8 small-12 large-8\"  >\n\t\t\t\t<div class=\"col-inner dark\"  >\n\t\t\t\n\t\t\t\n\n\t<div id=\"text-837059339\" class=\"text\">\n\t\t\n\n<p style=\"font-weight: 400; text-align: justify;\"><span style=\"font-size: 120%;\">Uma vez que a amostra chega ao laborat\u00f3rio e est\u00e1 pronta para an\u00e1lise, entra-se na fase anal\u00edtica. Esta fase envolve a an\u00e1lise real da amostra usando diferentes t\u00e9cnicas e equipamentos. \u00c9 essencial que os equipamentos estejam calibrados e que os reagentes estejam dentro do prazo de validade para garantir a precis\u00e3o dos resultados. Al\u00e9m disso, os profissionais que trabalham nesta fase precisam ser altamente treinados e competentes em suas fun\u00e7\u00f5es.<\/span><\/p>\n\t\t\n<style>\n#text-837059339 {\n  font-size: 1.25rem;\n}\n<\/style>\n\t<\/div>\n\t\n\n\t\t<\/div>\n\t\t\t\t\t<\/div>\n\n\t\n\n<\/div>\n\n\t\t<\/div>\n\t\t\t\t\n<style>\n#col-447447779 > .col-inner {\n  padding: 30px 30px 0px 0px;\n  border-radius: 28px;\n}\n<\/style>\n\t<\/div>\n\n\t\n\n\t<div id=\"col-811024524\" class=\"col small-12 large-12\"  >\n\t\t\t\t<div class=\"col-inner text-center box-shadow-2 box-shadow-3-hover\" style=\"background-color:#004593;\" >\n\t\t\t\n\t\t\t\n\n<div class=\"row row-collapse align-middle\"  id=\"row-928381374\">\n\n\n\t<div id=\"col-1045549948\" class=\"col medium-4 small-12 large-4\"  >\n\t\t\t\t<div class=\"col-inner dark\"  >\n\t\t\t\n\t\t\t\n\n\t<div class=\"box has-hover   has-hover box-text-bottom\" >\n\n\t\t<div class=\"box-image\" style=\"width:41%;\">\n\t\t\t\t\t\t<div class=\"\" >\n\t\t\t\t<img loading=\"lazy\" decoding=\"async\" width=\"158\" height=\"237\" src=\"https:\/\/lealta.com.br\/landingpages\/bd_sms\/wp-content\/uploads\/2023\/07\/Asset-3@2x.png\" class=\"attachment-original size-original\" alt=\"\" \/>\t\t\t\t\t\t\t\t\t\t\t<\/div>\n\t\t\t\t\t<\/div>\n\n\t\t<div class=\"box-text text-center\" >\n\t\t\t<div class=\"box-text-inner\">\n\t\t\t\t\n\n\t<div id=\"text-1846408698\" class=\"text\">\n\t\t\n\n<h1><strong>P\u00f3s-anal\u00edtica<\/strong><\/h1>\n\t\t\n<style>\n#text-1846408698 {\n  font-size: 1.4rem;\n}\n<\/style>\n\t<\/div>\n\t\n\n\t\t\t<\/div>\n\t\t<\/div>\n\t<\/div>\n\t\n\n\t\t<\/div>\n\t\t\t\t\t<\/div>\n\n\t\n\n\t<div id=\"col-1561820200\" class=\"col medium-8 small-12 large-8\"  >\n\t\t\t\t<div class=\"col-inner dark\"  >\n\t\t\t\n\t\t\t\n\n\t<div id=\"text-2204790258\" class=\"text\">\n\t\t\n\n<p style=\"font-weight: 400; text-align: justify;\"><span style=\"font-size: 120%;\">Ap\u00f3s a conclus\u00e3o da an\u00e1lise, entramos na fase p\u00f3s-anal\u00edtica. Aqui, os resultados s\u00e3o interpretados, documentados e comunicados aos profissionais de sa\u00fade pertinentes. Esta fase tamb\u00e9m inclui a compila\u00e7\u00e3o, armazenamento e eventual recupera\u00e7\u00e3o de resultados para refer\u00eancia futura. \u00c9 crucial que os resultados sejam comunicados de forma clara e precisa, pois qualquer mal-entendido pode levar a diagn\u00f3sticos e tratamentos inadequados.<\/span><\/p>\n\t\t\n<style>\n#text-2204790258 {\n  font-size: 1.25rem;\n}\n<\/style>\n\t<\/div>\n\t\n\n\t\t<\/div>\n\t\t\t\t\t<\/div>\n\n\t\n\n<\/div>\n\n\t\t<\/div>\n\t\t\t\t\n<style>\n#col-811024524 > .col-inner {\n  padding: 30px 30px 0px 0px;\n  border-radius: 28px;\n}\n<\/style>\n\t<\/div>\n\n\t\n\n<\/div>\n\t<div id=\"gap-675311414\" class=\"gap-element clearfix\" style=\"display:block; height:auto;\">\n\t\t\n<style>\n#gap-675311414 {\n  padding-top: 40px;\n}\n<\/style>\n\t<\/div>\n\t\n\n<div class=\"row\"  id=\"row-2081319001\">\n\n\n\t<div id=\"col-1335873395\" class=\"col small-12 large-12\"  >\n\t\t\t\t<div class=\"col-inner\"  >\n\t\t\t\n\t\t\t\n\n<h6>\u00a0<\/h6>\n<h6><span style=\"font-size: 180%;\"><strong>RECEP\u00c7\u00c3O\u00a0<\/strong><\/span><\/h6>\n<p><span style=\"font-size: 180%;\"><img loading=\"lazy\" decoding=\"async\" class=\"alignnone  wp-image-1579\" src=\"https:\/\/lealta.com.br\/landingpages\/bd_sms\/wp-content\/uploads\/2024\/03\/Asset-1@4x-300x285.png\" alt=\"\" width=\"34\" height=\"32\" srcset=\"https:\/\/lealta.com.br\/landingpages\/bd_sms\/wp-content\/uploads\/2024\/03\/Asset-1@4x-300x285.png 300w, https:\/\/lealta.com.br\/landingpages\/bd_sms\/wp-content\/uploads\/2024\/03\/Asset-1@4x.png 466w\" sizes=\"auto, (max-width: 34px) 100vw, 34px\" \/><\/span><\/p>\n<h6><span style=\"font-size: 180%;\"><strong>COLETA DE SANGUE<\/strong><\/span><\/h6>\n<h6><span style=\"font-size: 180%;\"><img loading=\"lazy\" decoding=\"async\" class=\"alignnone  wp-image-1579\" src=\"https:\/\/lealta.com.br\/landingpages\/bd_sms\/wp-content\/uploads\/2024\/03\/Asset-1@4x-300x285.png\" alt=\"\" width=\"34\" height=\"32\" srcset=\"https:\/\/lealta.com.br\/landingpages\/bd_sms\/wp-content\/uploads\/2024\/03\/Asset-1@4x-300x285.png 300w, https:\/\/lealta.com.br\/landingpages\/bd_sms\/wp-content\/uploads\/2024\/03\/Asset-1@4x.png 466w\" sizes=\"auto, (max-width: 34px) 100vw, 34px\" \/><\/span><\/h6>\n<h6><span style=\"font-size: 180%;\"><strong>Transporte da amostra ao laborat\u00f3rio<\/strong><\/span><\/h6>\n<h6><span style=\"font-size: 180%;\"><img loading=\"lazy\" decoding=\"async\" class=\"alignnone  wp-image-1579\" src=\"https:\/\/lealta.com.br\/landingpages\/bd_sms\/wp-content\/uploads\/2024\/03\/Asset-1@4x-300x285.png\" alt=\"\" width=\"34\" height=\"32\" srcset=\"https:\/\/lealta.com.br\/landingpages\/bd_sms\/wp-content\/uploads\/2024\/03\/Asset-1@4x-300x285.png 300w, https:\/\/lealta.com.br\/landingpages\/bd_sms\/wp-content\/uploads\/2024\/03\/Asset-1@4x.png 466w\" sizes=\"auto, (max-width: 34px) 100vw, 34px\" \/><\/span><\/h6>\n<h6><span style=\"font-size: 180%;\"><strong>Recebimento da amostra<\/strong><\/span><\/h6>\n<h6><span style=\"font-size: 180%;\"><img loading=\"lazy\" decoding=\"async\" class=\"alignnone  wp-image-1579\" src=\"https:\/\/lealta.com.br\/landingpages\/bd_sms\/wp-content\/uploads\/2024\/03\/Asset-1@4x-300x285.png\" alt=\"\" width=\"34\" height=\"32\" srcset=\"https:\/\/lealta.com.br\/landingpages\/bd_sms\/wp-content\/uploads\/2024\/03\/Asset-1@4x-300x285.png 300w, https:\/\/lealta.com.br\/landingpages\/bd_sms\/wp-content\/uploads\/2024\/03\/Asset-1@4x.png 466w\" sizes=\"auto, (max-width: 34px) 100vw, 34px\" \/><\/span><\/h6>\n<h6><span style=\"font-size: 180%;\"><strong>Preparo da amostra para o teste<\/strong><\/span><\/h6>\n<h6><span style=\"font-size: 180%;\"><img loading=\"lazy\" decoding=\"async\" class=\"alignnone  wp-image-1579\" src=\"https:\/\/lealta.com.br\/landingpages\/bd_sms\/wp-content\/uploads\/2024\/03\/Asset-1@4x-300x285.png\" alt=\"\" width=\"34\" height=\"32\" srcset=\"https:\/\/lealta.com.br\/landingpages\/bd_sms\/wp-content\/uploads\/2024\/03\/Asset-1@4x-300x285.png 300w, https:\/\/lealta.com.br\/landingpages\/bd_sms\/wp-content\/uploads\/2024\/03\/Asset-1@4x.png 466w\" sizes=\"auto, (max-width: 34px) 100vw, 34px\" \/><\/span><\/h6>\n<h6><span style=\"font-size: 180%;\"><strong>Transporte pda amostra para o setor t\u00e9cnico<\/strong><\/span><\/h6>\n<p>\u00a0<\/p>\n<h6>\u00a0<\/h6>\n\n\t\t<\/div>\n\t\t\t\t\t<\/div>\n\n\t\n\n<\/div>\n\t<div id=\"text-1966020474\" class=\"text\">\n\t\t\n\n<p style=\"font-weight: 400; text-align: justify;\"><span style=\"font-size: 130%;\">Para garantir a confiabilidade e precis\u00e3o dos resultados laboratoriais, \u00e9 imperativo que cada fase do processo seja conduzida com o m\u00e1ximo cuidado e aten\u00e7\u00e3o. Qualquer erro, mesmo que pequeno, em uma das fases, pode comprometer a integridade de todo o teste.<\/span><\/p>\n<p style=\"font-weight: 400; text-align: left;\"><span style=\"font-size: 70%;\"><em>Refer\u00eancia: Clinical Laboratory Standards Institute (CLSI).<\/em><\/span><\/p>\n\t\t\n<style>\n#text-1966020474 {\n  font-size: 1.25rem;\n}\n<\/style>\n\t<\/div>\n\t\n\t<div id=\"gap-1291123270\" class=\"gap-element clearfix\" style=\"display:block; height:auto;\">\n\t\t\n<style>\n#gap-1291123270 {\n  padding-top: 80px;\n}\n<\/style>\n\t<\/div>\n\t\n\n\n\t\t<\/div>\n\t\t\t\t\t<\/div>\n\n\t\n\n<\/div>\n\n\t\t<\/div>\n\n\t\t\n<style>\n#section_626011495 {\n  padding-top: 100px;\n  padding-bottom: 100px;\n  background-color: rgb(255,255,255);\n}\n#section_626011495 .ux-shape-divider--top svg {\n  height: 215px;\n  --divider-top-width: 100%;\n}\n@media (min-width:550px) {\n  #section_626011495 {\n    padding-top: 40px;\n    padding-bottom: 40px;\n  }\n}\n<\/style>\n\t<\/section>\n\t\n\t<div id=\"gap-1158342512\" class=\"gap-element clearfix\" style=\"display:block; height:auto;\">\n\t\t\n<style>\n#gap-1158342512 {\n  padding-top: 80px;\n}\n<\/style>\n\t<\/div>\n\t\n\n\n","protected":false},"excerpt":{"rendered":"","protected":false},"author":1,"featured_media":0,"parent":0,"menu_order":0,"comment_status":"closed","ping_status":"closed","template":"page-blank.php","meta":{"inline_featured_image":false,"footnotes":""},"class_list":["post-1265","page","type-page","status-publish","hentry"],"_links":{"self":[{"href":"https:\/\/lealta.com.br\/landingpages\/bd_sms\/wp-json\/wp\/v2\/pages\/1265","targetHints":{"allow":["GET"]}}],"collection":[{"href":"https:\/\/lealta.com.br\/landingpages\/bd_sms\/wp-json\/wp\/v2\/pages"}],"about":[{"href":"https:\/\/lealta.com.br\/landingpages\/bd_sms\/wp-json\/wp\/v2\/types\/page"}],"author":[{"embeddable":true,"href":"https:\/\/lealta.com.br\/landingpages\/bd_sms\/wp-json\/wp\/v2\/users\/1"}],"replies":[{"embeddable":true,"href":"https:\/\/lealta.com.br\/landingpages\/bd_sms\/wp-json\/wp\/v2\/comments?post=1265"}],"version-history":[{"count":15,"href":"https:\/\/lealta.com.br\/landingpages\/bd_sms\/wp-json\/wp\/v2\/pages\/1265\/revisions"}],"predecessor-version":[{"id":1652,"href":"https:\/\/lealta.com.br\/landingpages\/bd_sms\/wp-json\/wp\/v2\/pages\/1265\/revisions\/1652"}],"wp:attachment":[{"href":"https:\/\/lealta.com.br\/landingpages\/bd_sms\/wp-json\/wp\/v2\/media?parent=1265"}],"curies":[{"name":"wp","href":"https:\/\/api.w.org\/{rel}","templated":true}]}}