{"id":1283,"date":"2023-10-31T14:19:56","date_gmt":"2023-10-31T17:19:56","guid":{"rendered":"https:\/\/lealta.com.br\/landingpages\/bd_sms\/?page_id=1283"},"modified":"2024-07-22T14:10:44","modified_gmt":"2024-07-22T17:10:44","slug":"ordem-de-coleta-de-tubos","status":"publish","type":"page","link":"https:\/\/lealta.com.br\/landingpages\/bd_sms\/ordem-de-coleta-de-tubos\/","title":{"rendered":"05 &#8211; Ordem de Coleta de Tubos"},"content":{"rendered":"\n\t<section class=\"section dark\" id=\"section_1667231036\">\n\t\t<div class=\"bg section-bg fill bg-fill  \" >\n\n\t\t\t\n\t\t\t<div class=\"section-bg-overlay absolute fill\"><\/div>\n\t\t\t\n\n\t\t<\/div>\n\n\t\t\n\t<div class=\"ux-shape-divider ux-shape-divider--bottom ux-shape-divider--style-waves-opacity-3\">\n\t\t<svg viewBox=\"0 0 1000 300\" xmlns=\"http:\/\/www.w3.org\/2000\/svg\" preserveAspectRatio=\"none\">\n\t<path class=\"ux-shape-fill\" opacity=\"0.05\" d=\"M1014 264V386H206L34 300C34 300 344.42 277.16 436 221C542 156 590 160 704 209C811 255 899.11 214.94 979 346L1014 264Z\"\/>\n\t<path class=\"ux-shape-fill\" opacity=\"0.1\" d=\"M-302 55C-302 55 -66.73 263.25 50 214C178 160 283 116 353 141C445.68 174.1 534.28 256.19 588 249C692.9 235 764.52 75.94 855 131C940.61 183.09 1000 254 1000 254V328L-306 338L-302 55Z\"\/>\n\t<path class=\"ux-shape-fill\" opacity=\"0.15\" d=\"M-286 255C-286 255 -72 152 52 126C176 100 255 155 436 227C581.57 284.91 614.7 277.79 708 227C787 184 1009 3.0001 1093 164C1146 265.63 1031 293 1031 293L924 377L-288 389L-286 255Z\"\/>\n\t<path class=\"ux-shape-fill\" opacity=\"0.3\" d=\"M-24 69C-24 69 275.68 370.66 389 314C397 310 622 316 673 356C690.47 369.7 845 224 890 182C944.8 130.85 1018 92 1078 143C1154.12 207.7 1196 242 1196 242L1184 374L-28 386L-24 69Z\"\/>\n\t<path class=\"ux-shape-fill\" d=\"M-12 201C-12 201 58 284 182 258C306 232 342.29 221.23 456 264C565 305 640.82 288.36 721 249C776 222 837.5 191.31 935 253C984 284 1030 279 1030 279L1024 430L-12 440V201Z\"\/>\n<\/svg>\n\t<\/div>\n\n\t\t<div class=\"section-content relative\">\n\t\t\t\n\n<div class=\"row\"  id=\"row-773000948\">\n\n\n\t<div id=\"col-1275471633\" class=\"col medium-5 small-12 large-5\"  >\n\t\t\t\t<div class=\"col-inner\"  >\n\t\t\t\n\t\t\t\n\n\t<div id=\"text-3349717725\" class=\"text\">\n\t\t\n\n<h6><span style=\"color: #ffffff;\"><strong>Solu\u00e7\u00f5es Pr\u00e9-Anal\u00edticas<\/strong><\/span><\/h6>\n\t\t\n<style>\n#text-3349717725 {\n  color: rgb(255, 255, 255);\n}\n#text-3349717725 > * {\n  color: rgb(255, 255, 255);\n}\n<\/style>\n\t<\/div>\n\t\n\t<div id=\"text-4282031476\" class=\"text\">\n\t\t\n\n<div class=\"page-header-title appear appeared\">\n<h1><span class=\"field field--name-title field--type-string field--label-hidden\">Ordem de Coleta<br \/>de Tubos<\/span><\/h1>\n<\/div>\n<figure class=\"page-header-visual appear appeared\"><\/figure>\n\t\t\n<style>\n#text-4282031476 {\n  font-size: 1.7rem;\n}\n<\/style>\n\t<\/div>\n\t\n\n\t\t<\/div>\n\t\t\t\t\n<style>\n#col-1275471633 > .col-inner {\n  margin: 70px 0px 0px 0px;\n}\n<\/style>\n\t<\/div>\n\n\t\n\n\t<div id=\"col-388429832\" class=\"col medium-7 small-12 large-7\"  >\n\t\t\t\t<div class=\"col-inner\"  >\n\t\t\t\n\t\t\t\n\n\t<div class=\"img has-hover x md-x lg-x y md-y lg-y\" id=\"image_344273438\">\n\t\t\t\t\t\t\t\t<div class=\"img-inner image-cover dark\" style=\"padding-top:251px;\">\n\t\t\t<img loading=\"lazy\" decoding=\"async\" width=\"600\" height=\"300\" src=\"https:\/\/lealta.com.br\/landingpages\/bd_sms\/wp-content\/uploads\/2022\/07\/transp.png\" class=\"attachment-large size-large\" alt=\"\" srcset=\"https:\/\/lealta.com.br\/landingpages\/bd_sms\/wp-content\/uploads\/2022\/07\/transp.png 600w, https:\/\/lealta.com.br\/landingpages\/bd_sms\/wp-content\/uploads\/2022\/07\/transp-300x150.png 300w\" sizes=\"auto, (max-width: 600px) 100vw, 600px\" \/>\t\t\t\t\t\t\t<div class=\"overlay\" style=\"background-color: rgba(155, 174, 255, 0.174)\"><\/div>\n\t\t\t\t\t\t\n\t\t\t\t\t<\/div>\n\t\t\t\t\t\t\t\t\n<style>\n#image_344273438 {\n  width: 81%;\n}\n<\/style>\n\t<\/div>\n\t\n\n\n\t\t<\/div>\n\t\t\t\t\n<style>\n#col-388429832 > .col-inner {\n  margin: 156px 0px 0px -300px;\n}\n@media (min-width:550px) {\n  #col-388429832 > .col-inner {\n    margin: 256px 0px 0px -181px;\n  }\n}\n<\/style>\n\t<\/div>\n\n\t\n\n\t<div id=\"col-1179111197\" class=\"col medium-7 small-12 large-7\"  >\n\t\t\t\t<div class=\"col-inner box-shadow-5\" style=\"background-color:rgb(255, 255, 255);\" >\n\t\t\t\n\t\t\t\n\n\t<div class=\"img has-hover x md-x lg-x y md-y lg-y\" id=\"image_1596925132\">\n\t\t\t\t\t\t\t\t<div class=\"img-inner image-cover box-shadow-3 dark\" style=\"padding-top:56.25%;\">\n\t\t\t<img loading=\"lazy\" decoding=\"async\" width=\"1181\" height=\"1181\" src=\"https:\/\/lealta.com.br\/landingpages\/bd_sms\/wp-content\/uploads\/2024\/03\/tube_fan_f_002-2048x2048-1.jpeg\" class=\"attachment-original size-original\" alt=\"\" srcset=\"https:\/\/lealta.com.br\/landingpages\/bd_sms\/wp-content\/uploads\/2024\/03\/tube_fan_f_002-2048x2048-1.jpeg 1181w, https:\/\/lealta.com.br\/landingpages\/bd_sms\/wp-content\/uploads\/2024\/03\/tube_fan_f_002-2048x2048-1-300x300.jpeg 300w, https:\/\/lealta.com.br\/landingpages\/bd_sms\/wp-content\/uploads\/2024\/03\/tube_fan_f_002-2048x2048-1-1024x1024.jpeg 1024w, https:\/\/lealta.com.br\/landingpages\/bd_sms\/wp-content\/uploads\/2024\/03\/tube_fan_f_002-2048x2048-1-150x150.jpeg 150w, https:\/\/lealta.com.br\/landingpages\/bd_sms\/wp-content\/uploads\/2024\/03\/tube_fan_f_002-2048x2048-1-768x768.jpeg 768w\" sizes=\"auto, (max-width: 1181px) 100vw, 1181px\" \/>\t\t\t\t\t\t\n\t\t\t\t\t<\/div>\n\t\t\t\t\t\t\t\t\n<style>\n#image_1596925132 {\n  width: 100%;\n}\n<\/style>\n\t<\/div>\n\t\n\n\n\t\t<\/div>\n\t\t\t\t\n<style>\n#col-1179111197 > .col-inner {\n  margin: -480px 0px 0px 0px;\n  border-radius: 20px;\n}\n@media (min-width:550px) {\n  #col-1179111197 > .col-inner {\n    margin: -435px 0px 0px 440px;\n  }\n}\n<\/style>\n\t<\/div>\n\n\t\n\n<\/div>\n\n\t\t<\/div>\n\n\t\t\n<style>\n#section_1667231036 {\n  padding-top: 0px;\n  padding-bottom: 0px;\n  background-color: #004593;\n}\n#section_1667231036 .section-bg-overlay {\n  background-color: rgba(0, 48, 102, 0.686);\n}\n#section_1667231036 .section-bg.bg-loaded {\n  background-image: url(https:\/\/lealta.com.br\/landingpages\/bd_sms\/wp-content\/uploads\/2024\/03\/tube_fan_f_002-2048x2048-1.jpeg);\n}\n#section_1667231036 .section-bg {\n  background-position: 46% 50%;\n}\n#section_1667231036 .ux-shape-divider--bottom svg {\n  height: 150px;\n  --divider-width: 100%;\n}\n#section_1667231036 .ux-shape-divider--bottom .ux-shape-fill {\n  fill: rgb(245, 245, 245);\n}\n<\/style>\n\t<\/section>\n\t\n\t<section class=\"section\" id=\"section_1691547634\">\n\t\t<div class=\"bg section-bg fill bg-fill  bg-loaded\" >\n\n\t\t\t\n\t\t\t\n\t\t\t\n\n\t\t<\/div>\n\n\t\t\n\n\t\t<div class=\"section-content relative\">\n\t\t\t\n\n<div class=\"row row-large align-center\"  id=\"row-130856284\">\n\n\n\t<div id=\"col-893051563\" class=\"col small-12 large-12\"  >\n\t\t\t\t<div class=\"col-inner\"  >\n\t\t\t\n\t\t\t\n\n<h1 style=\"text-align: center;\"><span style=\"font-size: 150%; color: #0000ff;\"><strong>Garantindo Precis\u00e3o e Evitando Contamina\u00e7\u00e3o<\/span><\/strong><\/h1>\n<p style=\"font-weight: 400; text-align: justify;\"><span style=\"font-size: 130%;\">No universo da coleta de amostras de sangue, o sequenciamento dos tubos pode parecer um detalhe menor, mas, na realidade, desempenha um papel crucial para garantir a qualidade e precis\u00e3o dos resultados. A ordem de coleta dos tubos \u00e9 meticulosamente estabelecida para prevenir a contamina\u00e7\u00e3o cruzada entre diferentes aditivos presentes nos tubos.<\/span><\/p>\n<p>\u00a0<\/p>\n<h1 style=\"text-align: center;\"><span style=\"font-size: 150%; color: #0000ff;\"><strong>Import\u00e2ncia da Ordem Correta<\/strong><\/span><\/h1>\n<p style=\"font-weight: 400; text-align: justify;\"><span style=\"font-size: 130%;\">A coleta de tubos na sequ\u00eancia inadequada pode levar \u00e0 transfer\u00eancia de pequenas quantidades de um aditivo para outro tubo, o que, por sua vez, pode afetar adversamente os resultados dos testes. Al\u00e9m disso, a coleta fora de sequ\u00eancia pode resultar em tempo de coagula\u00e7\u00e3o inadequado ou hem\u00f3lise da amostra, tornando-a impr\u00f3pria para an\u00e1lise.<\/span><\/p>\n\n\t\t<\/div>\n\t\t\t\t\t<\/div>\n\n\t\n\n<\/div>\n<div class=\"row align-equal align-center\"  id=\"row-2092550933\">\n\n\n\t<div id=\"col-1313689782\" class=\"col small-12 large-12\"  >\n\t\t\t\t<div class=\"col-inner\"  >\n\t\t\t\n\t\t\t\n\n\t<div id=\"ux-lottie-4188707892\" class=\"ux-lottie\" >\n\t\t\t\t<lottie-player class=\"ux-lottie__player\" data-params=\"{&quot;src&quot;:&quot;https:\\\/\\\/lealta.com.br\\\/landingpages\\\/bd_sms\\\/wp-content\\\/uploads\\\/2023\\\/12\\\/Blood-Test-Bottle.json&quot;,&quot;loop&quot;:true,&quot;autoplay&quot;:true,&quot;controls&quot;:false,&quot;speed&quot;:&quot;1&quot;,&quot;direction&quot;:1,&quot;trigger&quot;:&quot;&quot;,&quot;mouseout&quot;:&quot;&quot;,&quot;start&quot;:0,&quot;end&quot;:100,&quot;scrollActionType&quot;:&quot;seek&quot;,&quot;visibilityStart&quot;:0,&quot;visibilityEnd&quot;:100,&quot;id&quot;:&quot;ux-lottie-4188707892&quot;}\" ><\/lottie-player>\n\t\t\t\t\n<style>\n#ux-lottie-4188707892 {\n  width: 100%;\n  height: 300px;\n}\n#ux-lottie-4188707892 .ux-lottie__player {\n  padding: 0px 0px 0px 0px;\n}\n<\/style>\n\t<\/div>\n\t\n\n\n\t\t<\/div>\n\t\t\t\t\n<style>\n#col-1313689782 > .col-inner {\n  margin: -62px 0px -88px 0px;\n}\n<\/style>\n\t<\/div>\n\n\t\n\n\t<div id=\"col-1795448665\" class=\"col medium-7 small-12 large-7\"  >\n\t\t\t\t<div class=\"col-inner text-center box-shadow-2 box-shadow-3-hover\" style=\"background-color:rgb(0, 44, 209);\" >\n\t\t\t\n\t\t\t\n\n\t<div id=\"text-3458750456\" class=\"text\">\n\t\t\n\n<h1><strong><span style=\"color: #ffffff;\">01<\/span><\/strong><\/h1>\n\t\t\n<style>\n#text-3458750456 {\n  font-size: 2.6rem;\n  text-align: left;\n}\n<\/style>\n\t<\/div>\n\t\n\t<div id=\"text-4208621030\" class=\"text\">\n\t\t\n\n<p style=\"text-align: left;\"><span style=\"font-size: 130%;\"><strong>Frascos de Hemocultura<\/strong><\/span><\/p>\n<p style=\"text-align: left;\"><span style=\"font-size: 130%;\">Esses tubos s\u00e3o frequentemente usados para exames microbiol\u00f3gicos, como hemoculturas. S\u00e3o coletados primeiro para evitar a contamina\u00e7\u00e3o da amostra com aditivos de outros tubos.<\/span><\/p>\n\n\t\t\n<style>\n#text-4208621030 {\n  font-size: 1.25rem;\n  color: rgb(255, 255, 255);\n}\n#text-4208621030 > * {\n  color: rgb(255, 255, 255);\n}\n<\/style>\n\t<\/div>\n\t\n\n\t\t<\/div>\n\t\t\t\t\n<style>\n#col-1795448665 > .col-inner {\n  padding: 40px 20px 20px 20px;\n  border-radius: 25px;\n}\n<\/style>\n\t<\/div>\n\n\t\n\n\t<div id=\"col-1576269706\" class=\"col medium-5 small-12 large-5\"  >\n\t\t\t\t<div class=\"col-inner text-center box-shadow-2 box-shadow-3-hover\" style=\"background-color:rgb(0, 44, 209);\" >\n\t\t\t\n\t\t\t\n\n\t<div id=\"text-2372539271\" class=\"text\">\n\t\t\n\n<h1><strong><span style=\"color: #ffffff;\">02<\/span><\/strong><\/h1>\n\t\t\n<style>\n#text-2372539271 {\n  font-size: 2.6rem;\n  text-align: left;\n}\n<\/style>\n\t<\/div>\n\t\n\t<div id=\"text-788765494\" class=\"text\">\n\t\t\n\n<p style=\"text-align: left;\"><span style=\"font-size: 130%;\"><strong>\tTubos de Citrato<\/strong><\/span><\/p>\n<p style=\"text-align: left;\"><span style=\"font-size: 130%;\">Estes s\u00e3o azuis e cont\u00eam citrato de s\u00f3dio, um anticoagulante. Geralmente s\u00e3o utilizados para testes de coagula\u00e7\u00e3o.<\/span><\/p>\n\t\t\n<style>\n#text-788765494 {\n  font-size: 1.25rem;\n  color: rgb(255, 255, 255);\n}\n#text-788765494 > * {\n  color: rgb(255, 255, 255);\n}\n<\/style>\n\t<\/div>\n\t\n\n\t\t<\/div>\n\t\t\t\t\n<style>\n#col-1576269706 > .col-inner {\n  padding: 40px 20px 20px 20px;\n  border-radius: 25px;\n}\n<\/style>\n\t<\/div>\n\n\t\n\n\t<div id=\"col-953324903\" class=\"col medium-6 small-12 large-6\"  >\n\t\t\t\t<div class=\"col-inner text-center box-shadow-2 box-shadow-3-hover\" style=\"background-color:rgb(0, 44, 209);\" >\n\t\t\t\n\t\t\t\n\n\t<div id=\"text-3133681532\" class=\"text\">\n\t\t\n\n<h1><strong><span style=\"color: #ffffff;\">03<\/span><\/strong><\/h1>\n\t\t\n<style>\n#text-3133681532 {\n  font-size: 2.6rem;\n  text-align: left;\n}\n<\/style>\n\t<\/div>\n\t\n\t<div id=\"text-2004978155\" class=\"text\">\n\t\t\n\n<p style=\"text-align: left;\"><span style=\"font-size: 130%;\"><strong>\tTubos de EDTA<\/strong><\/span><\/p>\n<p style=\"text-align: left;\"><span style=\"font-size: 130%;\">Reconhecidos pela tampa roxa ou lavanda, estes tubos cont\u00eam o anticoagulante EDTA. S\u00e3o comumente usados para hemogramas e outros exames hematol\u00f3gicos.<\/span><\/p>\n\t\t\n<style>\n#text-2004978155 {\n  font-size: 1.25rem;\n  color: rgb(255, 255, 255);\n}\n#text-2004978155 > * {\n  color: rgb(255, 255, 255);\n}\n<\/style>\n\t<\/div>\n\t\n\n\t\t<\/div>\n\t\t\t\t\n<style>\n#col-953324903 > .col-inner {\n  padding: 40px 20px 20px 20px;\n  border-radius: 25px;\n}\n<\/style>\n\t<\/div>\n\n\t\n\n\t<div id=\"col-1271129491\" class=\"col medium-6 small-12 large-6\"  >\n\t\t\t\t<div class=\"col-inner text-center box-shadow-2 box-shadow-3-hover\" style=\"background-color:rgb(0, 44, 209);\" >\n\t\t\t\n\t\t\t\n\n\t<div id=\"text-3132018554\" class=\"text\">\n\t\t\n\n<h1><strong><span style=\"color: #ffffff;\">04<\/span><\/strong><\/h1>\n\t\t\n<style>\n#text-3132018554 {\n  font-size: 2.6rem;\n  text-align: left;\n}\n<\/style>\n\t<\/div>\n\t\n\t<div id=\"text-4217229437\" class=\"text\">\n\t\t\n\n<p style=\"text-align: left;\"><span style=\"font-size: 130%;\"><strong>\tTubos de Heparina<\/strong><\/span><\/p>\n<p style=\"text-align: left;\"><span style=\"font-size: 130%;\">Com uma tampa verde, estes tubos cont\u00eam heparina e s\u00e3o frequentemente usados para qu\u00edmicas do sangue, como eletr\u00f3litos ou enzimas.<\/span><\/p>\n\t\t\n<style>\n#text-4217229437 {\n  font-size: 1.25rem;\n  color: rgb(255, 255, 255);\n}\n#text-4217229437 > * {\n  color: rgb(255, 255, 255);\n}\n<\/style>\n\t<\/div>\n\t\n\n\t\t<\/div>\n\t\t\t\t\n<style>\n#col-1271129491 > .col-inner {\n  padding: 40px 20px 20px 20px;\n  border-radius: 25px;\n}\n<\/style>\n\t<\/div>\n\n\t\n\n\t<div id=\"col-71330126\" class=\"col small-12 large-12\"  >\n\t\t\t\t<div class=\"col-inner text-center box-shadow-2 box-shadow-3-hover\" style=\"background-color:rgb(0, 44, 209);\" >\n\t\t\t\n\t\t\t\n\n\t<div id=\"text-2336598706\" class=\"text\">\n\t\t\n\n<h1><strong><span style=\"color: #ffffff;\">05<\/span><\/strong><\/h1>\n\n\t\t\n<style>\n#text-2336598706 {\n  font-size: 2.6rem;\n  text-align: left;\n}\n<\/style>\n\t<\/div>\n\t\n\t<div id=\"text-2630216055\" class=\"text\">\n\t\t\n\n<p style=\"text-align: left;\"><span style=\"font-size: 130%;\"><strong> Tubo BD Vacutainer Fluoreto<\/strong><\/span><\/p>\n<p style=\"text-align: left;\"><span style=\"font-size: 130%;\">Utilizados para dosagem de glicose e lactato no plasma. Possuem Fluoreto de S\u00f3dio (NaF) como inibidor glicol\u00edtico e o anticoagulante EDTA, que preserva a morfologia celular mantendo a qualidade da amostra (EDTANa2).<br \/><br \/><\/span><\/p>\n\t\t\n<style>\n#text-2630216055 {\n  font-size: 1.25rem;\n  color: rgb(255, 255, 255);\n}\n#text-2630216055 > * {\n  color: rgb(255, 255, 255);\n}\n<\/style>\n\t<\/div>\n\t\n\n\t\t<\/div>\n\t\t\t\t\n<style>\n#col-71330126 > .col-inner {\n  padding: 40px 20px 20px 20px;\n  border-radius: 25px;\n}\n<\/style>\n\t<\/div>\n\n\t\n\n<\/div>\n<div class=\"row row-collapse\"  id=\"row-159816826\">\n\n\n\t<div id=\"col-391960679\" class=\"col small-12 large-12\"  >\n\t\t\t\t<div class=\"col-inner\"  >\n\t\t\t\n\t\t\t\n\n<p style=\"font-weight: 400; text-align: justify;\"><span style=\"font-size: 130%;\">\u00c9 fundamental notar que a ordem pode variar com base nos procedimentos locais, nos tipos de testes solicitados e nos fabricantes dos tubos. Portanto, sempre \u00e9 aconselh\u00e1vel referir-se \u00e0s diretrizes espec\u00edficas do laborat\u00f3rio ou do fabricante dos tubos.<\/span><\/p>\n<p style=\"font-weight: 400; text-align: justify;\"><span style=\"font-size: 130%;\">A observ\u00e2ncia estrita da ordem de coleta dos tubos \u00e9 uma etapa essencial para garantir a confiabilidade dos resultados dos testes laboratoriais. Erros nesta etapa inicial podem ter implica\u00e7\u00f5es significativas, levando a diagn\u00f3sticos imprecisos e potencialmente tratamentos inadequados.<\/span><\/p>\n<p style=\"font-weight: 400; text-align: center;\"><span style=\"font-size: 75%;\"><em>Refer\u00eancia: Phlebotomy: Worktext and Procedures Manual, 4th Edition.<\/em><\/span><\/p>\n\n\t\t<\/div>\n\t\t\t\t\n<style>\n#col-391960679 > .col-inner {\n  padding: 55px 0px 0px 0px;\n}\n<\/style>\n\t<\/div>\n\n\t\n\n<\/div>\n\n\t\t<\/div>\n\n\t\t\n<style>\n#section_1691547634 {\n  padding-top: 100px;\n  padding-bottom: 100px;\n  background-color: rgb(245, 245, 245);\n}\n@media (min-width:550px) {\n  #section_1691547634 {\n    padding-top: 80px;\n    padding-bottom: 80px;\n  }\n}\n<\/style>\n\t<\/section>\n\t\n\n","protected":false},"excerpt":{"rendered":"","protected":false},"author":1,"featured_media":0,"parent":0,"menu_order":0,"comment_status":"closed","ping_status":"closed","template":"page-blank.php","meta":{"inline_featured_image":false,"footnotes":""},"class_list":["post-1283","page","type-page","status-publish","hentry"],"_links":{"self":[{"href":"https:\/\/lealta.com.br\/landingpages\/bd_sms\/wp-json\/wp\/v2\/pages\/1283","targetHints":{"allow":["GET"]}}],"collection":[{"href":"https:\/\/lealta.com.br\/landingpages\/bd_sms\/wp-json\/wp\/v2\/pages"}],"about":[{"href":"https:\/\/lealta.com.br\/landingpages\/bd_sms\/wp-json\/wp\/v2\/types\/page"}],"author":[{"embeddable":true,"href":"https:\/\/lealta.com.br\/landingpages\/bd_sms\/wp-json\/wp\/v2\/users\/1"}],"replies":[{"embeddable":true,"href":"https:\/\/lealta.com.br\/landingpages\/bd_sms\/wp-json\/wp\/v2\/comments?post=1283"}],"version-history":[{"count":13,"href":"https:\/\/lealta.com.br\/landingpages\/bd_sms\/wp-json\/wp\/v2\/pages\/1283\/revisions"}],"predecessor-version":[{"id":1654,"href":"https:\/\/lealta.com.br\/landingpages\/bd_sms\/wp-json\/wp\/v2\/pages\/1283\/revisions\/1654"}],"wp:attachment":[{"href":"https:\/\/lealta.com.br\/landingpages\/bd_sms\/wp-json\/wp\/v2\/media?parent=1283"}],"curies":[{"name":"wp","href":"https:\/\/api.w.org\/{rel}","templated":true}]}}