{"id":1333,"date":"2023-11-06T12:44:15","date_gmt":"2023-11-06T15:44:15","guid":{"rendered":"https:\/\/lealta.com.br\/landingpages\/bd_sms\/?page_id=1333"},"modified":"2024-03-19T11:09:12","modified_gmt":"2024-03-19T14:09:12","slug":"coleta-de-hemocultura","status":"publish","type":"page","link":"https:\/\/lealta.com.br\/landingpages\/bd_sms\/coleta-de-hemocultura\/","title":{"rendered":"08 &#8211; Coleta de Hemocultura"},"content":{"rendered":"\n\t<section class=\"section dark\" id=\"section_2125307579\">\n\t\t<div class=\"bg section-bg fill bg-fill  \" >\n\n\t\t\t\n\t\t\t<div class=\"section-bg-overlay absolute fill\"><\/div>\n\t\t\t\n\n\t\t<\/div>\n\n\t\t\n\t<div class=\"ux-shape-divider ux-shape-divider--bottom ux-shape-divider--style-waves-opacity-3\">\n\t\t<svg viewBox=\"0 0 1000 300\" xmlns=\"http:\/\/www.w3.org\/2000\/svg\" preserveAspectRatio=\"none\">\n\t<path class=\"ux-shape-fill\" opacity=\"0.05\" d=\"M1014 264V386H206L34 300C34 300 344.42 277.16 436 221C542 156 590 160 704 209C811 255 899.11 214.94 979 346L1014 264Z\"\/>\n\t<path class=\"ux-shape-fill\" opacity=\"0.1\" d=\"M-302 55C-302 55 -66.73 263.25 50 214C178 160 283 116 353 141C445.68 174.1 534.28 256.19 588 249C692.9 235 764.52 75.94 855 131C940.61 183.09 1000 254 1000 254V328L-306 338L-302 55Z\"\/>\n\t<path class=\"ux-shape-fill\" opacity=\"0.15\" d=\"M-286 255C-286 255 -72 152 52 126C176 100 255 155 436 227C581.57 284.91 614.7 277.79 708 227C787 184 1009 3.0001 1093 164C1146 265.63 1031 293 1031 293L924 377L-288 389L-286 255Z\"\/>\n\t<path class=\"ux-shape-fill\" opacity=\"0.3\" d=\"M-24 69C-24 69 275.68 370.66 389 314C397 310 622 316 673 356C690.47 369.7 845 224 890 182C944.8 130.85 1018 92 1078 143C1154.12 207.7 1196 242 1196 242L1184 374L-28 386L-24 69Z\"\/>\n\t<path class=\"ux-shape-fill\" d=\"M-12 201C-12 201 58 284 182 258C306 232 342.29 221.23 456 264C565 305 640.82 288.36 721 249C776 222 837.5 191.31 935 253C984 284 1030 279 1030 279L1024 430L-12 440V201Z\"\/>\n<\/svg>\n\t<\/div>\n\n\t\t<div class=\"section-content relative\">\n\t\t\t\n\n<div class=\"row\"  id=\"row-1240503154\">\n\n\n\t<div id=\"col-478284957\" class=\"col medium-5 small-12 large-5\"  >\n\t\t\t\t<div class=\"col-inner\"  >\n\t\t\t\n\t\t\t\n\n\t<div id=\"text-323050784\" class=\"text\">\n\t\t\n\n<h6><span style=\"color: #ffffff;\"><strong>Solu\u00e7\u00f5es Pr\u00e9-Anal\u00edticas<\/strong><\/span><\/h6>\n\t\t\n<style>\n#text-323050784 {\n  color: rgb(255, 255, 255);\n}\n#text-323050784 > * {\n  color: rgb(255, 255, 255);\n}\n<\/style>\n\t<\/div>\n\t\n\t<div id=\"text-2203552818\" class=\"text\">\n\t\t\n\n<div class=\"page-header-title appear appeared\">\n<h1><span class=\"field field--name-title field--type-string field--label-hidden\">Coleta de Hemocultura<\/span><\/h1>\n<\/div>\n<figure class=\"page-header-visual appear appeared\"><\/figure>\n\t\t\n<style>\n#text-2203552818 {\n  font-size: 1.7rem;\n}\n<\/style>\n\t<\/div>\n\t\n\n\t\t<\/div>\n\t\t\t\t\n<style>\n#col-478284957 > .col-inner {\n  margin: 70px 0px 0px 0px;\n}\n<\/style>\n\t<\/div>\n\n\t\n\n\t<div id=\"col-1357177526\" class=\"col medium-7 small-12 large-7\"  >\n\t\t\t\t<div class=\"col-inner\"  >\n\t\t\t\n\t\t\t\n\n\t<div class=\"img has-hover x md-x lg-x y md-y lg-y\" id=\"image_1968882518\">\n\t\t\t\t\t\t\t\t<div class=\"img-inner image-cover dark\" style=\"padding-top:251px;\">\n\t\t\t<img loading=\"lazy\" decoding=\"async\" width=\"600\" height=\"300\" src=\"https:\/\/lealta.com.br\/landingpages\/bd_sms\/wp-content\/uploads\/2022\/07\/transp.png\" class=\"attachment-large size-large\" alt=\"\" srcset=\"https:\/\/lealta.com.br\/landingpages\/bd_sms\/wp-content\/uploads\/2022\/07\/transp.png 600w, https:\/\/lealta.com.br\/landingpages\/bd_sms\/wp-content\/uploads\/2022\/07\/transp-300x150.png 300w\" sizes=\"auto, (max-width: 600px) 100vw, 600px\" \/>\t\t\t\t\t\t\t<div class=\"overlay\" style=\"background-color: rgba(155, 174, 255, 0.174)\"><\/div>\n\t\t\t\t\t\t\n\t\t\t\t\t<\/div>\n\t\t\t\t\t\t\t\t\n<style>\n#image_1968882518 {\n  width: 81%;\n}\n<\/style>\n\t<\/div>\n\t\n\n\n\t\t<\/div>\n\t\t\t\t\n<style>\n#col-1357177526 > .col-inner {\n  margin: 156px 0px 0px -300px;\n}\n@media (min-width:550px) {\n  #col-1357177526 > .col-inner {\n    margin: 256px 0px 0px -181px;\n  }\n}\n<\/style>\n\t<\/div>\n\n\t\n\n\t<div id=\"col-743315237\" class=\"col medium-7 small-12 large-7\"  >\n\t\t\t\t<div class=\"col-inner box-shadow-5\" style=\"background-color:rgb(255, 255, 255);\" >\n\t\t\t\n\t\t\t\n\n\t<div class=\"img has-hover x md-x lg-x y md-y lg-y\" id=\"image_779810568\">\n\t\t\t\t\t\t\t\t<div class=\"img-inner image-cover box-shadow-3 dark\" style=\"padding-top:56.25%;\">\n\t\t\t<img loading=\"lazy\" decoding=\"async\" width=\"2048\" height=\"1536\" src=\"https:\/\/lealta.com.br\/landingpages\/bd_sms\/wp-content\/uploads\/2024\/03\/BD_CCC_Jan._11_6807-copy-2048x2048-1.jpeg\" class=\"attachment-original size-original\" alt=\"\" srcset=\"https:\/\/lealta.com.br\/landingpages\/bd_sms\/wp-content\/uploads\/2024\/03\/BD_CCC_Jan._11_6807-copy-2048x2048-1.jpeg 2048w, https:\/\/lealta.com.br\/landingpages\/bd_sms\/wp-content\/uploads\/2024\/03\/BD_CCC_Jan._11_6807-copy-2048x2048-1-300x225.jpeg 300w, https:\/\/lealta.com.br\/landingpages\/bd_sms\/wp-content\/uploads\/2024\/03\/BD_CCC_Jan._11_6807-copy-2048x2048-1-1024x768.jpeg 1024w, https:\/\/lealta.com.br\/landingpages\/bd_sms\/wp-content\/uploads\/2024\/03\/BD_CCC_Jan._11_6807-copy-2048x2048-1-768x576.jpeg 768w, https:\/\/lealta.com.br\/landingpages\/bd_sms\/wp-content\/uploads\/2024\/03\/BD_CCC_Jan._11_6807-copy-2048x2048-1-1536x1152.jpeg 1536w\" sizes=\"auto, (max-width: 2048px) 100vw, 2048px\" \/>\t\t\t\t\t\t\n\t\t\t\t\t<\/div>\n\t\t\t\t\t\t\t\t\n<style>\n#image_779810568 {\n  width: 100%;\n}\n<\/style>\n\t<\/div>\n\t\n\n\n\t\t<\/div>\n\t\t\t\t\n<style>\n#col-743315237 > .col-inner {\n  margin: -480px 0px 0px 0px;\n  border-radius: 20px;\n}\n@media (min-width:550px) {\n  #col-743315237 > .col-inner {\n    margin: -435px 0px 0px 440px;\n  }\n}\n<\/style>\n\t<\/div>\n\n\t\n\n<\/div>\n\n\t\t<\/div>\n\n\t\t\n<style>\n#section_2125307579 {\n  padding-top: 0px;\n  padding-bottom: 0px;\n  background-color: #004593;\n}\n#section_2125307579 .section-bg-overlay {\n  background-color: rgba(0, 69, 147, 0.477);\n}\n#section_2125307579 .section-bg.bg-loaded {\n  background-image: url(https:\/\/lealta.com.br\/landingpages\/bd_sms\/wp-content\/uploads\/2024\/03\/BD_CCC_Jan._11_6807-copy-2048x2048-1.jpeg);\n}\n#section_2125307579 .section-bg {\n  background-position: 45% 65%;\n}\n#section_2125307579 .ux-shape-divider--bottom svg {\n  height: 150px;\n  --divider-width: 100%;\n}\n#section_2125307579 .ux-shape-divider--bottom .ux-shape-fill {\n  fill: rgb(245, 245, 245);\n}\n<\/style>\n\t<\/section>\n\t\n\t<section class=\"section\" id=\"section_245352285\">\n\t\t<div class=\"bg section-bg fill bg-fill  bg-loaded\" >\n\n\t\t\t\n\t\t\t\n\t\t\t\n\n\t\t<\/div>\n\n\t\t\n\n\t\t<div class=\"section-content relative\">\n\t\t\t\n\n<div class=\"row\"  id=\"row-252745157\">\n\n\n\t<div id=\"col-1469540912\" class=\"col small-12 large-12\"  >\n\t\t\t\t<div class=\"col-inner\"  >\n\t\t\t\n\t\t\t\n\n\t<div id=\"gap-1832646727\" class=\"gap-element clearfix\" style=\"display:block; height:auto;\">\n\t\t\n<style>\n#gap-1832646727 {\n  padding-top: 59px;\n}\n<\/style>\n\t<\/div>\n\t\n\n<div class=\"row\"  id=\"row-1910897375\">\n\n\n\t<div id=\"col-1209561727\" class=\"col small-12 large-12\"  >\n\t\t\t\t<div class=\"col-inner\"  >\n\t\t\t\n\t\t\t\n\n<h1 style=\"text-align: center;\"><span style=\"font-size: 150%; color: #0000ff;\"><strong>O Teste Vital para Detectar Sepse<\/strong><\/span><\/h1>\n\n\t\t<\/div>\n\t\t\t\t\t<\/div>\n\n\t\n\n<\/div>\n<div class=\"row\"  id=\"row-1175390435\">\n\n\n\t<div id=\"col-347516962\" class=\"col small-12 large-12\"  >\n\t\t\t\t<div class=\"col-inner\"  >\n\t\t\t\n\t\t\t\n\n<div class=\"row\"  id=\"row-889110010\">\n\n\n\t<div id=\"col-350404188\" class=\"col medium-3 small-12 large-3\"  >\n\t\t\t\t<div class=\"col-inner\"  >\n\t\t\t\n\t\t\t\n\n\t<div id=\"ux-lottie-2033198759\" class=\"ux-lottie\" >\n\t\t\t\t<lottie-player class=\"ux-lottie__player\" data-params=\"{&quot;src&quot;:&quot;https:\\\/\\\/lealta.com.br\\\/landingpages\\\/bd_sms\\\/wp-content\\\/uploads\\\/2023\\\/12\\\/Blood-Sample.json&quot;,&quot;loop&quot;:true,&quot;autoplay&quot;:true,&quot;controls&quot;:false,&quot;speed&quot;:&quot;1&quot;,&quot;direction&quot;:1,&quot;trigger&quot;:&quot;&quot;,&quot;mouseout&quot;:&quot;&quot;,&quot;start&quot;:0,&quot;end&quot;:100,&quot;scrollActionType&quot;:&quot;seek&quot;,&quot;visibilityStart&quot;:0,&quot;visibilityEnd&quot;:100,&quot;id&quot;:&quot;ux-lottie-2033198759&quot;}\" ><\/lottie-player>\n\t\t\t\t\n<style>\n#ux-lottie-2033198759 {\n  width: 100%;\n  height: 300px;\n}\n<\/style>\n\t<\/div>\n\t\n\n\n\t\t<\/div>\n\t\t\t\t\t<\/div>\n\n\t\n\n\t<div id=\"col-955919226\" class=\"col medium-9 small-12 large-9\"  >\n\t\t\t\t<div class=\"col-inner\"  >\n\t\t\t\n\t\t\t\n\n<div style=\"text-align: justify;\">\n<p><span style=\"font-size: 130%;\">A sepse \u00e9 uma condi\u00e7\u00e3o m\u00e9dica grave que ocorre quando uma infec\u00e7\u00e3o se espalha pelo corpo e atinge o sangue. \u00c9 uma emerg\u00eancia que pode ser fatal se n\u00e3o for tratada rapidamente e corretamente. Todos os anos, milh\u00f5es de pessoas s\u00e3o afetadas pela sepse, e a detec\u00e7\u00e3o precoce \u00e9 crucial para salvar vidas. A hemocultura, um exame de sangue especial, \u00e9 a ferramenta mais confi\u00e1vel que temos para diagnosticar essa condi\u00e7\u00e3o. Ela ajuda os m\u00e9dicos a identificar os micro-organismos respons\u00e1veis pela infec\u00e7\u00e3o e a escolher o melhor tratamento o mais r\u00e1pido poss\u00edvel. Saber como e quando realizar uma hemocultura \u00e9 essencial para combater a sepse e melhorar as chances de recupera\u00e7\u00e3o do paciente.<\/span><\/p>\n<\/div>\n\n\t\t<\/div>\n\t\t\t\t\t<\/div>\n\n\t\n\n<\/div>\n\t<div id=\"gap-1805538846\" class=\"gap-element clearfix\" style=\"display:block; height:auto;\">\n\t\t\n<style>\n#gap-1805538846 {\n  padding-top: 30px;\n}\n<\/style>\n\t<\/div>\n\t\n\n<div class=\"row align-equal align-right\"  id=\"row-464771255\">\n\n\n\t<div id=\"col-585562028\" class=\"col medium-4 small-12 large-4\"  >\n\t\t\t\t<div class=\"col-inner dark\" style=\"background-color:#ff6e00;\" >\n\t\t\t\n\t\t\t\n\n<h6><span style=\"font-size: 180%;\"><strong>Aproximadamente, <\/strong><\/span><\/h6>\n<h2><span style=\"font-size: 180%;\"><strong>18 milh\u00f5es <\/strong><strong>de casos <\/strong><\/span><\/h2>\n<h6><span style=\"font-size: 180%;\"><strong>de sepse ocorrem todo ano.<sup>1<\/sup><\/strong><\/span><\/h6>\n\n\t\t<\/div>\n\t\t\t\t\n<style>\n#col-585562028 > .col-inner {\n  padding: 60px 20px 10px 10px;\n  border-radius: 23px;\n}\n<\/style>\n\t<\/div>\n\n\t\n\n\t<div id=\"col-904712474\" class=\"col medium-5 small-12 large-5\"  >\n\t\t\t\t<div class=\"col-inner dark\" style=\"background-color:#004593;\" >\n\t\t\t\n\t\t\t\n\n<h6><span style=\"font-size: 180%;\"><strong>Aproximadamente, <\/strong><\/span><\/h6>\n<h2><span style=\"font-size: 180%;\"><strong>20.000 mortes<\/strong><\/span><\/h2>\n<h6><span style=\"font-size: 180%;\"><strong>por sepse ocorrem por dia no mundo.<sup>2<\/sup><\/strong><\/span><\/h6>\n\n\t\t<\/div>\n\t\t\t\t\n<style>\n#col-904712474 > .col-inner {\n  padding: 117px 20px 10px 10px;\n  border-radius: 23px;\n}\n<\/style>\n\t<\/div>\n\n\t\n\n\t<div id=\"col-1816440572\" class=\"col medium-3 small-12 large-3\"  >\n\t\t\t\t<div class=\"col-inner dark\" style=\"background-color:#ff6e00;\" >\n\t\t\t\n\t\t\t\n\n<h6><span style=\"font-size: 180%;\"><strong>A cada minuto, por volta de, <\/strong><\/span><\/h6>\n<h2><span style=\"font-size: 180%;\"><strong>14 pessoas<\/strong><\/span><\/h2>\n<h6><span style=\"font-size: 180%;\"><strong>morrem de sepse.<sup>2<\/sup><\/strong><\/span><\/h6>\n\n\t\t<\/div>\n\t\t\t\t\n<style>\n#col-1816440572 > .col-inner {\n  padding: 10px 20px 10px 10px;\n  border-radius: 23px;\n}\n<\/style>\n\t<\/div>\n\n\t\n\n\t<div id=\"col-1844651148\" class=\"col medium-6 small-12 large-6\"  >\n\t\t\t\t<div class=\"col-inner dark\" style=\"background-color:#004593;\" >\n\t\t\t\n\t\t\t\n\n<h6><span style=\"font-size: 180%;\"><strong>Sepse causa mais morte por ano do que:<sup>1<\/sup><\/strong><\/span><\/h6>\n<h2><span style=\"font-size: 180%;\"><strong>C\u00e2ncer de prostata<br \/>\nC\u00e2ncer de mama<\/strong><\/span><\/h2>\n<h6><span style=\"font-size: 180%;\"><strong<\/strong><\/span><\/h6>\n\n\t\t<\/div>\n\t\t\t\t\n<style>\n#col-1844651148 > .col-inner {\n  padding: 30px 20px 10px 10px;\n  border-radius: 23px;\n}\n<\/style>\n\t<\/div>\n\n\t\n\n\t<div id=\"col-1156794063\" class=\"col medium-6 small-12 large-6\"  >\n\t\t\t\t<div class=\"col-inner dark\" style=\"background-color:#ff6e00;\" >\n\t\t\t\n\t\t\t\n\n<h6 style=\"text-align: center;\"><span style=\"font-size: 180%;\"><strong>Cada hora de atraso em iniciar um tratamento antimicrobiano efetivo pode aumentar as taxas de mortalidade em<sup>1<\/sup><\/strong><\/span><\/h6>\n<h2 style=\"text-align: center;\"><span style=\"font-size: 180%;\"><strong>7,6%<\/strong><\/span><\/h2>\n\n\t\t<\/div>\n\t\t\t\t\n<style>\n#col-1156794063 > .col-inner {\n  padding: 39px 20px 10px 10px;\n  border-radius: 23px;\n}\n<\/style>\n\t<\/div>\n\n\t\n\n\t<div id=\"col-581647305\" class=\"col small-12 large-12\"  >\n\t\t\t\t<div class=\"col-inner\"  >\n\t\t\t\n\t\t\t\n\n\t<div id=\"text-1720128078\" class=\"text\">\n\t\t\n\n<h6 style=\"text-align: center;\"><span style=\"font-size: 180%; color: #ff6600;\"><strong>Hemocultura \u00e9 o m\u00e9todo mais importante para o diagn\u00f3stico de sepse.<sup>4<\/sup><\/strong><\/span><\/h6>\n\t\t\n<style>\n#text-1720128078 {\n  font-size: 1.7rem;\n}\n<\/style>\n\t<\/div>\n\t\n\n\t\t<\/div>\n\t\t\t\t\n<style>\n#col-581647305 > .col-inner {\n  padding: 39px 20px 10px 10px;\n  border-radius: 23px;\n}\n<\/style>\n\t<\/div>\n\n\t\n\n<\/div>\n\t<div id=\"text-3705430486\" class=\"text\">\n\t\t\n\n<p><strong><span style=\"font-size: 75%;\">Refer\u00eancias: 1. <\/span><\/strong><span style=\"font-size: 75%;\">Loren ipsum dollor sit. <strong>2. <\/strong><\/span><span style=\"font-size: 75%;\">Loren ipsum dollor sit. <strong>3. <\/strong><\/span><span style=\"font-size: 75%;\">Loren ipsum dollor sit <strong>4.<\/strong><\/span><span style=\"font-size: 75%;\">Loren ipsum dollor sit<\/span><\/p>\n\t\t\n<style>\n#text-3705430486 {\n  line-height: 0.75;\n}\n<\/style>\n\t<\/div>\n\t\n\t<div id=\"gap-368209877\" class=\"gap-element clearfix\" style=\"display:block; height:auto;\">\n\t\t\n<style>\n#gap-368209877 {\n  padding-top: 30px;\n}\n<\/style>\n\t<\/div>\n\t\n\n\n\t\t<\/div>\n\t\t\t\t\t<\/div>\n\n\t\n\n<\/div>\n\n\t\t<\/div>\n\t\t\t\t\t<\/div>\n\n\t\n\n<\/div>\n\n\t\t<\/div>\n\n\t\t\n<style>\n#section_245352285 {\n  padding-top: 100px;\n  padding-bottom: 100px;\n  background-color: rgb(245, 245, 245);\n}\n@media (min-width:550px) {\n  #section_245352285 {\n    padding-top: 40px;\n    padding-bottom: 40px;\n  }\n}\n<\/style>\n\t<\/section>\n\t\n\t<section class=\"section\" id=\"section_1406637075\">\n\t\t<div class=\"bg section-bg fill bg-fill  bg-loaded\" >\n\n\t\t\t\n\t\t\t\n\t\t\t\n\n\t\t<\/div>\n\n\t\t\t<div class=\"ux-shape-divider ux-shape-divider--top ux-shape-divider--style-fan\">\n\t\t<svg viewBox=\"0 0 1000 100\" xmlns=\"http:\/\/www.w3.org\/2000\/svg\" preserveAspectRatio=\"none\">\n  <path class=\"ux-shape-fill\" d=\"M500 50L1067.25 102.5H-67.2466L500 50Z\"\/>\n  <path class=\"ux-shape-fill\" opacity=\"0.15\" d=\"M1011 2.70583L500 50.0001L-12 2.61328V105H1011V2.70583Z\"\/>\n  <path class=\"ux-shape-fill\" opacity=\"0.3\" d=\"M-13 50H1010V105H-13V50Z\"\/>\n<\/svg>\n\t<\/div>\n\n\t<div class=\"ux-shape-divider ux-shape-divider--bottom ux-shape-divider--style-waves-opacity-2\">\n\t\t<svg viewBox=\"0 0 1000 300\" xmlns=\"http:\/\/www.w3.org\/2000\/svg\" preserveAspectRatio=\"none\">\n  <path class=\"ux-shape-fill\" opacity=\"0.15\" d=\"M0 299L-2 19.9998C153 -16.0002 308 155 413 184C515.64 212.35 562 152 645 153C725 154 787 206 874 233C939.54 253.34 975 248 1000 244.61V299H0Z\"\/>\n  <path class=\"ux-shape-fill\" opacity=\"0.3\" d=\"M0 300L-2 34C155 -9.00003 300 178 403 212C504.11 245.38 562 165 645 166C725 167 790.09 220.07 874 253C939.21 278.59 978.07 269.72 1000 263.61V300H0Z\"\/>\n  <path class=\"ux-shape-fill\" d=\"M0 300L-1 69.7099C216 56.9999 299.47 198.86 403 226C506 253 577 196 660 197C740 198 790.09 234.07 874 267C935.23 291 982 282.61 1000 277.61V300H0Z\"\/>\n<\/svg>\n\t<\/div>\n\n\t\t<div class=\"section-content relative\">\n\t\t\t\n\n<div class=\"row\"  id=\"row-1008580460\">\n\n\n\t<div id=\"col-1131458286\" class=\"col small-12 large-12\"  >\n\t\t\t\t<div class=\"col-inner\"  >\n\t\t\t\n\t\t\t\n\n<div class=\"row\"  id=\"row-1953236334\">\n\n\n\t<div id=\"col-524494604\" class=\"col small-12 large-12\"  >\n\t\t\t\t<div class=\"col-inner\"  >\n\t\t\t\n\t\t\t\n\n<div class=\"row align-equal align-right\"  id=\"row-1627626030\">\n\n\n\t<div id=\"col-885200143\" class=\"col small-12 large-12\"  >\n\t\t\t\t<div class=\"col-inner\"  >\n\t\t\t\n\t\t\t\n\n<h1 style=\"text-align: center;\"><span style=\"font-size: 150%; color: #0000ff;\"><strong>Precis\u00e3o na Hemocultura:<br \/>Seguindo Passos e Tempo Corretos<\/span><\/strong><\/h1>\n<div style=\"text-align: justify;\">\n<p><span style=\"font-size: 130%;\">A coleta de hemocultura \u00e9 um procedimento delicado que, se feito corretamente, pode salvar vidas ao detectar precocemente casos de sepse. \u00c9 um processo que exige rigor e precis\u00e3o para garantir que os resultados sejam confi\u00e1veis. Para isso, dois pontos de aten\u00e7\u00e3o s\u00e3o fundamentais: seguir rigorosamente as recomenda\u00e7\u00f5es do pedido m\u00e9dico e escolher o momento adequado para a coleta.<\/span><\/p>\n<\/div>\n\n\t\t<\/div>\n\t\t\t\t\n<style>\n#col-885200143 > .col-inner {\n  padding: 60px 20px 10px 10px;\n  border-radius: 23px;\n}\n<\/style>\n\t<\/div>\n\n\t\n\n<\/div>\n<div class=\"row\"  id=\"row-1393985328\">\n\n\n\t<div id=\"col-2121168598\" class=\"col medium-4 small-12 large-4\"  >\n\t\t\t\t<div class=\"col-inner\"  >\n\t\t\t\n\t\t\t\n\n<div>\n<div>\n<h1 style=\"text-align: right;\"><strong><span lang=\"PT-BR\">Seguir sempre as recomenda\u00e7\u00f5es solicitadas no pedido m\u00e9dico<\/span><\/strong><\/h1>\n<\/div>\n<\/div>\n\t<div id=\"ux-lottie-596919\" class=\"ux-lottie\" >\n\t\t\t\t<lottie-player class=\"ux-lottie__player\" data-params=\"{&quot;src&quot;:&quot;https:\\\/\\\/lealta.com.br\\\/landingpages\\\/bd_sms\\\/wp-content\\\/uploads\\\/2023\\\/12\\\/Medical-Report.json&quot;,&quot;loop&quot;:true,&quot;autoplay&quot;:true,&quot;controls&quot;:false,&quot;speed&quot;:&quot;1&quot;,&quot;direction&quot;:1,&quot;trigger&quot;:&quot;&quot;,&quot;mouseout&quot;:&quot;&quot;,&quot;start&quot;:0,&quot;end&quot;:100,&quot;scrollActionType&quot;:&quot;seek&quot;,&quot;visibilityStart&quot;:0,&quot;visibilityEnd&quot;:100,&quot;id&quot;:&quot;ux-lottie-596919&quot;}\" ><\/lottie-player>\n\t\t\t\t\n<style>\n#ux-lottie-596919 {\n  width: 100%;\n  height: 182px;\n}\n#ux-lottie-596919 .ux-lottie__player {\n  margin: -16px 0px 0px 115px;\n}\n<\/style>\n\t<\/div>\n\t\n\n\n\t\t<\/div>\n\t\t\t\t\t<\/div>\n\n\t\n\n\t<div id=\"col-327366399\" class=\"col medium-8 small-12 large-8\"  >\n\t\t\t\t<div class=\"col-inner\"  >\n\t\t\t\n\t\t\t\n\n<p style=\"text-align: justify;\"><span lang=\"PT-BR\" style=\"font-size: 130%;\">Quando um m\u00e9dico solicita uma hemocultura, ele inclui instru\u00e7\u00f5es espec\u00edficas que devem ser seguidas \u00e0 risca. Essas orienta\u00e7\u00f5es podem incluir detalhes como o volume de sangue a ser coletado, o tipo de antiss\u00e9ptico a ser usado na limpeza da pele e a necessidade de amostras de diferentes locais. Ignorar essas recomenda\u00e7\u00f5es pode levar a resultados falso-positivos ou falso-negativos, o que \u00e9 especialmente perigoso no diagn\u00f3stico de sepse, onde cada segundo conta.<\/span><\/p>\n\n\t\t<\/div>\n\t\t\t\t\t<\/div>\n\n\t\n\n<\/div>\n<div class=\"row\"  id=\"row-296118302\">\n\n\n\t<div id=\"col-733420765\" class=\"col medium-4 small-12 large-4\"  >\n\t\t\t\t<div class=\"col-inner\"  >\n\t\t\t\n\t\t\t\n\n<div>\n<div>\n<h1 style=\"text-align: right;\"><strong><span lang=\"PT-BR\">Momento da Coleta<\/span><\/strong><\/h1>\n<\/div>\n<\/div>\n\t<div id=\"ux-lottie-1365924612\" class=\"ux-lottie\" >\n\t\t\t\t<lottie-player class=\"ux-lottie__player\" data-params=\"{&quot;src&quot;:&quot;https:\\\/\\\/lealta.com.br\\\/landingpages\\\/bd_sms\\\/wp-content\\\/uploads\\\/2023\\\/12\\\/Man-do-Blood-Donation.json&quot;,&quot;loop&quot;:true,&quot;autoplay&quot;:true,&quot;controls&quot;:false,&quot;speed&quot;:&quot;1&quot;,&quot;direction&quot;:1,&quot;trigger&quot;:&quot;&quot;,&quot;mouseout&quot;:&quot;&quot;,&quot;start&quot;:0,&quot;end&quot;:100,&quot;scrollActionType&quot;:&quot;seek&quot;,&quot;visibilityStart&quot;:0,&quot;visibilityEnd&quot;:100,&quot;id&quot;:&quot;ux-lottie-1365924612&quot;}\" ><\/lottie-player>\n\t\t\t\t\n<style>\n#ux-lottie-1365924612 {\n  width: 100%;\n  height: 182px;\n}\n#ux-lottie-1365924612 .ux-lottie__player {\n  margin: -13px 0px 0px 115px;\n}\n<\/style>\n\t<\/div>\n\t\n\n\n\t\t<\/div>\n\t\t\t\t\t<\/div>\n\n\t\n\n\t<div id=\"col-221715596\" class=\"col medium-8 small-12 large-8\"  >\n\t\t\t\t<div class=\"col-inner\"  >\n\t\t\t\n\t\t\t\n\n<p style=\"text-align: justify;\"><span lang=\"PT-BR\" style=\"font-size: 130%;\">O tempo da coleta \u00e9 outro aspecto cr\u00edtico. Para aumentar as chances de detec\u00e7\u00e3o do pat\u00f3geno, o sangue deve ser coletado quando a febre do paciente est\u00e1 come\u00e7ando a subir, o que geralmente \u00e9 um indicador de bacteremia. Al\u00e9m disso, \u00e9 recomend\u00e1vel coletar m\u00faltiplas amostras em momentos diferentes para capturar o ciclo de vida do pat\u00f3geno no sangue. O momento da coleta pode influenciar significativamente a precis\u00e3o do diagn\u00f3stico, sendo essencial para a identifica\u00e7\u00e3o correta do agente causador da infec\u00e7\u00e3o e, consequentemente, para a escolha do tratamento mais eficaz.<\/span><\/p>\n\n\t\t<\/div>\n\t\t\t\t\t<\/div>\n\n\t\n\n<\/div>\n\t<div id=\"gap-490047181\" class=\"gap-element clearfix\" style=\"display:block; height:auto;\">\n\t\t\n<style>\n#gap-490047181 {\n  padding-top: 30px;\n}\n<\/style>\n\t<\/div>\n\t\n\n\n\t\t<\/div>\n\t\t\t\t\t<\/div>\n\n\t\n\n<\/div>\n\n\t\t<\/div>\n\t\t\t\t\t<\/div>\n\n\t\n\n<\/div>\n\n\t\t<\/div>\n\n\t\t\n<style>\n#section_1406637075 {\n  padding-top: 100px;\n  padding-bottom: 100px;\n  background-color: rgb(255, 255, 255);\n}\n#section_1406637075 .ux-shape-divider--top svg {\n  height: 215px;\n  --divider-top-width: 100%;\n}\n#section_1406637075 .ux-shape-divider--bottom svg {\n  height: 170px;\n  --divider-width: 100%;\n}\n@media (min-width:550px) {\n  #section_1406637075 {\n    padding-top: 20px;\n    padding-bottom: 20px;\n  }\n}\n<\/style>\n\t<\/section>\n\t\n\n","protected":false},"excerpt":{"rendered":"","protected":false},"author":1,"featured_media":0,"parent":0,"menu_order":0,"comment_status":"closed","ping_status":"closed","template":"page-blank.php","meta":{"inline_featured_image":false,"footnotes":""},"class_list":["post-1333","page","type-page","status-publish","hentry"],"_links":{"self":[{"href":"https:\/\/lealta.com.br\/landingpages\/bd_sms\/wp-json\/wp\/v2\/pages\/1333","targetHints":{"allow":["GET"]}}],"collection":[{"href":"https:\/\/lealta.com.br\/landingpages\/bd_sms\/wp-json\/wp\/v2\/pages"}],"about":[{"href":"https:\/\/lealta.com.br\/landingpages\/bd_sms\/wp-json\/wp\/v2\/types\/page"}],"author":[{"embeddable":true,"href":"https:\/\/lealta.com.br\/landingpages\/bd_sms\/wp-json\/wp\/v2\/users\/1"}],"replies":[{"embeddable":true,"href":"https:\/\/lealta.com.br\/landingpages\/bd_sms\/wp-json\/wp\/v2\/comments?post=1333"}],"version-history":[{"count":14,"href":"https:\/\/lealta.com.br\/landingpages\/bd_sms\/wp-json\/wp\/v2\/pages\/1333\/revisions"}],"predecessor-version":[{"id":1627,"href":"https:\/\/lealta.com.br\/landingpages\/bd_sms\/wp-json\/wp\/v2\/pages\/1333\/revisions\/1627"}],"wp:attachment":[{"href":"https:\/\/lealta.com.br\/landingpages\/bd_sms\/wp-json\/wp\/v2\/media?parent=1333"}],"curies":[{"name":"wp","href":"https:\/\/api.w.org\/{rel}","templated":true}]}}