{"id":1372,"date":"2023-12-11T09:14:03","date_gmt":"2023-12-11T12:14:03","guid":{"rendered":"https:\/\/lealta.com.br\/landingpages\/bd_sms\/?page_id=1372"},"modified":"2024-03-19T10:33:19","modified_gmt":"2024-03-19T13:33:19","slug":"coleta-venosa","status":"publish","type":"page","link":"https:\/\/lealta.com.br\/landingpages\/bd_sms\/coleta-venosa\/","title":{"rendered":"04 &#8211; Coleta Venosa"},"content":{"rendered":"\n\t<section class=\"section dark\" id=\"section_1053468464\">\n\t\t<div class=\"bg section-bg fill bg-fill  \" >\n\n\t\t\t\n\t\t\t<div class=\"section-bg-overlay absolute fill\"><\/div>\n\t\t\t\n\n\t\t<\/div>\n\n\t\t\n\t<div class=\"ux-shape-divider ux-shape-divider--bottom ux-shape-divider--style-waves-opacity\">\n\t\t<svg viewBox=\"0 0 1000 300\" xmlns=\"http:\/\/www.w3.org\/2000\/svg\" preserveAspectRatio=\"none\">\n    <path class=\"ux-shape-fill\" d=\"M0 300L-1 69.71C216 57 299.47 198.86 403 226C506 253 577 196 660 197C740 198 790.09 234.07 874 267C935.23 291 982 282.61 1000 277.61V300H0Z\"\/>\n    <path class=\"ux-shape-fill\" opacity=\"0.5\" d=\"M1 265.094L0 50.5C217 37.79 300.47 186.36 404 213.5C507 240.5 578 196.5 661 197.5C741 198.5 787.59 239.57 871.5 272.5C932.73 296.5 980.5 284.5 998.5 279.5V298.5L1 265.094Z\"\/>\n    <path class=\"ux-shape-fill\" opacity=\"0.15\" d=\"M0.999878 244.094L-0.00012207 27C217 14.29 300.47 173.86 404 201C507 228 578 196 661 197C741 198 787.59 243.07 871.5 276C932.73 300 980.5 284.5 998.5 279.5V299L0.999878 244.094Z\"\/>\n<\/svg>\n\n\t<\/div>\n\n\t\t<div class=\"section-content relative\">\n\t\t\t\n\n<div class=\"row\"  id=\"row-175888222\">\n\n\n\t<div id=\"col-2074486161\" class=\"col medium-5 small-12 large-5\"  >\n\t\t\t\t<div class=\"col-inner\"  >\n\t\t\t\n\t\t\t\n\n\t<div id=\"text-1624885730\" class=\"text\">\n\t\t\n\n<h6><span style=\"color: #ffffff;\"><strong>Solu\u00e7\u00f5es Pr\u00e9-Anal\u00edticas<\/strong><\/span><\/h6>\n\t\t\n<style>\n#text-1624885730 {\n  color: rgb(255, 255, 255);\n}\n#text-1624885730 > * {\n  color: rgb(255, 255, 255);\n}\n<\/style>\n\t<\/div>\n\t\n\t<div id=\"text-1977337101\" class=\"text\">\n\t\t\n\n<div class=\"page-header-title appear appeared\">\n<h1>Coleta Venosa<\/h1>\n<\/div>\n<figure class=\"page-header-visual appear appeared\"><\/figure>\n\t\t\n<style>\n#text-1977337101 {\n  font-size: 1.7rem;\n}\n<\/style>\n\t<\/div>\n\t\n\n\t\t<\/div>\n\t\t\t\t\n<style>\n#col-2074486161 > .col-inner {\n  margin: 70px 0px 0px 0px;\n}\n<\/style>\n\t<\/div>\n\n\t\n\n\t<div id=\"col-289145423\" class=\"col medium-7 small-12 large-7\"  >\n\t\t\t\t<div class=\"col-inner\"  >\n\t\t\t\n\t\t\t\n\n\t<div class=\"img has-hover x md-x lg-x y md-y lg-y\" id=\"image_1243453552\">\n\t\t\t\t\t\t\t\t<div class=\"img-inner image-cover dark\" style=\"padding-top:251px;\">\n\t\t\t<img loading=\"lazy\" decoding=\"async\" width=\"600\" height=\"300\" src=\"https:\/\/lealta.com.br\/landingpages\/bd_sms\/wp-content\/uploads\/2022\/07\/transp.png\" class=\"attachment-large size-large\" alt=\"\" srcset=\"https:\/\/lealta.com.br\/landingpages\/bd_sms\/wp-content\/uploads\/2022\/07\/transp.png 600w, https:\/\/lealta.com.br\/landingpages\/bd_sms\/wp-content\/uploads\/2022\/07\/transp-300x150.png 300w\" sizes=\"auto, (max-width: 600px) 100vw, 600px\" \/>\t\t\t\t\t\t\t<div class=\"overlay\" style=\"background-color: rgba(155, 174, 255, 0.174)\"><\/div>\n\t\t\t\t\t\t\n\t\t\t\t\t<\/div>\n\t\t\t\t\t\t\t\t\n<style>\n#image_1243453552 {\n  width: 81%;\n}\n<\/style>\n\t<\/div>\n\t\n\n\n\t\t<\/div>\n\t\t\t\t\n<style>\n#col-289145423 > .col-inner {\n  margin: 156px 0px 0px -300px;\n}\n@media (min-width:550px) {\n  #col-289145423 > .col-inner {\n    margin: 256px 0px 0px -181px;\n  }\n}\n<\/style>\n\t<\/div>\n\n\t\n\n\t<div id=\"col-1287410732\" class=\"col medium-7 small-12 large-7\"  >\n\t\t\t\t<div class=\"col-inner box-shadow-5\" style=\"background-color:rgb(255, 255, 255);\" >\n\t\t\t\n\t\t\t\n\n\t<div class=\"img has-hover x md-x lg-x y md-y lg-y\" id=\"image_969177222\">\n\t\t\t\t\t\t\t\t<div class=\"img-inner box-shadow-3 dark\" >\n\t\t\t<img loading=\"lazy\" decoding=\"async\" width=\"1500\" height=\"1000\" src=\"https:\/\/lealta.com.br\/landingpages\/bd_sms\/wp-content\/uploads\/2024\/03\/PAS_BC_0616-0038-2048x2048-1.jpeg\" class=\"attachment-original size-original\" alt=\"\" srcset=\"https:\/\/lealta.com.br\/landingpages\/bd_sms\/wp-content\/uploads\/2024\/03\/PAS_BC_0616-0038-2048x2048-1.jpeg 1500w, https:\/\/lealta.com.br\/landingpages\/bd_sms\/wp-content\/uploads\/2024\/03\/PAS_BC_0616-0038-2048x2048-1-300x200.jpeg 300w, https:\/\/lealta.com.br\/landingpages\/bd_sms\/wp-content\/uploads\/2024\/03\/PAS_BC_0616-0038-2048x2048-1-1024x683.jpeg 1024w, https:\/\/lealta.com.br\/landingpages\/bd_sms\/wp-content\/uploads\/2024\/03\/PAS_BC_0616-0038-2048x2048-1-768x512.jpeg 768w\" sizes=\"auto, (max-width: 1500px) 100vw, 1500px\" \/>\t\t\t\t\t\t\n\t\t\t\t\t<\/div>\n\t\t\t\t\t\t\t\t\n<style>\n#image_969177222 {\n  width: 100%;\n}\n<\/style>\n\t<\/div>\n\t\n\n\n\t\t<\/div>\n\t\t\t\t\n<style>\n#col-1287410732 > .col-inner {\n  margin: -480px 0px 0px 0px;\n  border-radius: 20px;\n}\n@media (min-width:550px) {\n  #col-1287410732 > .col-inner {\n    margin: -435px 0px 0px 440px;\n  }\n}\n<\/style>\n\t<\/div>\n\n\t\n\n<\/div>\n\n\t\t<\/div>\n\n\t\t\n<style>\n#section_1053468464 {\n  padding-top: 0px;\n  padding-bottom: 0px;\n  background-color: #004593;\n}\n#section_1053468464 .section-bg-overlay {\n  background-color: rgba(0, 69, 147, 0.477);\n}\n#section_1053468464 .section-bg.bg-loaded {\n  background-image: url(https:\/\/lealta.com.br\/landingpages\/bd_sms\/wp-content\/uploads\/2024\/03\/PAS_BC_0616-0038-2048x2048-1.jpeg);\n}\n#section_1053468464 .section-bg {\n  background-position: 0% 85%;\n}\n#section_1053468464 .ux-shape-divider--bottom svg {\n  height: 150px;\n  --divider-width: 100%;\n}\n<\/style>\n\t<\/section>\n\t\n\t<section class=\"section\" id=\"section_1929288655\">\n\t\t<div class=\"bg section-bg fill bg-fill  bg-loaded\" >\n\n\t\t\t\n\t\t\t\n\t\t\t\n\n\t\t<\/div>\n\n\t\t\t<div class=\"ux-shape-divider ux-shape-divider--top ux-shape-divider--style-fan\">\n\t\t<svg viewBox=\"0 0 1000 100\" xmlns=\"http:\/\/www.w3.org\/2000\/svg\" preserveAspectRatio=\"none\">\n  <path class=\"ux-shape-fill\" d=\"M500 50L1067.25 102.5H-67.2466L500 50Z\"\/>\n  <path class=\"ux-shape-fill\" opacity=\"0.15\" d=\"M1011 2.70583L500 50.0001L-12 2.61328V105H1011V2.70583Z\"\/>\n  <path class=\"ux-shape-fill\" opacity=\"0.3\" d=\"M-13 50H1010V105H-13V50Z\"\/>\n<\/svg>\n\t<\/div>\n\n\t<div class=\"ux-shape-divider ux-shape-divider--bottom ux-shape-divider--style-waves-opacity-2\">\n\t\t<svg viewBox=\"0 0 1000 300\" xmlns=\"http:\/\/www.w3.org\/2000\/svg\" preserveAspectRatio=\"none\">\n  <path class=\"ux-shape-fill\" opacity=\"0.15\" d=\"M0 299L-2 19.9998C153 -16.0002 308 155 413 184C515.64 212.35 562 152 645 153C725 154 787 206 874 233C939.54 253.34 975 248 1000 244.61V299H0Z\"\/>\n  <path class=\"ux-shape-fill\" opacity=\"0.3\" d=\"M0 300L-2 34C155 -9.00003 300 178 403 212C504.11 245.38 562 165 645 166C725 167 790.09 220.07 874 253C939.21 278.59 978.07 269.72 1000 263.61V300H0Z\"\/>\n  <path class=\"ux-shape-fill\" d=\"M0 300L-1 69.7099C216 56.9999 299.47 198.86 403 226C506 253 577 196 660 197C740 198 790.09 234.07 874 267C935.23 291 982 282.61 1000 277.61V300H0Z\"\/>\n<\/svg>\n\t<\/div>\n\n\t\t<div class=\"section-content relative\">\n\t\t\t\n\n<div class=\"row row-large align-center\"  id=\"row-989629649\">\n\n\n\t<div id=\"col-1396207038\" class=\"col small-12 large-12\"  >\n\t\t\t\t<div class=\"col-inner\"  >\n\t\t\t\n\t\t\t\n\n\t<div id=\"text-452824664\" class=\"text\">\n\t\t\n\n<h1><span style=\"font-size: 180%; color: #0000ff;\"><strong>SISTEMA BD Vacutainer\u00ae<\/strong><\/span><\/h1>\n<h3><strong>M\u00e1xima qualidade, seguran\u00e7a, rapidez e facilidade no manuseio.<\/strong><\/h3>\n\t\t\n<style>\n#text-452824664 {\n  font-size: 1.55rem;\n  text-align: center;\n}\n<\/style>\n\t<\/div>\n\t\n<p><span style=\"font-size: 130%;\">Em 1943, a Cruz Vermelha Americana necessitava um sistema de coleta seguro e est\u00e9ril para ser utilizado nos campos de batalha da 2\u00aa Guerra Mundial. <\/span><span style=\"font-size: 130%;\">Em 1949 a BD desenvolveu um dispositivo que aspirava sangue diretamente da veia por meio de v\u00e1cuo, atrav\u00e9s de uma agulha de duas pontas para um tubo de an\u00e1lise, constituindo o Sistema BD Vacutainer\u00ae para Coleta de Sangue a V\u00e1cuo. O Sistema BD Vacutainer\u00ae chegou ao Brasil em 1970.<\/span><\/p>\n\t<div id=\"gap-1765426009\" class=\"gap-element clearfix\" style=\"display:block; height:auto;\">\n\t\t\n<style>\n#gap-1765426009 {\n  padding-top: 70px;\n}\n<\/style>\n\t<\/div>\n\t\n\n<h1 style=\"text-align: center;\"><strong>Uma coleta de sangue a v\u00e1cuo e de seguran\u00e7a necessita m\u00ednimamente dos itens abaixo<\/strong><\/h1>\n\t<div class=\"img has-hover x md-x lg-x y md-y lg-y\" id=\"image_1942272492\">\n\t\t\t\t\t\t\t\t<div class=\"img-inner dark\" >\n\t\t\t<img loading=\"lazy\" decoding=\"async\" width=\"6266\" height=\"3268\" src=\"https:\/\/lealta.com.br\/landingpages\/bd_sms\/wp-content\/uploads\/2023\/11\/Asset-16@4x.png\" class=\"attachment-original size-original\" alt=\"\" srcset=\"https:\/\/lealta.com.br\/landingpages\/bd_sms\/wp-content\/uploads\/2023\/11\/Asset-16@4x.png 6266w, https:\/\/lealta.com.br\/landingpages\/bd_sms\/wp-content\/uploads\/2023\/11\/Asset-16@4x-300x156.png 300w, https:\/\/lealta.com.br\/landingpages\/bd_sms\/wp-content\/uploads\/2023\/11\/Asset-16@4x-1024x534.png 1024w, https:\/\/lealta.com.br\/landingpages\/bd_sms\/wp-content\/uploads\/2023\/11\/Asset-16@4x-768x401.png 768w, https:\/\/lealta.com.br\/landingpages\/bd_sms\/wp-content\/uploads\/2023\/11\/Asset-16@4x-1536x801.png 1536w, https:\/\/lealta.com.br\/landingpages\/bd_sms\/wp-content\/uploads\/2023\/11\/Asset-16@4x-2048x1068.png 2048w\" sizes=\"auto, (max-width: 6266px) 100vw, 6266px\" \/>\t\t\t\t\t\t\n\t\t\t\t\t<\/div>\n\t\t\t\t\t\t\t\t\n<style>\n#image_1942272492 {\n  width: 100%;\n}\n<\/style>\n\t<\/div>\n\t\n\n\t<div id=\"gap-180540678\" class=\"gap-element clearfix\" style=\"display:block; height:auto;\">\n\t\t\n<style>\n#gap-180540678 {\n  padding-top: 32px;\n}\n<\/style>\n\t<\/div>\n\t\n\n\n\t\t<\/div>\n\t\t\t\t\t<\/div>\n\n\t\n\n<\/div>\n<div class=\"row align-equal\"  id=\"row-355494322\">\n\n\n\t<div id=\"col-507794837\" class=\"col medium-4 small-12 large-4\"  >\n\t\t\t\t<div class=\"col-inner text-center box-shadow-2 box-shadow-3-hover\" style=\"background-color:rgb(0, 44, 209);\" >\n\t\t\t\n\t\t\t\n\n\t<div id=\"text-549805554\" class=\"text\">\n\t\t\n\n<h1><strong><span style=\"color: #ffffff;\">QUALIDADE<\/span><\/strong><\/h1>\n\t\t\n<style>\n#text-549805554 {\n  text-align: center;\n}\n<\/style>\n\t<\/div>\n\t\n<div class=\"is-divider divider clearfix\" style=\"background-color:rgb(255, 255, 255);\"><\/div>\n\n\t<div id=\"text-1344044338\" class=\"text\">\n\t\t\n\n<p><span style=\"color: #ffffff;\">Garante a correta propor\u00e7\u00e3o de sangue&nbsp;&nbsp; vs aditivo por que o v\u00e1cuo aspira a quantidade de sangue ideal indicada na etiqueta do tubo.<\/span><\/p>\n\t\t\n<style>\n#text-1344044338 {\n  font-size: 1.25rem;\n}\n<\/style>\n\t<\/div>\n\t\n\n\t\t<\/div>\n\t\t\t\t\n<style>\n#col-507794837 > .col-inner {\n  padding: 40px 20px 20px 20px;\n  border-radius: 25px;\n}\n<\/style>\n\t<\/div>\n\n\t\n\n\t<div id=\"col-1628514328\" class=\"col medium-4 small-12 large-4\"  >\n\t\t\t\t<div class=\"col-inner text-center box-shadow-2 box-shadow-3-hover\" style=\"background-color:rgb(255, 138, 0);\" >\n\t\t\t\n\t\t\t\n\n\t<div id=\"text-3688032404\" class=\"text\">\n\t\t\n\n<h1><strong><span style=\"color: #ffffff;\">EFICI\u00caNCIA<\/span><\/strong><\/h1>\n\t\t\n<style>\n#text-3688032404 {\n  text-align: center;\n}\n<\/style>\n\t<\/div>\n\t\n<div class=\"is-divider divider clearfix\" style=\"background-color:rgb(255, 255, 255);\"><\/div>\n\n\t<div id=\"text-1888156806\" class=\"text\">\n\t\t\n\n<p><span style=\"color: #ffffff;\">Com uma \u00fanica pun\u00e7\u00e3o \u00e9 poss\u00edvel coletar v\u00e1rios tubos de coleta de sangue;<\/span><\/p>\n<p><span style=\"color: #ffffff;\">Comprovadamente possibilita maior rapidez quando comparado com a coleta pelo sistema aberto.<br><\/span><\/p>\n\t\t\n<style>\n#text-1888156806 {\n  font-size: 1.2rem;\n}\n<\/style>\n\t<\/div>\n\t\n\n\t\t<\/div>\n\t\t\t\t\n<style>\n#col-1628514328 > .col-inner {\n  padding: 40px 20px 20px 20px;\n  border-radius: 25px;\n}\n<\/style>\n\t<\/div>\n\n\t\n\n\t<div id=\"col-1256810502\" class=\"col medium-4 small-12 large-4\"  >\n\t\t\t\t<div class=\"col-inner text-center box-shadow-2 box-shadow-3-hover\" style=\"background-color:rgb(67, 136, 0);\" >\n\t\t\t\n\t\t\t\n\n\t<div id=\"text-1124063258\" class=\"text\">\n\t\t\n\n<h1><strong><span style=\"color: #ffffff;\">SEGURAN\u00c7A<\/span><\/strong><\/h1>\n\t\t\n<style>\n#text-1124063258 {\n  text-align: center;\n}\n<\/style>\n\t<\/div>\n\t\n<div class=\"is-divider divider clearfix\" style=\"background-color:rgb(255, 255, 255);\"><\/div>\n\n\t<div id=\"text-340299675\" class=\"text\">\n\t\t\n\n<p><span style=\"color: #ffffff;\">Evita a disperss\u00e3o de aeross\u00f3is e o contato com o sangue.<br>\n<\/span><\/p>\n\t\t\n<style>\n#text-340299675 {\n  font-size: 1.25rem;\n}\n<\/style>\n\t<\/div>\n\t\n\n\t\t<\/div>\n\t\t\t\t\n<style>\n#col-1256810502 > .col-inner {\n  padding: 40px 20px 20px 20px;\n  border-radius: 25px;\n}\n<\/style>\n\t<\/div>\n\n\t\n\n<\/div>\n\n\t\t<\/div>\n\n\t\t\n<style>\n#section_1929288655 {\n  padding-top: 100px;\n  padding-bottom: 100px;\n  background-color: rgb(255, 255, 255);\n}\n#section_1929288655 .ux-shape-divider--top svg {\n  height: 215px;\n  --divider-top-width: 100%;\n}\n#section_1929288655 .ux-shape-divider--bottom svg {\n  height: 170px;\n  --divider-width: 100%;\n}\n#section_1929288655 .ux-shape-divider--bottom .ux-shape-fill {\n  fill: rgb(245, 245, 245);\n}\n@media (min-width:550px) {\n  #section_1929288655 {\n    padding-top: 40px;\n    padding-bottom: 40px;\n  }\n}\n<\/style>\n\t<\/section>\n\t\n\n","protected":false},"excerpt":{"rendered":"","protected":false},"author":1,"featured_media":0,"parent":0,"menu_order":0,"comment_status":"closed","ping_status":"closed","template":"page-blank.php","meta":{"inline_featured_image":false,"footnotes":""},"class_list":["post-1372","page","type-page","status-publish","hentry"],"_links":{"self":[{"href":"https:\/\/lealta.com.br\/landingpages\/bd_sms\/wp-json\/wp\/v2\/pages\/1372","targetHints":{"allow":["GET"]}}],"collection":[{"href":"https:\/\/lealta.com.br\/landingpages\/bd_sms\/wp-json\/wp\/v2\/pages"}],"about":[{"href":"https:\/\/lealta.com.br\/landingpages\/bd_sms\/wp-json\/wp\/v2\/types\/page"}],"author":[{"embeddable":true,"href":"https:\/\/lealta.com.br\/landingpages\/bd_sms\/wp-json\/wp\/v2\/users\/1"}],"replies":[{"embeddable":true,"href":"https:\/\/lealta.com.br\/landingpages\/bd_sms\/wp-json\/wp\/v2\/comments?post=1372"}],"version-history":[{"count":8,"href":"https:\/\/lealta.com.br\/landingpages\/bd_sms\/wp-json\/wp\/v2\/pages\/1372\/revisions"}],"predecessor-version":[{"id":1609,"href":"https:\/\/lealta.com.br\/landingpages\/bd_sms\/wp-json\/wp\/v2\/pages\/1372\/revisions\/1609"}],"wp:attachment":[{"href":"https:\/\/lealta.com.br\/landingpages\/bd_sms\/wp-json\/wp\/v2\/media?parent=1372"}],"curies":[{"name":"wp","href":"https:\/\/api.w.org\/{rel}","templated":true}]}}