{"id":1386,"date":"2023-12-11T10:01:58","date_gmt":"2023-12-11T13:01:58","guid":{"rendered":"https:\/\/lealta.com.br\/landingpages\/bd_sms\/?page_id=1386"},"modified":"2024-07-22T14:13:15","modified_gmt":"2024-07-22T17:13:15","slug":"05-identificacao-da-amostra","status":"publish","type":"page","link":"https:\/\/lealta.com.br\/landingpages\/bd_sms\/05-identificacao-da-amostra\/","title":{"rendered":"06 &#8211; Identifica\u00e7\u00e3o da Amostra"},"content":{"rendered":"\n\t<section class=\"section dark\" id=\"section_689045064\">\n\t\t<div class=\"bg section-bg fill bg-fill  \" >\n\n\t\t\t\n\t\t\t<div class=\"section-bg-overlay absolute fill\"><\/div>\n\t\t\t\n\n\t\t<\/div>\n\n\t\t\n\t<div class=\"ux-shape-divider ux-shape-divider--bottom ux-shape-divider--style-waves-opacity-3\">\n\t\t<svg viewBox=\"0 0 1000 300\" xmlns=\"http:\/\/www.w3.org\/2000\/svg\" preserveAspectRatio=\"none\">\n\t<path class=\"ux-shape-fill\" opacity=\"0.05\" d=\"M1014 264V386H206L34 300C34 300 344.42 277.16 436 221C542 156 590 160 704 209C811 255 899.11 214.94 979 346L1014 264Z\"\/>\n\t<path class=\"ux-shape-fill\" opacity=\"0.1\" d=\"M-302 55C-302 55 -66.73 263.25 50 214C178 160 283 116 353 141C445.68 174.1 534.28 256.19 588 249C692.9 235 764.52 75.94 855 131C940.61 183.09 1000 254 1000 254V328L-306 338L-302 55Z\"\/>\n\t<path class=\"ux-shape-fill\" opacity=\"0.15\" d=\"M-286 255C-286 255 -72 152 52 126C176 100 255 155 436 227C581.57 284.91 614.7 277.79 708 227C787 184 1009 3.0001 1093 164C1146 265.63 1031 293 1031 293L924 377L-288 389L-286 255Z\"\/>\n\t<path class=\"ux-shape-fill\" opacity=\"0.3\" d=\"M-24 69C-24 69 275.68 370.66 389 314C397 310 622 316 673 356C690.47 369.7 845 224 890 182C944.8 130.85 1018 92 1078 143C1154.12 207.7 1196 242 1196 242L1184 374L-28 386L-24 69Z\"\/>\n\t<path class=\"ux-shape-fill\" d=\"M-12 201C-12 201 58 284 182 258C306 232 342.29 221.23 456 264C565 305 640.82 288.36 721 249C776 222 837.5 191.31 935 253C984 284 1030 279 1030 279L1024 430L-12 440V201Z\"\/>\n<\/svg>\n\t<\/div>\n\n\t\t<div class=\"section-content relative\">\n\t\t\t\n\n<div class=\"row\"  id=\"row-864879785\">\n\n\n\t<div id=\"col-348130639\" class=\"col medium-5 small-12 large-5\"  >\n\t\t\t\t<div class=\"col-inner\"  >\n\t\t\t\n\t\t\t\n\n\t<div id=\"text-2816320553\" class=\"text\">\n\t\t\n\n<h6><span style=\"color: #ffffff;\"><strong>Solu\u00e7\u00f5es Pr\u00e9-Anal\u00edticas<\/strong><\/span><\/h6>\n\t\t\n<style>\n#text-2816320553 {\n  color: rgb(255, 255, 255);\n}\n#text-2816320553 > * {\n  color: rgb(255, 255, 255);\n}\n<\/style>\n\t<\/div>\n\t\n\t<div id=\"text-1829331203\" class=\"text\">\n\t\t\n\n<div class=\"page-header-title appear appeared\">\n<p><span style=\"font-size: 130%;\">IDENTIFICA\u00c7\u00c3O<br>\nDA AMOSTRA<\/span><\/p>\n<\/div>\n<figure class=\"page-header-visual appear appeared\"><\/figure>\n\t\t\n<style>\n#text-1829331203 {\n  font-size: 1.7rem;\n}\n<\/style>\n\t<\/div>\n\t\n\n\t\t<\/div>\n\t\t\t\t\n<style>\n#col-348130639 > .col-inner {\n  margin: 70px 0px 0px 0px;\n}\n<\/style>\n\t<\/div>\n\n\t\n\n\t<div id=\"col-1455482694\" class=\"col medium-7 small-12 large-7\"  >\n\t\t\t\t<div class=\"col-inner\"  >\n\t\t\t\n\t\t\t\n\n\t<div class=\"img has-hover x md-x lg-x y md-y lg-y\" id=\"image_559597565\">\n\t\t\t\t\t\t\t\t<div class=\"img-inner image-cover dark\" style=\"padding-top:251px;\">\n\t\t\t<img loading=\"lazy\" decoding=\"async\" width=\"600\" height=\"300\" src=\"https:\/\/lealta.com.br\/landingpages\/bd_sms\/wp-content\/uploads\/2022\/07\/transp.png\" class=\"attachment-large size-large\" alt=\"\" srcset=\"https:\/\/lealta.com.br\/landingpages\/bd_sms\/wp-content\/uploads\/2022\/07\/transp.png 600w, https:\/\/lealta.com.br\/landingpages\/bd_sms\/wp-content\/uploads\/2022\/07\/transp-300x150.png 300w\" sizes=\"auto, (max-width: 600px) 100vw, 600px\" \/>\t\t\t\t\t\t\t<div class=\"overlay\" style=\"background-color: rgba(155, 174, 255, 0.174)\"><\/div>\n\t\t\t\t\t\t\n\t\t\t\t\t<\/div>\n\t\t\t\t\t\t\t\t\n<style>\n#image_559597565 {\n  width: 81%;\n}\n<\/style>\n\t<\/div>\n\t\n\n\n\t\t<\/div>\n\t\t\t\t\n<style>\n#col-1455482694 > .col-inner {\n  margin: 156px 0px 0px -300px;\n}\n@media (min-width:550px) {\n  #col-1455482694 > .col-inner {\n    margin: 256px 0px 0px -181px;\n  }\n}\n<\/style>\n\t<\/div>\n\n\t\n\n\t<div id=\"col-1775255890\" class=\"col medium-7 small-12 large-7\"  >\n\t\t\t\t<div class=\"col-inner box-shadow-5\" style=\"background-color:rgb(255, 255, 255);\" >\n\t\t\t\n\t\t\t\n\n\t<div class=\"img has-hover x md-x lg-x y md-y lg-y\" id=\"image_221853234\">\n\t\t\t\t\t\t\t\t<div class=\"img-inner box-shadow-3 dark\" >\n\t\t\t<img loading=\"lazy\" decoding=\"async\" width=\"1920\" height=\"1282\" src=\"https:\/\/lealta.com.br\/landingpages\/bd_sms\/wp-content\/uploads\/2023\/10\/1920-vacuum-tube-for-clinical-blood-tests.jpg\" class=\"attachment-original size-original\" alt=\"\" srcset=\"https:\/\/lealta.com.br\/landingpages\/bd_sms\/wp-content\/uploads\/2023\/10\/1920-vacuum-tube-for-clinical-blood-tests.jpg 1920w, https:\/\/lealta.com.br\/landingpages\/bd_sms\/wp-content\/uploads\/2023\/10\/1920-vacuum-tube-for-clinical-blood-tests-300x200.jpg 300w, https:\/\/lealta.com.br\/landingpages\/bd_sms\/wp-content\/uploads\/2023\/10\/1920-vacuum-tube-for-clinical-blood-tests-1024x684.jpg 1024w, https:\/\/lealta.com.br\/landingpages\/bd_sms\/wp-content\/uploads\/2023\/10\/1920-vacuum-tube-for-clinical-blood-tests-768x513.jpg 768w, https:\/\/lealta.com.br\/landingpages\/bd_sms\/wp-content\/uploads\/2023\/10\/1920-vacuum-tube-for-clinical-blood-tests-1536x1026.jpg 1536w\" sizes=\"auto, (max-width: 1920px) 100vw, 1920px\" \/>\t\t\t\t\t\t\n\t\t\t\t\t<\/div>\n\t\t\t\t\t\t\t\t\n<style>\n#image_221853234 {\n  width: 100%;\n}\n<\/style>\n\t<\/div>\n\t\n\n\n\t\t<\/div>\n\t\t\t\t\n<style>\n#col-1775255890 > .col-inner {\n  margin: -480px 0px 0px 0px;\n  border-radius: 20px;\n}\n@media (min-width:550px) {\n  #col-1775255890 > .col-inner {\n    margin: -435px 0px 0px 440px;\n  }\n}\n<\/style>\n\t<\/div>\n\n\t\n\n<\/div>\n\n\t\t<\/div>\n\n\t\t\n<style>\n#section_689045064 {\n  padding-top: 0px;\n  padding-bottom: 0px;\n  background-color: #004593;\n}\n#section_689045064 .section-bg-overlay {\n  background-color: rgba(0, 69, 147, 0.477);\n}\n#section_689045064 .section-bg.bg-loaded {\n  background-image: url(https:\/\/lealta.com.br\/landingpages\/bd_sms\/wp-content\/uploads\/2023\/10\/1920-vacuum-tube-for-clinical-blood-tests.jpg);\n}\n#section_689045064 .section-bg {\n  background-position: 97% 28%;\n}\n#section_689045064 .ux-shape-divider--bottom svg {\n  height: 150px;\n  --divider-width: 100%;\n}\n#section_689045064 .ux-shape-divider--bottom .ux-shape-fill {\n  fill: rgb(245, 245, 245);\n}\n<\/style>\n\t<\/section>\n\t\n\t<section class=\"section\" id=\"section_515012998\">\n\t\t<div class=\"bg section-bg fill bg-fill  bg-loaded\" >\n\n\t\t\t\n\t\t\t\n\t\t\t\n\n\t\t<\/div>\n\n\t\t\n\n\t\t<div class=\"section-content relative\">\n\t\t\t\n\n<div class=\"row\"  id=\"row-1516539765\">\n\n\n\t<div id=\"col-1127400896\" class=\"col small-12 large-12\"  >\n\t\t\t\t<div class=\"col-inner\"  >\n\t\t\t\n\t\t\t\n\n\t<div id=\"gap-413050289\" class=\"gap-element clearfix\" style=\"display:block; height:auto;\">\n\t\t\n<style>\n#gap-413050289 {\n  padding-top: 59px;\n}\n<\/style>\n\t<\/div>\n\t\n\n<div class=\"row\"  id=\"row-1277192488\">\n\n\n\t<div id=\"col-511151601\" class=\"col small-12 large-12\"  >\n\t\t\t\t<div class=\"col-inner\"  >\n\t\t\t\n\t\t\t\n\n<div class=\"row align-middle\"  id=\"row-684870631\">\n\n\n\t<div id=\"col-817108880\" class=\"col small-12 large-12\"  >\n\t\t\t\t<div class=\"col-inner\"  >\n\t\t\t\n\t\t\t\n\n<h1 style=\"text-align: center;\"><span style=\"font-size: 150%; color: #0000ff;\"><strong>Precis\u00e3o Futurista em Laborat\u00f3rio<\/span><\/strong><\/span><\/h1>\n<div style=\"text-align: justify;\">\n<div><span lang=\"PT-BR\" style=\"font-size: 130%;\">A automa\u00e7\u00e3o pr\u00e9-anal\u00edtica est\u00e1 redefinindo os contornos da efici\u00eancia laboratorial, marcando o amanhecer de um novo horizonte em diagn\u00f3sticos cl\u00ednicos. Implementando sistemas inovadores, os laborat\u00f3rios cl\u00ednicos est\u00e3o abra\u00e7ando uma era onde a precis\u00e3o se une \u00e0 rapidez, garantindo resultados confi\u00e1veis e um atendimento ao paciente sem precedentes. Com o avan\u00e7o das tecnologias, ferramentas como etiquetadoras, sorteadoras, visualizadores de veias e centr\u00edfugas est\u00e3o no epicentro dessa revolu\u00e7\u00e3o, cada uma adicionando uma camada de excel\u00eancia ao tratamento das amostras.<\/span><\/div>\n<\/div>\n\n\t\t<\/div>\n\t\t\t\t\t<\/div>\n\n\t\n\n<\/div>\n\t<div id=\"gap-616629566\" class=\"gap-element clearfix\" style=\"display:block; height:auto;\">\n\t\t\n<style>\n#gap-616629566 {\n  padding-top: 49px;\n}\n<\/style>\n\t<\/div>\n\t\n\n<div class=\"row align-equal\"  id=\"row-1588620565\">\n\n\n\t<div id=\"col-621427258\" class=\"col medium-6 small-12 large-6\"  >\n\t\t\t\t<div class=\"col-inner box-shadow-2 box-shadow-3-hover\" style=\"background-color:rgb(255,255,255);\" >\n\t\t\t\n\t\t\t\n\n<div class=\"row row-collapse\"  id=\"row-994459167\">\n\n\n\t<div id=\"col-1812906936\" class=\"col small-12 large-12\"  >\n\t\t\t\t<div class=\"col-inner\"  >\n\t\t\t\n\t\t\t\n\n\t<div id=\"ux-lottie-2923960772\" class=\"ux-lottie\" >\n\t\t\t\t<lottie-player class=\"ux-lottie__player\" data-params=\"{&quot;src&quot;:&quot;https:\\\/\\\/lealta.com.br\\\/landingpages\\\/bd_sms\\\/wp-content\\\/uploads\\\/2023\\\/12\\\/Sample-Vial.json&quot;,&quot;loop&quot;:true,&quot;autoplay&quot;:true,&quot;controls&quot;:false,&quot;speed&quot;:&quot;1&quot;,&quot;direction&quot;:1,&quot;trigger&quot;:&quot;&quot;,&quot;mouseout&quot;:&quot;&quot;,&quot;start&quot;:0,&quot;end&quot;:100,&quot;scrollActionType&quot;:&quot;seek&quot;,&quot;visibilityStart&quot;:0,&quot;visibilityEnd&quot;:100,&quot;id&quot;:&quot;ux-lottie-2923960772&quot;}\" ><\/lottie-player>\n\t\t\t\t\n<style>\n#ux-lottie-2923960772 {\n  width: 100%;\n  height: 300px;\n}\n<\/style>\n\t<\/div>\n\t\n\n\n\t\t<\/div>\n\t\t\t\t\t<\/div>\n\n\t\n\n\t<div id=\"col-639658018\" class=\"col small-12 large-12\"  >\n\t\t\t\t<div class=\"col-inner\"  >\n\t\t\t\n\t\t\t\n\n<h3 style=\"text-align: center;\"><span style=\"font-size: 130%;\"><strong>Etiquetadoras Inteligentes: Seguran\u00e7a e Rastreabilidade<\/strong> <\/span><\/h3>\n<p style=\"text-align: center;\"><span style=\"font-size: 130%;\">Etiquetadoras automatizadas s\u00e3o os pilares da rastreabilidade e seguran\u00e7a das amostras. Ao eliminar erros de identifica\u00e7\u00e3o manual, as etiquetadoras asseguram que cada amostra seja inequivocamente associada ao paciente correto. Com a automa\u00e7\u00e3o pr\u00e9-anal\u00edtica, cada vial \u00e9 marcado com precis\u00e3o, reduzindo riscos e elevando o padr\u00e3o de cuidados.<\/span><\/p>\n\n\t\t<\/div>\n\t\t\t\t\t<\/div>\n\n\t\n\n<\/div>\n\n\t\t<\/div>\n\t\t\t\t\n<style>\n#col-621427258 > .col-inner {\n  padding: 0px 20px 0px 20px;\n  border-radius: 40px;\n}\n<\/style>\n\t<\/div>\n\n\t\n\n\t<div id=\"col-851009293\" class=\"col medium-6 small-12 large-6\"  >\n\t\t\t\t<div class=\"col-inner box-shadow-2 box-shadow-3-hover\" style=\"background-color:rgb(255,255,255);\" >\n\t\t\t\n\t\t\t\n\n<div class=\"row row-collapse\"  id=\"row-355694488\">\n\n\n\t<div id=\"col-564923352\" class=\"col small-12 large-12\"  >\n\t\t\t\t<div class=\"col-inner\"  >\n\t\t\t\n\t\t\t\n\n\t<div id=\"ux-lottie-2108972599\" class=\"ux-lottie\" >\n\t\t\t\t<lottie-player class=\"ux-lottie__player\" data-params=\"{&quot;src&quot;:&quot;https:\\\/\\\/lealta.com.br\\\/landingpages\\\/bd_sms\\\/wp-content\\\/uploads\\\/2023\\\/12\\\/Covid-19-Test.json&quot;,&quot;loop&quot;:true,&quot;autoplay&quot;:true,&quot;controls&quot;:false,&quot;speed&quot;:&quot;1&quot;,&quot;direction&quot;:1,&quot;trigger&quot;:&quot;&quot;,&quot;mouseout&quot;:&quot;&quot;,&quot;start&quot;:0,&quot;end&quot;:100,&quot;scrollActionType&quot;:&quot;seek&quot;,&quot;visibilityStart&quot;:0,&quot;visibilityEnd&quot;:100,&quot;id&quot;:&quot;ux-lottie-2108972599&quot;}\" ><\/lottie-player>\n\t\t\t\t\n<style>\n#ux-lottie-2108972599 {\n  width: 100%;\n  height: 300px;\n}\n<\/style>\n\t<\/div>\n\t\n\n\n\t\t<\/div>\n\t\t\t\t\t<\/div>\n\n\t\n\n\t<div id=\"col-1633809676\" class=\"col small-12 large-12\"  >\n\t\t\t\t<div class=\"col-inner\"  >\n\t\t\t\n\t\t\t\n\n<h3 style=\"text-align: center;\"><span style=\"font-size: 130%;\"><strong>Sorteadoras \u00c1geis: Otimizando o Fluxo de Trabalho<\/strong> <\/span><\/h3>\n<p style=\"text-align: center;\"><span style=\"font-size: 130%;\">A triagem automatizada, realizada pelas sorteadoras, simplifica o caminho das amostras pelo laborat\u00f3rio. Capazes de direcionar amostras com velocidade e exatid\u00e3o, as sorteadoras s\u00e3o essenciais para um fluxo de trabalho sem interrup\u00e7\u00f5es, encaminhando cada amostra ao seu destino correto minimizando falhas.<\/span><\/p>\n\n\t\t<\/div>\n\t\t\t\t\t<\/div>\n\n\t\n\n<\/div>\n\n\t\t<\/div>\n\t\t\t\t\n<style>\n#col-851009293 > .col-inner {\n  padding: 0px 20px 0px 20px;\n  border-radius: 40px;\n}\n<\/style>\n\t<\/div>\n\n\t\n\n\t<div id=\"col-616837690\" class=\"col medium-6 small-12 large-6\"  >\n\t\t\t\t<div class=\"col-inner box-shadow-2 box-shadow-3-hover\" style=\"background-color:rgb(255,255,255);\" >\n\t\t\t\n\t\t\t\n\n<div class=\"row row-collapse\"  id=\"row-1065900982\">\n\n\n\t<div id=\"col-211813275\" class=\"col small-12 large-12\"  >\n\t\t\t\t<div class=\"col-inner\"  >\n\t\t\t\n\t\t\t\n\n\t<div id=\"ux-lottie-2586876364\" class=\"ux-lottie\" >\n\t\t\t\t<lottie-player class=\"ux-lottie__player\" data-params=\"{&quot;src&quot;:&quot;https:\\\/\\\/lealta.com.br\\\/landingpages\\\/bd_sms\\\/wp-content\\\/uploads\\\/2023\\\/12\\\/Veins.json&quot;,&quot;loop&quot;:true,&quot;autoplay&quot;:true,&quot;controls&quot;:false,&quot;speed&quot;:&quot;1&quot;,&quot;direction&quot;:1,&quot;trigger&quot;:&quot;&quot;,&quot;mouseout&quot;:&quot;&quot;,&quot;start&quot;:0,&quot;end&quot;:100,&quot;scrollActionType&quot;:&quot;seek&quot;,&quot;visibilityStart&quot;:0,&quot;visibilityEnd&quot;:100,&quot;id&quot;:&quot;ux-lottie-2586876364&quot;}\" ><\/lottie-player>\n\t\t\t\t\n<style>\n#ux-lottie-2586876364 {\n  width: 100%;\n  height: 300px;\n}\n<\/style>\n\t<\/div>\n\t\n\n\n\t\t<\/div>\n\t\t\t\t\t<\/div>\n\n\t\n\n\t<div id=\"col-1120518180\" class=\"col small-12 large-12\"  >\n\t\t\t\t<div class=\"col-inner\"  >\n\t\t\t\n\t\t\t\n\n<h3 style=\"text-align: center;\"><span style=\"font-size: 130%;\"><strong>Visualizador de Veias: Inova\u00e7\u00e3o e Conforto<\/strong><\/span><\/h3>\n<p style=\"text-align: center;\"><span style=\"font-size: 130%;\"> O visualizador de veias representa uma inova\u00e7\u00e3o not\u00e1vel na fase de coleta. Esta tecnologia permite aos profissionais identificar veias com clareza, minimizando desconfortos e repeti\u00e7\u00f5es no processo de pun\u00e7\u00e3o venosa, um avan\u00e7o not\u00e1vel para a experi\u00eancia do paciente.<\/span><\/p>\n\n\t\t<\/div>\n\t\t\t\t\t<\/div>\n\n\t\n\n<\/div>\n\n\t\t<\/div>\n\t\t\t\t\n<style>\n#col-616837690 > .col-inner {\n  padding: 0px 20px 0px 20px;\n  border-radius: 40px;\n}\n<\/style>\n\t<\/div>\n\n\t\n\n\t<div id=\"col-1178271206\" class=\"col medium-6 small-12 large-6\"  >\n\t\t\t\t<div class=\"col-inner box-shadow-2 box-shadow-3-hover\" style=\"background-color:rgb(255,255,255);\" >\n\t\t\t\n\t\t\t\n\n<div class=\"row row-collapse\"  id=\"row-2101635417\">\n\n\n\t<div id=\"col-750240840\" class=\"col small-12 large-12\"  >\n\t\t\t\t<div class=\"col-inner\"  >\n\t\t\t\n\t\t\t\n\n\t<div id=\"ux-lottie-948049326\" class=\"ux-lottie\" >\n\t\t\t\t<lottie-player class=\"ux-lottie__player\" data-params=\"{&quot;src&quot;:&quot;https:\\\/\\\/lealta.com.br\\\/landingpages\\\/bd_sms\\\/wp-content\\\/uploads\\\/2023\\\/12\\\/Test-Tube.json&quot;,&quot;loop&quot;:true,&quot;autoplay&quot;:true,&quot;controls&quot;:false,&quot;speed&quot;:&quot;1&quot;,&quot;direction&quot;:1,&quot;trigger&quot;:&quot;&quot;,&quot;mouseout&quot;:&quot;&quot;,&quot;start&quot;:0,&quot;end&quot;:100,&quot;scrollActionType&quot;:&quot;seek&quot;,&quot;visibilityStart&quot;:0,&quot;visibilityEnd&quot;:100,&quot;id&quot;:&quot;ux-lottie-948049326&quot;}\" ><\/lottie-player>\n\t\t\t\t\n<style>\n#ux-lottie-948049326 {\n  width: 100%;\n  height: 300px;\n}\n<\/style>\n\t<\/div>\n\t\n\n\n\t\t<\/div>\n\t\t\t\t\t<\/div>\n\n\t\n\n\t<div id=\"col-1977686298\" class=\"col small-12 large-12\"  >\n\t\t\t\t<div class=\"col-inner\"  >\n\t\t\t\n\t\t\t\n\n<h3 style=\"text-align: center;\"><span style=\"font-size: 130%;\"><strong>Centr\u00edfuga de Alta Performance: Consist\u00eancia e Qualidade<\/strong> <\/span><\/h3>\n<p style=\"text-align: center;\"><span style=\"font-size: 130%;\">As centr\u00edfugas modernas s\u00e3o fundamentais para a prepara\u00e7\u00e3o de amostras, separando componentes com precis\u00e3o e consist\u00eancia. A automa\u00e7\u00e3o nesse est\u00e1gio \u00e9 vital para manter a integridade das amostras, um aspecto crucial para assegurar a qualidade e a confiabilidade dos testes subsequentes.<\/span><\/p>\n\n\t\t<\/div>\n\t\t\t\t\t<\/div>\n\n\t\n\n<\/div>\n\n\t\t<\/div>\n\t\t\t\t\n<style>\n#col-1178271206 > .col-inner {\n  padding: 0px 20px 0px 20px;\n  border-radius: 40px;\n}\n<\/style>\n\t<\/div>\n\n\t\n\n\t<div id=\"col-920074242\" class=\"col small-12 large-12\"  >\n\t\t\t\t<div class=\"col-inner\" style=\"background-color:rgb(0, 44, 209);\" >\n\t\t\t\n\t\t\t\n\n\n  <div class=\"banner has-hover\" id=\"banner-1842805287\">\n          <div class=\"banner-inner fill\">\n        <div class=\"banner-bg fill\" >\n            <div class=\"bg fill bg-fill \"><\/div>\n                        <div class=\"overlay\"><\/div>            \n                    <\/div>\n\t\t\n        <div class=\"banner-layers container\">\n            <div class=\"fill banner-link\"><\/div>            \n\n   <div id=\"text-box-2078163717\" class=\"text-box banner-layer x50 md-x50 lg-x50 y50 md-y50 lg-y50 res-text\">\n                                <div class=\"text-box-content text dark\">\n              \n              <div class=\"text-inner text-center\">\n                  \n\n\t<div id=\"text-1291387014\" class=\"text\">\n\t\t\n\n<h1>\u00a0<\/h1>\n<h1 style=\"text-align: center;\"><b><span lang=\"PT-BR\">Garantia da Integridade das Amostras<\/span><\/b><\/h1>\n\t\t\n<style>\n#text-1291387014 {\n  font-size: 0.85rem;\n}\n<\/style>\n\t<\/div>\n\t\n<div>\n<p style=\"text-align: center;\"><span lang=\"PT-BR\" style=\"font-size: 130%;\">Sistemas automatizados s\u00e3o projetados para manipular amostras com extrema delicadeza, minimizando o risco de contamina\u00e7\u00e3o ou degrada\u00e7\u00e3o da amostra. Isso garante que a integridade das amostras seja mantida do in\u00edcio ao fim do processo.<\/span><\/p>\n<\/div>\n<a class=\"button secondary is-xlarge\"  style=\"border-radius:10px;\">\n    <span>Clique aqui e conhe\u00e7a nossas solu\u00e7\u00f5es<\/span>\n  <\/a>\n\n\n\n              <\/div>\n           <\/div>\n                            \n<style>\n#text-box-2078163717 {\n  width: 92%;\n}\n#text-box-2078163717 .text-box-content {\n  font-size: 100%;\n}\n<\/style>\n    <\/div>\n \n\n        <\/div>\n      <\/div>\n\n            \n<style>\n#banner-1842805287 {\n  padding-top: 300px;\n  background-color: rgba(0, 25, 54, 0.709);\n}\n#banner-1842805287 .bg.bg-loaded {\n  background-image: url(https:\/\/lealta.com.br\/landingpages\/bd_sms\/wp-content\/uploads\/2024\/03\/PAS_BC_0616-0019-2048x2048-1.jpeg);\n}\n#banner-1842805287 .overlay {\n  background-color: rgba(0, 25, 54, 0.767);\n}\n#banner-1842805287 .bg {\n  background-position: 43% 35%;\n}\n<\/style>\n  <\/div>\n\n\n\n\t\t<\/div>\n\t\t\t\t\n<style>\n#col-920074242 > .col-inner {\n  padding: 45px 0px 45px 0px;\n  margin: 30px 0px 0px 0px;\n  border-radius: 40px;\n}\n<\/style>\n\t<\/div>\n\n\t\n\n<\/div>\n\n\t\t<\/div>\n\t\t\t\t\t<\/div>\n\n\t\n\n<\/div>\n\n\t\t<\/div>\n\t\t\t\t\t<\/div>\n\n\t\n\n<\/div>\n\n\t\t<\/div>\n\n\t\t\n<style>\n#section_515012998 {\n  padding-top: 100px;\n  padding-bottom: 100px;\n  background-color: rgb(245, 245, 245);\n}\n@media (min-width:550px) {\n  #section_515012998 {\n    padding-top: 40px;\n    padding-bottom: 40px;\n  }\n}\n<\/style>\n\t<\/section>\n\t\n\n\n","protected":false},"excerpt":{"rendered":"","protected":false},"author":1,"featured_media":0,"parent":0,"menu_order":0,"comment_status":"closed","ping_status":"closed","template":"page-blank.php","meta":{"inline_featured_image":false,"footnotes":""},"class_list":["post-1386","page","type-page","status-publish","hentry"],"_links":{"self":[{"href":"https:\/\/lealta.com.br\/landingpages\/bd_sms\/wp-json\/wp\/v2\/pages\/1386","targetHints":{"allow":["GET"]}}],"collection":[{"href":"https:\/\/lealta.com.br\/landingpages\/bd_sms\/wp-json\/wp\/v2\/pages"}],"about":[{"href":"https:\/\/lealta.com.br\/landingpages\/bd_sms\/wp-json\/wp\/v2\/types\/page"}],"author":[{"embeddable":true,"href":"https:\/\/lealta.com.br\/landingpages\/bd_sms\/wp-json\/wp\/v2\/users\/1"}],"replies":[{"embeddable":true,"href":"https:\/\/lealta.com.br\/landingpages\/bd_sms\/wp-json\/wp\/v2\/comments?post=1386"}],"version-history":[{"count":28,"href":"https:\/\/lealta.com.br\/landingpages\/bd_sms\/wp-json\/wp\/v2\/pages\/1386\/revisions"}],"predecessor-version":[{"id":1655,"href":"https:\/\/lealta.com.br\/landingpages\/bd_sms\/wp-json\/wp\/v2\/pages\/1386\/revisions\/1655"}],"wp:attachment":[{"href":"https:\/\/lealta.com.br\/landingpages\/bd_sms\/wp-json\/wp\/v2\/media?parent=1386"}],"curies":[{"name":"wp","href":"https:\/\/api.w.org\/{rel}","templated":true}]}}