{"id":1403,"date":"2023-12-13T09:27:31","date_gmt":"2023-12-13T12:27:31","guid":{"rendered":"https:\/\/lealta.com.br\/landingpages\/bd_sms\/?page_id=1403"},"modified":"2024-03-19T10:42:50","modified_gmt":"2024-03-19T13:42:50","slug":"06-erros-na-fase-pre-analitica","status":"publish","type":"page","link":"https:\/\/lealta.com.br\/landingpages\/bd_sms\/06-erros-na-fase-pre-analitica\/","title":{"rendered":"07 &#8211; Erros na Fase Pr\u00e9-Anal\u00edtica"},"content":{"rendered":"\n\t<section class=\"section dark\" id=\"section_1934603680\">\n\t\t<div class=\"bg section-bg fill bg-fill  \" >\n\n\t\t\t\n\t\t\t<div class=\"section-bg-overlay absolute fill\"><\/div>\n\t\t\t\n\n\t\t<\/div>\n\n\t\t\n\t<div class=\"ux-shape-divider ux-shape-divider--bottom ux-shape-divider--style-waves-opacity-3\">\n\t\t<svg viewBox=\"0 0 1000 300\" xmlns=\"http:\/\/www.w3.org\/2000\/svg\" preserveAspectRatio=\"none\">\n\t<path class=\"ux-shape-fill\" opacity=\"0.05\" d=\"M1014 264V386H206L34 300C34 300 344.42 277.16 436 221C542 156 590 160 704 209C811 255 899.11 214.94 979 346L1014 264Z\"\/>\n\t<path class=\"ux-shape-fill\" opacity=\"0.1\" d=\"M-302 55C-302 55 -66.73 263.25 50 214C178 160 283 116 353 141C445.68 174.1 534.28 256.19 588 249C692.9 235 764.52 75.94 855 131C940.61 183.09 1000 254 1000 254V328L-306 338L-302 55Z\"\/>\n\t<path class=\"ux-shape-fill\" opacity=\"0.15\" d=\"M-286 255C-286 255 -72 152 52 126C176 100 255 155 436 227C581.57 284.91 614.7 277.79 708 227C787 184 1009 3.0001 1093 164C1146 265.63 1031 293 1031 293L924 377L-288 389L-286 255Z\"\/>\n\t<path class=\"ux-shape-fill\" opacity=\"0.3\" d=\"M-24 69C-24 69 275.68 370.66 389 314C397 310 622 316 673 356C690.47 369.7 845 224 890 182C944.8 130.85 1018 92 1078 143C1154.12 207.7 1196 242 1196 242L1184 374L-28 386L-24 69Z\"\/>\n\t<path class=\"ux-shape-fill\" d=\"M-12 201C-12 201 58 284 182 258C306 232 342.29 221.23 456 264C565 305 640.82 288.36 721 249C776 222 837.5 191.31 935 253C984 284 1030 279 1030 279L1024 430L-12 440V201Z\"\/>\n<\/svg>\n\t<\/div>\n\n\t\t<div class=\"section-content relative\">\n\t\t\t\n\n<div class=\"row\"  id=\"row-1946700951\">\n\n\n\t<div id=\"col-1816725581\" class=\"col medium-5 small-12 large-5\"  >\n\t\t\t\t<div class=\"col-inner\"  >\n\t\t\t\n\t\t\t\n\n\t<div id=\"text-2200559610\" class=\"text\">\n\t\t\n\n<h6><span style=\"color: #ffffff;\"><strong>Solu\u00e7\u00f5es Pr\u00e9-Anal\u00edticas<\/strong><\/span><\/h6>\n\t\t\n<style>\n#text-2200559610 {\n  color: rgb(255, 255, 255);\n}\n#text-2200559610 > * {\n  color: rgb(255, 255, 255);\n}\n<\/style>\n\t<\/div>\n\t\n\t<div id=\"text-1795722167\" class=\"text\">\n\t\t\n\n<div class=\"page-header-title appear appeared\">\n<p><span style=\"font-size: 130%;\">ERROS EM FASE<br \/>PR\u00c9-ANAL\u00cdTICA<\/span><\/p>\n<\/div>\n<figure class=\"page-header-visual appear appeared\"><\/figure>\n\t\t\n<style>\n#text-1795722167 {\n  font-size: 1.7rem;\n}\n<\/style>\n\t<\/div>\n\t\n\n\t\t<\/div>\n\t\t\t\t\n<style>\n#col-1816725581 > .col-inner {\n  margin: 70px 0px 0px 0px;\n}\n<\/style>\n\t<\/div>\n\n\t\n\n\t<div id=\"col-315302850\" class=\"col medium-7 small-12 large-7\"  >\n\t\t\t\t<div class=\"col-inner\"  >\n\t\t\t\n\t\t\t\n\n\t<div class=\"img has-hover x md-x lg-x y md-y lg-y\" id=\"image_601095628\">\n\t\t\t\t\t\t\t\t<div class=\"img-inner image-cover dark\" style=\"padding-top:251px;\">\n\t\t\t<img loading=\"lazy\" decoding=\"async\" width=\"600\" height=\"300\" src=\"https:\/\/lealta.com.br\/landingpages\/bd_sms\/wp-content\/uploads\/2022\/07\/transp.png\" class=\"attachment-large size-large\" alt=\"\" srcset=\"https:\/\/lealta.com.br\/landingpages\/bd_sms\/wp-content\/uploads\/2022\/07\/transp.png 600w, https:\/\/lealta.com.br\/landingpages\/bd_sms\/wp-content\/uploads\/2022\/07\/transp-300x150.png 300w\" sizes=\"auto, (max-width: 600px) 100vw, 600px\" \/>\t\t\t\t\t\t\t<div class=\"overlay\" style=\"background-color: rgba(155, 174, 255, 0.174)\"><\/div>\n\t\t\t\t\t\t\n\t\t\t\t\t<\/div>\n\t\t\t\t\t\t\t\t\n<style>\n#image_601095628 {\n  width: 81%;\n}\n<\/style>\n\t<\/div>\n\t\n\n\n\t\t<\/div>\n\t\t\t\t\n<style>\n#col-315302850 > .col-inner {\n  margin: 156px 0px 0px -300px;\n}\n@media (min-width:550px) {\n  #col-315302850 > .col-inner {\n    margin: 256px 0px 0px -181px;\n  }\n}\n<\/style>\n\t<\/div>\n\n\t\n\n\t<div id=\"col-778525354\" class=\"col medium-7 small-12 large-7\"  >\n\t\t\t\t<div class=\"col-inner box-shadow-5\" style=\"background-color:rgb(255, 255, 255);\" >\n\t\t\t\n\t\t\t\n\n\t<div class=\"img has-hover x md-x lg-x y md-y lg-y\" id=\"image_1619279605\">\n\t\t\t\t\t\t\t\t<div class=\"img-inner image-cover box-shadow-3 dark\" style=\"padding-top:56.25%;\">\n\t\t\t<img loading=\"lazy\" decoding=\"async\" width=\"2048\" height=\"1175\" src=\"https:\/\/lealta.com.br\/landingpages\/bd_sms\/wp-content\/uploads\/2024\/03\/9NC-103-uk-2048x2048-1.jpeg\" class=\"attachment-original size-original\" alt=\"\" srcset=\"https:\/\/lealta.com.br\/landingpages\/bd_sms\/wp-content\/uploads\/2024\/03\/9NC-103-uk-2048x2048-1.jpeg 2048w, https:\/\/lealta.com.br\/landingpages\/bd_sms\/wp-content\/uploads\/2024\/03\/9NC-103-uk-2048x2048-1-300x172.jpeg 300w, https:\/\/lealta.com.br\/landingpages\/bd_sms\/wp-content\/uploads\/2024\/03\/9NC-103-uk-2048x2048-1-1024x588.jpeg 1024w, https:\/\/lealta.com.br\/landingpages\/bd_sms\/wp-content\/uploads\/2024\/03\/9NC-103-uk-2048x2048-1-768x441.jpeg 768w, https:\/\/lealta.com.br\/landingpages\/bd_sms\/wp-content\/uploads\/2024\/03\/9NC-103-uk-2048x2048-1-1536x881.jpeg 1536w\" sizes=\"auto, (max-width: 2048px) 100vw, 2048px\" \/>\t\t\t\t\t\t\n\t\t\t\t\t<\/div>\n\t\t\t\t\t\t\t\t\n<style>\n#image_1619279605 {\n  width: 100%;\n}\n<\/style>\n\t<\/div>\n\t\n\n\n\t\t<\/div>\n\t\t\t\t\n<style>\n#col-778525354 > .col-inner {\n  margin: -480px 0px 0px 0px;\n  border-radius: 31px;\n}\n@media (min-width:550px) {\n  #col-778525354 > .col-inner {\n    margin: -435px 0px 0px 440px;\n  }\n}\n<\/style>\n\t<\/div>\n\n\t\n\n<\/div>\n\n\t\t<\/div>\n\n\t\t\n<style>\n#section_1934603680 {\n  padding-top: 0px;\n  padding-bottom: 0px;\n  background-color: #004593;\n}\n#section_1934603680 .section-bg-overlay {\n  background-color: rgba(0, 69, 147, 0.477);\n}\n#section_1934603680 .section-bg.bg-loaded {\n  background-image: url(https:\/\/lealta.com.br\/landingpages\/bd_sms\/wp-content\/uploads\/2024\/03\/9NC-103-uk-2048x2048-1.jpeg);\n}\n#section_1934603680 .section-bg {\n  background-position: 0% 85%;\n}\n#section_1934603680 .ux-shape-divider--bottom svg {\n  height: 150px;\n  --divider-width: 100%;\n}\n#section_1934603680 .ux-shape-divider--bottom .ux-shape-fill {\n  fill: rgb(245, 245, 245);\n}\n<\/style>\n\t<\/section>\n\t\n\t<section class=\"section\" id=\"section_1618377373\">\n\t\t<div class=\"bg section-bg fill bg-fill  bg-loaded\" >\n\n\t\t\t\n\t\t\t\n\t\t\t\n\n\t\t<\/div>\n\n\t\t\n\n\t\t<div class=\"section-content relative\">\n\t\t\t\n\n<div class=\"row\"  id=\"row-1178159039\">\n\n\n\t<div id=\"col-290609031\" class=\"col small-12 large-12\"  >\n\t\t\t\t<div class=\"col-inner\"  >\n\t\t\t\n\t\t\t\n\n\t<div id=\"gap-570644064\" class=\"gap-element clearfix\" style=\"display:block; height:auto;\">\n\t\t\n<style>\n#gap-570644064 {\n  padding-top: 59px;\n}\n<\/style>\n\t<\/div>\n\t\n\n<div class=\"row\"  id=\"row-621194864\">\n\n\n\t<div id=\"col-1509151116\" class=\"col small-12 large-12\"  >\n\t\t\t\t<div class=\"col-inner\"  >\n\t\t\t\n\t\t\t\n\n<div class=\"row align-middle\"  id=\"row-1696288226\">\n\n\n\t<div id=\"col-61364676\" class=\"col small-12 large-12\"  >\n\t\t\t\t<div class=\"col-inner\"  >\n\t\t\t\n\t\t\t\n\n<h1 style=\"text-align: center;\"><span style=\"font-size: 150%; color: #0000ff;\"><strong>Desafios da Fase Pr\u00e9-Anal\u00edtica: Mitigando Erros Comuns<\/span><\/strong><\/span><\/h1>\n<div style=\"text-align: justify;\">\n<div><span lang=\"PT-BR\" style=\"font-size: 130%;\">Na complexa jornada diagn\u00f3stica de um laborat\u00f3rio cl\u00ednico, a fase pr\u00e9-anal\u00edtica \u00e9 frequentemente marcada por desafios que, se n\u00e3o endere\u00e7ados, podem comprometer a integridade dos resultados. Os erros nesta etapa inicial s\u00e3o n\u00e3o apenas frequentes, mas tamb\u00e9m variados, cada um introduzindo potenciais desvios na interpreta\u00e7\u00e3o dos dados cl\u00ednicos. A qualidade do cuidado ao paciente come\u00e7a aqui, exigindo um olhar meticuloso sobre processos como a etiquetagem, o manuseio de amostras e a prepara\u00e7\u00e3o para an\u00e1lise.<\/span><\/div>\n<\/div>\n\n\t\t<\/div>\n\t\t\t\t\t<\/div>\n\n\t\n\n<\/div>\n\t<div id=\"gap-360173981\" class=\"gap-element clearfix\" style=\"display:block; height:auto;\">\n\t\t\n<style>\n#gap-360173981 {\n  padding-top: 49px;\n}\n<\/style>\n\t<\/div>\n\t\n\n\n\t\t<\/div>\n\t\t\t\t\t<\/div>\n\n\t\n\n<\/div>\n<div class=\"row\"  id=\"row-1637618929\">\n\n\n\t<div id=\"col-395168205\" class=\"col medium-8 small-12 large-8\"  >\n\t\t\t\t<div class=\"col-inner\"  >\n\t\t\t\n\t\t\t\n\n\t<div class=\"img has-hover x md-x lg-x y md-y lg-y\" id=\"image_157944419\">\n\t\t\t\t\t\t\t\t<div class=\"img-inner dark\" >\n\t\t\t<img loading=\"lazy\" decoding=\"async\" width=\"1370\" height=\"816\" src=\"https:\/\/lealta.com.br\/landingpages\/bd_sms\/wp-content\/uploads\/2024\/03\/Asset-17@4x.png\" class=\"attachment-original size-original\" alt=\"\" srcset=\"https:\/\/lealta.com.br\/landingpages\/bd_sms\/wp-content\/uploads\/2024\/03\/Asset-17@4x.png 1370w, https:\/\/lealta.com.br\/landingpages\/bd_sms\/wp-content\/uploads\/2024\/03\/Asset-17@4x-300x179.png 300w, https:\/\/lealta.com.br\/landingpages\/bd_sms\/wp-content\/uploads\/2024\/03\/Asset-17@4x-1024x610.png 1024w, https:\/\/lealta.com.br\/landingpages\/bd_sms\/wp-content\/uploads\/2024\/03\/Asset-17@4x-768x457.png 768w\" sizes=\"auto, (max-width: 1370px) 100vw, 1370px\" \/>\t\t\t\t\t\t\n\t\t\t\t\t<\/div>\n\t\t\t\t\t\t\t\t\n<style>\n#image_157944419 {\n  width: 100%;\n}\n<\/style>\n\t<\/div>\n\t\n\n\n\t\t<\/div>\n\t\t\t\t\t<\/div>\n\n\t\n\n\t<div id=\"col-1672750977\" class=\"col medium-4 small-12 large-4\"  >\n\t\t\t\t<div class=\"col-inner\"  >\n\t\t\t\n\t\t\t\n\n<div class=\"row\"  id=\"row-1447533194\">\n\n\n\t<div id=\"col-1975543059\" class=\"col small-12 large-12\"  >\n\t\t\t\t<div class=\"col-inner box-shadow-2 box-shadow-3-hover dark\" style=\"background-color:#004593;\" >\n\t\t\t\n\t\t\t\n\n\t<div id=\"text-77964388\" class=\"text\">\n\t\t\n\n<h1><span style=\"font-size: 160%;\"><strong>73%<\/strong> <\/span><\/h1>\n<p><span style=\"font-size: 130%;\">dos erros poderiam <\/span><span style=\"font-size: 130%;\">ser evitados<\/span><\/p>\n\t\t\n<style>\n#text-77964388 {\n  line-height: 0.75;\n}\n<\/style>\n\t<\/div>\n\t\n\n\t\t<\/div>\n\t\t\t\t\n<style>\n#col-1975543059 > .col-inner {\n  padding: 20px 20px 20px 21px;\n  border-radius: 32px;\n}\n<\/style>\n\t<\/div>\n\n\t\n\n\t<div id=\"col-989348728\" class=\"col small-12 large-12\"  >\n\t\t\t\t<div class=\"col-inner box-shadow-2 box-shadow-3-hover dark\" style=\"background-color:#004593;\" >\n\t\t\t\n\t\t\t\n\n\t<div id=\"text-1490471481\" class=\"text\">\n\t\t\n\n<h1><span style=\"font-size: 160%;\"><strong>24,6%<\/strong> <\/span><\/h1>\n<p><span style=\"font-size: 130%;\">resultam em uma nova coleta desnecess\u00e1ria<sup>1<\/sup><\/span><\/p>\n\t\t\n<style>\n#text-1490471481 {\n  line-height: 1.15;\n  text-align: right;\n}\n<\/style>\n\t<\/div>\n\t\n\n\t\t<\/div>\n\t\t\t\t\n<style>\n#col-989348728 > .col-inner {\n  padding: 20px 20px 20px 21px;\n  border-radius: 32px;\n}\n<\/style>\n\t<\/div>\n\n\t\n\n<\/div>\n\n\t\t<\/div>\n\t\t\t\t\t<\/div>\n\n\t\n\n<\/div>\n\n\t\t<\/div>\n\t\t\t\t\t<\/div>\n\n\t\n\n<\/div>\n<div class=\"row align-equal\"  id=\"row-411548638\">\n\n\n\t<div id=\"col-474557475\" class=\"col small-12 large-12\"  >\n\t\t\t\t<div class=\"col-inner\"  >\n\t\t\t\n\t\t\t\n\n\t<div id=\"gap-455439829\" class=\"gap-element clearfix\" style=\"display:block; height:auto;\">\n\t\t\n<style>\n#gap-455439829 {\n  padding-top: 48px;\n}\n<\/style>\n\t<\/div>\n\t\n\n\t<div id=\"text-962946571\" class=\"text\">\n\t\t\n\n<h1 style=\"text-align: center;\"><span style=\"font-size: 150%; color: #0000ff;\"><strong>Principais erros em fase pr\u00e9-anal\u00edtica\u00a0<\/span><\/strong><\/h1>\n\t\t\n<style>\n#text-962946571 {\n  text-align: center;\n}\n<\/style>\n\t<\/div>\n\t\n\n\t\t<\/div>\n\t\t\t\t\t<\/div>\n\n\t\n\n\t<div id=\"col-1383365132\" class=\"col medium-4 small-12 large-4\"  >\n\t\t\t\t<div class=\"col-inner box-shadow-2 box-shadow-3-hover dark\" style=\"background-color:#004593;\" >\n\t\t\t\n\t\t\t\n\n<p style=\"text-align: center;\"><span style=\"font-size: 130%;\"><strong>Erros de Etiquetagem<\/strong><\/span><\/p>\n<p style=\"text-align: center;\"><span style=\"font-size: 130%;\">Erros de etiquetagem encabe\u00e7am as falhas pr\u00e9-anal\u00edticas, podendo levar a diagn\u00f3sticos equivocados. Uma identifica\u00e7\u00e3o clara e precisa \u00e9 vital, e a aten\u00e7\u00e3o aos detalhes neste passo n\u00e3o pode ser subestimada.<\/span><\/p>\n\n\t\t<\/div>\n\t\t\t\t\n<style>\n#col-1383365132 > .col-inner {\n  padding: 20px 20px 20px 21px;\n  border-radius: 32px;\n}\n<\/style>\n\t<\/div>\n\n\t\n\n\t<div id=\"col-1611574516\" class=\"col medium-4 small-12 large-4\"  >\n\t\t\t\t<div class=\"col-inner box-shadow-2 box-shadow-3-hover dark\" style=\"background-color:rgb(0, 48, 102);\" >\n\t\t\t\n\t\t\t\n\n<p style=\"text-align: center;\"><span style=\"font-size: 130%;\"><strong>Volume de Sangue Inadequado<\/strong><\/span><\/p>\n<p style=\"text-align: center;\"><span style=\"font-size: 130%;\">A coleta de um volume inadequado de sangue pode inviabilizar an\u00e1lises precisas. Laborat\u00f3rios devem assegurar que cada amostra atenda aos volumes requeridos para evitar retestes e atrasos.<\/span><\/p>\n\n\t\t<\/div>\n\t\t\t\t\n<style>\n#col-1611574516 > .col-inner {\n  padding: 20px 20px 20px 21px;\n  border-radius: 32px;\n}\n<\/style>\n\t<\/div>\n\n\t\n\n\t<div id=\"col-1559957286\" class=\"col medium-4 small-12 large-4\"  >\n\t\t\t\t<div class=\"col-inner box-shadow-2 box-shadow-3-hover dark\" style=\"background-color:#004593;\" >\n\t\t\t\n\t\t\t\n\n<p style=\"text-align: center;\"><span style=\"font-size: 130%;\"><strong>Hem\u00f3lise<\/strong><\/span><\/p>\n<p style=\"text-align: center;\"><span style=\"font-size: 130%;\">A hem\u00f3lise \u00e9 um erro comum que pode mascarar resultados ver\u00eddicos. \u00c9 essencial treinar equipes para manuseio correto e evitar a ruptura dos gl\u00f3bulos vermelhos.<\/span><\/p>\n\n\t\t<\/div>\n\t\t\t\t\n<style>\n#col-1559957286 > .col-inner {\n  padding: 20px 20px 20px 21px;\n  border-radius: 32px;\n}\n<\/style>\n\t<\/div>\n\n\t\n\n\t<div id=\"col-1792699116\" class=\"col medium-4 small-12 large-4\"  >\n\t\t\t\t<div class=\"col-inner box-shadow-2 box-shadow-3-hover dark\" style=\"background-color:rgb(0, 48, 102);\" >\n\t\t\t\n\t\t\t\n\n<p style=\"text-align: center;\"><span style=\"font-size: 130%;\"><strong>Uso Inadequado de Tubos<\/strong><\/span><\/p>\n<p style=\"text-align: center;\"><span style=\"font-size: 130%;\">A sele\u00e7\u00e3o apropriada de tubos \u00e9 cr\u00edtica para testes espec\u00edficos. Um uso inadequado pode levar a rea\u00e7\u00f5es qu\u00edmicas indesejadas e contaminar os resultados.<\/span><\/p>\n\n\t\t<\/div>\n\t\t\t\t\n<style>\n#col-1792699116 > .col-inner {\n  padding: 20px 20px 20px 21px;\n  border-radius: 32px;\n}\n<\/style>\n\t<\/div>\n\n\t\n\n\t<div id=\"col-1657455729\" class=\"col medium-4 small-12 large-4\"  >\n\t\t\t\t<div class=\"col-inner box-shadow-2 box-shadow-3-hover dark\" style=\"background-color:#004593;\" >\n\t\t\t\n\t\t\t\n\n<p style=\"text-align: center;\"><span style=\"font-size: 130%;\"><strong>Co\u00e1gulos e Fibrinas<\/strong><\/span><\/p>\n<p style=\"text-align: center;\"><span style=\"font-size: 130%;\">Co\u00e1gulos e fibrinas podem formar-se devido a t\u00e9cnicas de coleta inadequadas ou manuseio incorreto, comprometendo a pureza da amostra e, consequentemente, a precis\u00e3o do diagn\u00f3stico.<\/span><\/p>\n\n\t\t<\/div>\n\t\t\t\t\n<style>\n#col-1657455729 > .col-inner {\n  padding: 20px 20px 20px 21px;\n  border-radius: 32px;\n}\n<\/style>\n\t<\/div>\n\n\t\n\n\t<div id=\"col-527421521\" class=\"col medium-4 small-12 large-4\"  >\n\t\t\t\t<div class=\"col-inner box-shadow-2 box-shadow-3-hover dark\" style=\"background-color:rgb(0, 48, 102);\" >\n\t\t\t\n\t\t\t\n\n<p style=\"text-align: center;\"><span style=\"font-size: 130%;\"><strong>Centrifuga\u00e7\u00e3o Incorreta<\/strong><\/span><\/p>\n<p style=\"text-align: center;\"><span style=\"font-size: 130%;\">Uma centrifuga\u00e7\u00e3o correta \u00e9 crucial para separar devidamente os componentes sangu\u00edneos. Par\u00e2metros inadequados podem levar a resultados falhos e diagn\u00f3sticos imprecisos.<\/span><\/p>\n\n\t\t<\/div>\n\t\t\t\t\n<style>\n#col-527421521 > .col-inner {\n  padding: 20px 20px 20px 21px;\n  border-radius: 32px;\n}\n<\/style>\n\t<\/div>\n\n\t\n\n<\/div>\n<div class=\"row\"  id=\"row-1616107758\">\n\n\n\t<div id=\"col-1509826625\" class=\"col small-12 large-12\"  >\n\t\t\t\t<div class=\"col-inner\"  >\n\t\t\t\n\t\t\t\n\n\t<div id=\"gap-524447825\" class=\"gap-element clearfix\" style=\"display:block; height:auto;\">\n\t\t\n<style>\n#gap-524447825 {\n  padding-top: 50px;\n}\n<\/style>\n\t<\/div>\n\t\n\n<p><span style=\"font-size: 130%;\">Cada etapa da fase pr\u00e9-anal\u00edtica requer uma combina\u00e7\u00e3o de tecnologia avan\u00e7ada, procedimentos rigorosos e treinamento especializado. Ao enfrentar estes erros comuns de frente, laborat\u00f3rios podem n\u00e3o apenas melhorar a qualidade dos seus servi\u00e7os, mas tamb\u00e9m refor\u00e7ar a confian\u00e7a dos pacientes nos cuidados de sa\u00fade que recebem.<\/span><\/p>\n\t<div id=\"gap-2112647292\" class=\"gap-element clearfix\" style=\"display:block; height:auto;\">\n\t\t\n<style>\n#gap-2112647292 {\n  padding-top: 50px;\n}\n<\/style>\n\t<\/div>\n\t\n\n<p><span style=\"font-size: 75%;\">A integra\u00e7\u00e3o de pr\u00e1ticas baseadas em evid\u00eancia e estudos como os publicados pelo &#8220;Clinical Biochemistry&#8221; pode ser fundamental para entender e mitigar os erros na fase pr\u00e9-anal\u00edtica, garantindo a entrega de servi\u00e7os laboratoriais de alta confiabilidade.<\/span><\/p>\n\n\t\t<\/div>\n\t\t\t\t\t<\/div>\n\n\t\n\n<\/div>\n\n\t\t<\/div>\n\n\t\t\n<style>\n#section_1618377373 {\n  padding-top: 100px;\n  padding-bottom: 100px;\n  background-color: rgb(245, 245, 245);\n}\n@media (min-width:550px) {\n  #section_1618377373 {\n    padding-top: 40px;\n    padding-bottom: 40px;\n  }\n}\n<\/style>\n\t<\/section>\n\t\n\t<section class=\"section\" id=\"section_776394753\">\n\t\t<div class=\"bg section-bg fill bg-fill  bg-loaded\" >\n\n\t\t\t\n\t\t\t\n\t\t\t\n\n\t\t<\/div>\n\n\t\t\t<div class=\"ux-shape-divider ux-shape-divider--top ux-shape-divider--style-fan\">\n\t\t<svg viewBox=\"0 0 1000 100\" xmlns=\"http:\/\/www.w3.org\/2000\/svg\" preserveAspectRatio=\"none\">\n  <path class=\"ux-shape-fill\" d=\"M500 50L1067.25 102.5H-67.2466L500 50Z\"\/>\n  <path class=\"ux-shape-fill\" opacity=\"0.15\" d=\"M1011 2.70583L500 50.0001L-12 2.61328V105H1011V2.70583Z\"\/>\n  <path class=\"ux-shape-fill\" opacity=\"0.3\" d=\"M-13 50H1010V105H-13V50Z\"\/>\n<\/svg>\n\t<\/div>\n\n\t<div class=\"ux-shape-divider ux-shape-divider--bottom ux-shape-divider--style-waves-opacity-2\">\n\t\t<svg viewBox=\"0 0 1000 300\" xmlns=\"http:\/\/www.w3.org\/2000\/svg\" preserveAspectRatio=\"none\">\n  <path class=\"ux-shape-fill\" opacity=\"0.15\" d=\"M0 299L-2 19.9998C153 -16.0002 308 155 413 184C515.64 212.35 562 152 645 153C725 154 787 206 874 233C939.54 253.34 975 248 1000 244.61V299H0Z\"\/>\n  <path class=\"ux-shape-fill\" opacity=\"0.3\" d=\"M0 300L-2 34C155 -9.00003 300 178 403 212C504.11 245.38 562 165 645 166C725 167 790.09 220.07 874 253C939.21 278.59 978.07 269.72 1000 263.61V300H0Z\"\/>\n  <path class=\"ux-shape-fill\" d=\"M0 300L-1 69.7099C216 56.9999 299.47 198.86 403 226C506 253 577 196 660 197C740 198 790.09 234.07 874 267C935.23 291 982 282.61 1000 277.61V300H0Z\"\/>\n<\/svg>\n\t<\/div>\n\n\t\t<div class=\"section-content relative\">\n\t\t\t\n\n\n\t\t<\/div>\n\n\t\t\n<style>\n#section_776394753 {\n  padding-top: 100px;\n  padding-bottom: 100px;\n  background-color: rgb(255, 255, 255);\n}\n#section_776394753 .ux-shape-divider--top svg {\n  height: 215px;\n  --divider-top-width: 100%;\n}\n#section_776394753 .ux-shape-divider--bottom svg {\n  height: 170px;\n  --divider-width: 100%;\n}\n@media (min-width:550px) {\n  #section_776394753 {\n    padding-top: 0px;\n    padding-bottom: 0px;\n  }\n}\n<\/style>\n\t<\/section>\n\t\n\n","protected":false},"excerpt":{"rendered":"","protected":false},"author":1,"featured_media":0,"parent":0,"menu_order":0,"comment_status":"closed","ping_status":"closed","template":"page-blank.php","meta":{"inline_featured_image":false,"footnotes":""},"class_list":["post-1403","page","type-page","status-publish","hentry"],"_links":{"self":[{"href":"https:\/\/lealta.com.br\/landingpages\/bd_sms\/wp-json\/wp\/v2\/pages\/1403","targetHints":{"allow":["GET"]}}],"collection":[{"href":"https:\/\/lealta.com.br\/landingpages\/bd_sms\/wp-json\/wp\/v2\/pages"}],"about":[{"href":"https:\/\/lealta.com.br\/landingpages\/bd_sms\/wp-json\/wp\/v2\/types\/page"}],"author":[{"embeddable":true,"href":"https:\/\/lealta.com.br\/landingpages\/bd_sms\/wp-json\/wp\/v2\/users\/1"}],"replies":[{"embeddable":true,"href":"https:\/\/lealta.com.br\/landingpages\/bd_sms\/wp-json\/wp\/v2\/comments?post=1403"}],"version-history":[{"count":7,"href":"https:\/\/lealta.com.br\/landingpages\/bd_sms\/wp-json\/wp\/v2\/pages\/1403\/revisions"}],"predecessor-version":[{"id":1622,"href":"https:\/\/lealta.com.br\/landingpages\/bd_sms\/wp-json\/wp\/v2\/pages\/1403\/revisions\/1622"}],"wp:attachment":[{"href":"https:\/\/lealta.com.br\/landingpages\/bd_sms\/wp-json\/wp\/v2\/media?parent=1403"}],"curies":[{"name":"wp","href":"https:\/\/api.w.org\/{rel}","templated":true}]}}