{"id":1429,"date":"2023-12-13T11:06:57","date_gmt":"2023-12-13T14:06:57","guid":{"rendered":"https:\/\/lealta.com.br\/landingpages\/bd_sms\/?page_id=1429"},"modified":"2024-03-19T10:49:14","modified_gmt":"2024-03-19T13:49:14","slug":"10-escalpe-e-manuseio-de-frascos","status":"publish","type":"page","link":"https:\/\/lealta.com.br\/landingpages\/bd_sms\/10-escalpe-e-manuseio-de-frascos\/","title":{"rendered":"10 &#8211; Escalpe e Manuseio de Frascos"},"content":{"rendered":"\n\t<section class=\"section dark\" id=\"section_1595102127\">\n\t\t<div class=\"bg section-bg fill bg-fill  \" >\n\n\t\t\t\n\t\t\t<div class=\"section-bg-overlay absolute fill\"><\/div>\n\t\t\t\n\n\t\t<\/div>\n\n\t\t\n\t<div class=\"ux-shape-divider ux-shape-divider--bottom ux-shape-divider--style-waves-opacity-3\">\n\t\t<svg viewBox=\"0 0 1000 300\" xmlns=\"http:\/\/www.w3.org\/2000\/svg\" preserveAspectRatio=\"none\">\n\t<path class=\"ux-shape-fill\" opacity=\"0.05\" d=\"M1014 264V386H206L34 300C34 300 344.42 277.16 436 221C542 156 590 160 704 209C811 255 899.11 214.94 979 346L1014 264Z\"\/>\n\t<path class=\"ux-shape-fill\" opacity=\"0.1\" d=\"M-302 55C-302 55 -66.73 263.25 50 214C178 160 283 116 353 141C445.68 174.1 534.28 256.19 588 249C692.9 235 764.52 75.94 855 131C940.61 183.09 1000 254 1000 254V328L-306 338L-302 55Z\"\/>\n\t<path class=\"ux-shape-fill\" opacity=\"0.15\" d=\"M-286 255C-286 255 -72 152 52 126C176 100 255 155 436 227C581.57 284.91 614.7 277.79 708 227C787 184 1009 3.0001 1093 164C1146 265.63 1031 293 1031 293L924 377L-288 389L-286 255Z\"\/>\n\t<path class=\"ux-shape-fill\" opacity=\"0.3\" d=\"M-24 69C-24 69 275.68 370.66 389 314C397 310 622 316 673 356C690.47 369.7 845 224 890 182C944.8 130.85 1018 92 1078 143C1154.12 207.7 1196 242 1196 242L1184 374L-28 386L-24 69Z\"\/>\n\t<path class=\"ux-shape-fill\" d=\"M-12 201C-12 201 58 284 182 258C306 232 342.29 221.23 456 264C565 305 640.82 288.36 721 249C776 222 837.5 191.31 935 253C984 284 1030 279 1030 279L1024 430L-12 440V201Z\"\/>\n<\/svg>\n\t<\/div>\n\n\t\t<div class=\"section-content relative\">\n\t\t\t\n\n<div class=\"row\"  id=\"row-1162748573\">\n\n\n\t<div id=\"col-1264358616\" class=\"col medium-5 small-12 large-5\"  >\n\t\t\t\t<div class=\"col-inner\"  >\n\t\t\t\n\t\t\t\n\n\t<div id=\"text-2305670722\" class=\"text\">\n\t\t\n\n<h6><span style=\"color: #ffffff;\"><strong>Solu\u00e7\u00f5es Pr\u00e9-Anal\u00edticas<\/strong><\/span><\/h6>\n\t\t\n<style>\n#text-2305670722 {\n  color: rgb(255, 255, 255);\n}\n#text-2305670722 > * {\n  color: rgb(255, 255, 255);\n}\n<\/style>\n\t<\/div>\n\t\n\t<div id=\"text-1275592839\" class=\"text\">\n\t\t\n\n<div class=\"page-header-title appear appeared\">\n<h1><span class=\"field field--name-title field--type-string field--label-hidden\">Escalpe e Manuseio de Frascos<\/span><\/h1>\n<\/div>\n<figure class=\"page-header-visual appear appeared\"><\/figure>\n\t\t\n<style>\n#text-1275592839 {\n  font-size: 1.7rem;\n}\n<\/style>\n\t<\/div>\n\t\n\n\t\t<\/div>\n\t\t\t\t\n<style>\n#col-1264358616 > .col-inner {\n  margin: 70px 0px 0px 0px;\n}\n<\/style>\n\t<\/div>\n\n\t\n\n\t<div id=\"col-1416878934\" class=\"col medium-7 small-12 large-7\"  >\n\t\t\t\t<div class=\"col-inner\"  >\n\t\t\t\n\t\t\t\n\n\t<div class=\"img has-hover x md-x lg-x y md-y lg-y\" id=\"image_1425331069\">\n\t\t\t\t\t\t\t\t<div class=\"img-inner image-cover dark\" style=\"padding-top:251px;\">\n\t\t\t<img loading=\"lazy\" decoding=\"async\" width=\"600\" height=\"300\" src=\"https:\/\/lealta.com.br\/landingpages\/bd_sms\/wp-content\/uploads\/2022\/07\/transp.png\" class=\"attachment-large size-large\" alt=\"\" srcset=\"https:\/\/lealta.com.br\/landingpages\/bd_sms\/wp-content\/uploads\/2022\/07\/transp.png 600w, https:\/\/lealta.com.br\/landingpages\/bd_sms\/wp-content\/uploads\/2022\/07\/transp-300x150.png 300w\" sizes=\"auto, (max-width: 600px) 100vw, 600px\" \/>\t\t\t\t\t\t\t<div class=\"overlay\" style=\"background-color: rgba(155, 174, 255, 0.174)\"><\/div>\n\t\t\t\t\t\t\n\t\t\t\t\t<\/div>\n\t\t\t\t\t\t\t\t\n<style>\n#image_1425331069 {\n  width: 81%;\n}\n<\/style>\n\t<\/div>\n\t\n\n\n\t\t<\/div>\n\t\t\t\t\n<style>\n#col-1416878934 > .col-inner {\n  margin: 156px 0px 0px -300px;\n}\n@media (min-width:550px) {\n  #col-1416878934 > .col-inner {\n    margin: 256px 0px 0px -181px;\n  }\n}\n<\/style>\n\t<\/div>\n\n\t\n\n\t<div id=\"col-1268953815\" class=\"col medium-7 small-12 large-7\"  >\n\t\t\t\t<div class=\"col-inner box-shadow-5\" style=\"background-color:rgb(255, 255, 255);\" >\n\t\t\t\n\t\t\t\n\n\t<div class=\"img has-hover x md-x lg-x y md-y lg-y\" id=\"image_965547364\">\n\t\t\t\t\t\t\t\t<div class=\"img-inner box-shadow-3 dark\" >\n\t\t\t<img loading=\"lazy\" decoding=\"async\" width=\"2048\" height=\"1365\" src=\"https:\/\/lealta.com.br\/landingpages\/bd_sms\/wp-content\/uploads\/2024\/03\/Bactec_Blood_Draw_1252_Original_49407_copy-2048x2048-1.jpeg\" class=\"attachment-original size-original\" alt=\"\" srcset=\"https:\/\/lealta.com.br\/landingpages\/bd_sms\/wp-content\/uploads\/2024\/03\/Bactec_Blood_Draw_1252_Original_49407_copy-2048x2048-1.jpeg 2048w, https:\/\/lealta.com.br\/landingpages\/bd_sms\/wp-content\/uploads\/2024\/03\/Bactec_Blood_Draw_1252_Original_49407_copy-2048x2048-1-300x200.jpeg 300w, https:\/\/lealta.com.br\/landingpages\/bd_sms\/wp-content\/uploads\/2024\/03\/Bactec_Blood_Draw_1252_Original_49407_copy-2048x2048-1-1024x683.jpeg 1024w, https:\/\/lealta.com.br\/landingpages\/bd_sms\/wp-content\/uploads\/2024\/03\/Bactec_Blood_Draw_1252_Original_49407_copy-2048x2048-1-768x512.jpeg 768w, https:\/\/lealta.com.br\/landingpages\/bd_sms\/wp-content\/uploads\/2024\/03\/Bactec_Blood_Draw_1252_Original_49407_copy-2048x2048-1-1536x1024.jpeg 1536w\" sizes=\"auto, (max-width: 2048px) 100vw, 2048px\" \/>\t\t\t\t\t\t\n\t\t\t\t\t<\/div>\n\t\t\t\t\t\t\t\t\n<style>\n#image_965547364 {\n  width: 100%;\n}\n<\/style>\n\t<\/div>\n\t\n\n\n\t\t<\/div>\n\t\t\t\t\n<style>\n#col-1268953815 > .col-inner {\n  margin: -480px 0px 0px 0px;\n  border-radius: 20px;\n}\n@media (min-width:550px) {\n  #col-1268953815 > .col-inner {\n    margin: -435px 0px 0px 440px;\n  }\n}\n<\/style>\n\t<\/div>\n\n\t\n\n<\/div>\n\n\t\t<\/div>\n\n\t\t\n<style>\n#section_1595102127 {\n  padding-top: 0px;\n  padding-bottom: 0px;\n  background-color: #004593;\n}\n#section_1595102127 .section-bg-overlay {\n  background-color: rgba(0, 69, 147, 0.477);\n}\n#section_1595102127 .section-bg.bg-loaded {\n  background-image: url(https:\/\/lealta.com.br\/landingpages\/bd_sms\/wp-content\/uploads\/2024\/03\/Bactec_Blood_Draw_1252_Original_49407_copy-2048x2048-1.jpeg);\n}\n#section_1595102127 .section-bg {\n  background-position: 41% 7%;\n}\n#section_1595102127 .ux-shape-divider--bottom svg {\n  height: 150px;\n  --divider-width: 100%;\n}\n#section_1595102127 .ux-shape-divider--bottom .ux-shape-fill {\n  fill: rgb(245, 245, 245);\n}\n<\/style>\n\t<\/section>\n\t\n\t<section class=\"section\" id=\"section_1911822527\">\n\t\t<div class=\"bg section-bg fill bg-fill  bg-loaded\" >\n\n\t\t\t\n\t\t\t\n\t\t\t\n\n\t\t<\/div>\n\n\t\t\n\n\t\t<div class=\"section-content relative\">\n\t\t\t\n\n<div class=\"row\"  id=\"row-87707382\">\n\n\n\t<div id=\"col-659064183\" class=\"col small-12 large-12\"  >\n\t\t\t\t<div class=\"col-inner\"  >\n\t\t\t\n\t\t\t\n\n\t<div id=\"gap-916898523\" class=\"gap-element clearfix\" style=\"display:block; height:auto;\">\n\t\t\n<style>\n#gap-916898523 {\n  padding-top: 59px;\n}\n<\/style>\n\t<\/div>\n\t\n\n<div class=\"row\"  id=\"row-1245368961\">\n\n\n\t<div id=\"col-556479154\" class=\"col small-12 large-12\"  >\n\t\t\t\t<div class=\"col-inner\"  >\n\t\t\t\n\t\t\t\n\n<div style=\"text-align: justify;\">\n<p><span style=\"font-size: 130%;\">A coleta de hemocultura \u00e9 um procedimento minucioso que demanda a observa\u00e7\u00e3o de pr\u00e1ticas espec\u00edficas para assegurar a precis\u00e3o dos testes e a seguran\u00e7a tanto dos pacientes quanto dos profissionais de sa\u00fade. Dois aspectos cruciais desse processo incluem a prefer\u00eancia pelo uso do escalpe de 12 polegadas e o manuseio adequado dos frascos de coleta. Vamos examinar cada um deles mais de perto:<\/span><\/p>\n<\/div>\n\t<div id=\"gap-210160362\" class=\"gap-element clearfix\" style=\"display:block; height:auto;\">\n\t\t\n<style>\n#gap-210160362 {\n  padding-top: 61px;\n}\n<\/style>\n\t<\/div>\n\t\n\n<div class=\"row row-collapse align-equal\"  id=\"row-1923505492\">\n\n\n\t<div id=\"col-1989451459\" class=\"col small-12 large-12\"  >\n\t\t\t\t<div class=\"col-inner text-center dark\"  >\n\t\t\t\n\t\t\t\n\n\t<div class=\"img has-hover x md-x lg-x y md-y lg-y\" id=\"image_2126144281\">\n\t\t\t\t\t\t\t\t<div class=\"img-inner image-color image-cover dark\" style=\"padding-top:63%;\">\n\t\t\t<img loading=\"lazy\" decoding=\"async\" width=\"2560\" height=\"1618\" src=\"https:\/\/lealta.com.br\/landingpages\/bd_sms\/wp-content\/uploads\/2023\/07\/vecteezy_phlebotomist-collected-blood-in-hospital-for-biochemical_5667996_916-scaled.jpg\" class=\"attachment-original size-original\" alt=\"\" srcset=\"https:\/\/lealta.com.br\/landingpages\/bd_sms\/wp-content\/uploads\/2023\/07\/vecteezy_phlebotomist-collected-blood-in-hospital-for-biochemical_5667996_916-scaled.jpg 2560w, https:\/\/lealta.com.br\/landingpages\/bd_sms\/wp-content\/uploads\/2023\/07\/vecteezy_phlebotomist-collected-blood-in-hospital-for-biochemical_5667996_916-300x190.jpg 300w, https:\/\/lealta.com.br\/landingpages\/bd_sms\/wp-content\/uploads\/2023\/07\/vecteezy_phlebotomist-collected-blood-in-hospital-for-biochemical_5667996_916-1024x647.jpg 1024w, https:\/\/lealta.com.br\/landingpages\/bd_sms\/wp-content\/uploads\/2023\/07\/vecteezy_phlebotomist-collected-blood-in-hospital-for-biochemical_5667996_916-768x485.jpg 768w, https:\/\/lealta.com.br\/landingpages\/bd_sms\/wp-content\/uploads\/2023\/07\/vecteezy_phlebotomist-collected-blood-in-hospital-for-biochemical_5667996_916-1536x971.jpg 1536w, https:\/\/lealta.com.br\/landingpages\/bd_sms\/wp-content\/uploads\/2023\/07\/vecteezy_phlebotomist-collected-blood-in-hospital-for-biochemical_5667996_916-2048x1294.jpg 2048w\" sizes=\"auto, (max-width: 2560px) 100vw, 2560px\" \/>\t\t\t\t\t\t\n\t\t\t\t\t<\/div>\n\t\t\t\t\t\t\t\t\n<style>\n#image_2126144281 {\n  width: 100%;\n}\n<\/style>\n\t<\/div>\n\t\n\n\n\t\t<\/div>\n\t\t\t\t\n<style>\n#col-1989451459 > .col-inner {\n  margin: 0px -40px -126px -40px;\n}\n<\/style>\n\t<\/div>\n\n\t\n\n\t<div id=\"col-1470559931\" class=\"col medium-6 small-12 large-6\"  >\n\t\t\t\t<div class=\"col-inner text-center box-shadow-2 box-shadow-3-hover dark\" style=\"background-color:#004593;\" >\n\t\t\t\n\t\t\t\n\n<div>\n<div>\n<h3 style=\"text-align: center;\"><span style=\"font-size: 130%;\"><strong><span lang=\"PT-BR\">Prefer\u00eancia pelo Escalpe<br \/>com extens\u00e3o maior.<\/span><\/strong><\/span><\/h3>\n<p style=\"text-align: center;\"><span lang=\"PT-BR\" style=\"font-size: 130%;\">O escalpe, um dispositivo composto por uma agulha curta acoplada a um tubo flex\u00edvel, quando tem um comprimento maior \u00e9 particularmente preferido por oferecer flexibilidade e controle durante a coleta de sangue. Este tamanho permite um acesso mais seguro \u00e0s veias do paciente, reduzindo o risco de les\u00f5es e a movimenta\u00e7\u00e3o da agulha dentro da veia, o que pode ser ben\u00e9fico na preven\u00e7\u00e3o de hem\u00f3lise e na minimiza\u00e7\u00e3o do desconforto do paciente.<\/span><\/p>\n<\/div>\n<\/div>\n\n\t\t<\/div>\n\t\t\t\t\n<style>\n#col-1470559931 > .col-inner {\n  padding: 20px 20px 10px 20px;\n  margin: 0px 20px 0px -20px;\n  border-radius: 16px;\n}\n<\/style>\n\t<\/div>\n\n\t\n\n\t<div id=\"col-1312521727\" class=\"col medium-6 small-12 large-6\"  >\n\t\t\t\t<div class=\"col-inner box-shadow-2 box-shadow-3-hover dark\" style=\"background-color:rgb(0, 36, 77);\" >\n\t\t\t\n\t\t\t\n\n<div>\n<div>\n<h3 style=\"text-align: center;\"><span style=\"font-size: 130%;\"><strong><span lang=\"PT-BR\">Manter o Frasco na Posi\u00e7\u00e3o Vertical Durante a Transfer\u00eancia<\/span><\/strong> <\/span><\/h3>\n<p style=\"text-align: center;\"><span style=\"font-size: 130%;\"><span lang=\"PT-BR\">Durante a transfer\u00eancia do sangue para os frascos de hemocultura, \u00e9 essencial manter o frasco na posi\u00e7\u00e3o vertical. Este m\u00e9todo ajuda a evitar a introdu\u00e7\u00e3o de bolhas de ar, que podem afetar a rela\u00e7\u00e3o volume de sangue\/meio de cultura e comprometer o crescimento bacteriano. Al\u00e9m disso, a posi\u00e7\u00e3o vertical assegura uma transfer\u00eancia suave do sangue para o frasco, evitando respingos e a forma\u00e7\u00e3o de aeross\u00f3is, o que contribui para a seguran\u00e7a do procedimento.<\/span><\/span><\/p>\n<\/div>\n<\/div>\n\n\t\t<\/div>\n\t\t\t\t\n<style>\n#col-1312521727 > .col-inner {\n  padding: 20px 20px 10px 20px;\n  margin: -215px -20px 208px 20px;\n  border-radius: 16px;\n}\n<\/style>\n\t<\/div>\n\n\t\n\n<\/div>\n\t<div id=\"gap-315947877\" class=\"gap-element clearfix\" style=\"display:block; height:auto;\">\n\t\t\n<style>\n#gap-315947877 {\n  padding-top: 60px;\n}\n<\/style>\n\t<\/div>\n\t\n\n<p style=\"text-align: justify;\"><span style=\"font-size: 130%;\">A ado\u00e7\u00e3o de t\u00e9cnicas como o uso do escalpe de 12 polegadas e a manuten\u00e7\u00e3o dos frascos na posi\u00e7\u00e3o vertical durante a transfer\u00eancia do sangue s\u00e3o pr\u00e1ticas que aprimoram a qualidade da coleta de hemocultura. Elas s\u00e3o essenciais para garantir a integridade da amostra, a precis\u00e3o dos resultados e a seguran\u00e7a de todos os envolvidos no processo. Ao seguir essas recomenda\u00e7\u00f5es, os profissionais de sa\u00fade podem assegurar procedimentos mais eficazes e confi\u00e1veis.<\/span><\/p>\n\n\t\t<\/div>\n\t\t\t\t\t<\/div>\n\n\t\n\n<\/div>\n\n\t\t<\/div>\n\t\t\t\t\t<\/div>\n\n\t\n\n<\/div>\n\n\t\t<\/div>\n\n\t\t\n<style>\n#section_1911822527 {\n  padding-top: 100px;\n  padding-bottom: 100px;\n  background-color: rgb(245, 245, 245);\n}\n@media (min-width:550px) {\n  #section_1911822527 {\n    padding-top: 40px;\n    padding-bottom: 40px;\n  }\n}\n<\/style>\n\t<\/section>\n\t\n\n","protected":false},"excerpt":{"rendered":"","protected":false},"author":1,"featured_media":0,"parent":0,"menu_order":0,"comment_status":"closed","ping_status":"closed","template":"page-blank.php","meta":{"inline_featured_image":false,"footnotes":""},"class_list":["post-1429","page","type-page","status-publish","hentry"],"_links":{"self":[{"href":"https:\/\/lealta.com.br\/landingpages\/bd_sms\/wp-json\/wp\/v2\/pages\/1429","targetHints":{"allow":["GET"]}}],"collection":[{"href":"https:\/\/lealta.com.br\/landingpages\/bd_sms\/wp-json\/wp\/v2\/pages"}],"about":[{"href":"https:\/\/lealta.com.br\/landingpages\/bd_sms\/wp-json\/wp\/v2\/types\/page"}],"author":[{"embeddable":true,"href":"https:\/\/lealta.com.br\/landingpages\/bd_sms\/wp-json\/wp\/v2\/users\/1"}],"replies":[{"embeddable":true,"href":"https:\/\/lealta.com.br\/landingpages\/bd_sms\/wp-json\/wp\/v2\/comments?post=1429"}],"version-history":[{"count":8,"href":"https:\/\/lealta.com.br\/landingpages\/bd_sms\/wp-json\/wp\/v2\/pages\/1429\/revisions"}],"predecessor-version":[{"id":1630,"href":"https:\/\/lealta.com.br\/landingpages\/bd_sms\/wp-json\/wp\/v2\/pages\/1429\/revisions\/1630"}],"wp:attachment":[{"href":"https:\/\/lealta.com.br\/landingpages\/bd_sms\/wp-json\/wp\/v2\/media?parent=1429"}],"curies":[{"name":"wp","href":"https:\/\/api.w.org\/{rel}","templated":true}]}}