{"id":1456,"date":"2023-12-13T13:58:51","date_gmt":"2023-12-13T16:58:51","guid":{"rendered":"https:\/\/lealta.com.br\/landingpages\/bd_sms\/?page_id=1456"},"modified":"2024-03-19T10:52:41","modified_gmt":"2024-03-19T13:52:41","slug":"12-preparacao-da-seringa","status":"publish","type":"page","link":"https:\/\/lealta.com.br\/landingpages\/bd_sms\/12-preparacao-da-seringa\/","title":{"rendered":"12 &#8211; Prepara\u00e7\u00e3o da Seringa"},"content":{"rendered":"\n\t<section class=\"section dark\" id=\"section_1765194305\">\n\t\t<div class=\"bg section-bg fill bg-fill  \" >\n\n\t\t\t\n\t\t\t<div class=\"section-bg-overlay absolute fill\"><\/div>\n\t\t\t\n\n\t\t<\/div>\n\n\t\t\n\t<div class=\"ux-shape-divider ux-shape-divider--bottom ux-shape-divider--style-waves-opacity-3\">\n\t\t<svg viewBox=\"0 0 1000 300\" xmlns=\"http:\/\/www.w3.org\/2000\/svg\" preserveAspectRatio=\"none\">\n\t<path class=\"ux-shape-fill\" opacity=\"0.05\" d=\"M1014 264V386H206L34 300C34 300 344.42 277.16 436 221C542 156 590 160 704 209C811 255 899.11 214.94 979 346L1014 264Z\"\/>\n\t<path class=\"ux-shape-fill\" opacity=\"0.1\" d=\"M-302 55C-302 55 -66.73 263.25 50 214C178 160 283 116 353 141C445.68 174.1 534.28 256.19 588 249C692.9 235 764.52 75.94 855 131C940.61 183.09 1000 254 1000 254V328L-306 338L-302 55Z\"\/>\n\t<path class=\"ux-shape-fill\" opacity=\"0.15\" d=\"M-286 255C-286 255 -72 152 52 126C176 100 255 155 436 227C581.57 284.91 614.7 277.79 708 227C787 184 1009 3.0001 1093 164C1146 265.63 1031 293 1031 293L924 377L-288 389L-286 255Z\"\/>\n\t<path class=\"ux-shape-fill\" opacity=\"0.3\" d=\"M-24 69C-24 69 275.68 370.66 389 314C397 310 622 316 673 356C690.47 369.7 845 224 890 182C944.8 130.85 1018 92 1078 143C1154.12 207.7 1196 242 1196 242L1184 374L-28 386L-24 69Z\"\/>\n\t<path class=\"ux-shape-fill\" d=\"M-12 201C-12 201 58 284 182 258C306 232 342.29 221.23 456 264C565 305 640.82 288.36 721 249C776 222 837.5 191.31 935 253C984 284 1030 279 1030 279L1024 430L-12 440V201Z\"\/>\n<\/svg>\n\t<\/div>\n\n\t\t<div class=\"section-content relative\">\n\t\t\t\n\n<div class=\"row\"  id=\"row-145531648\">\n\n\n\t<div id=\"col-1686748155\" class=\"col medium-5 small-12 large-5\"  >\n\t\t\t\t<div class=\"col-inner\"  >\n\t\t\t\n\t\t\t\n\n\t<div id=\"text-2251593190\" class=\"text\">\n\t\t\n\n<h6><span style=\"color: #ffffff;\"><strong>Solu\u00e7\u00f5es Pr\u00e9-Anal\u00edticas<\/strong><\/span><\/h6>\n\t\t\n<style>\n#text-2251593190 {\n  color: rgb(255, 255, 255);\n}\n#text-2251593190 > * {\n  color: rgb(255, 255, 255);\n}\n<\/style>\n\t<\/div>\n\t\n\t<div id=\"text-912778737\" class=\"text\">\n\t\t\n\n<div class=\"page-header-title appear appeared\">\n<h1><span class=\"field field--name-title field--type-string field--label-hidden\">Prepara\u00e7\u00e3o da Seringa de Gasometria<\/span><\/h1>\n<\/div>\n<figure class=\"page-header-visual appear appeared\"><\/figure>\n\n\t\t\n<style>\n#text-912778737 {\n  font-size: 1.7rem;\n}\n<\/style>\n\t<\/div>\n\t\n\n\t\t<\/div>\n\t\t\t\t\n<style>\n#col-1686748155 > .col-inner {\n  margin: 70px 0px 0px 0px;\n}\n<\/style>\n\t<\/div>\n\n\t\n\n\t<div id=\"col-1543508021\" class=\"col medium-7 small-12 large-7\"  >\n\t\t\t\t<div class=\"col-inner\"  >\n\t\t\t\n\t\t\t\n\n\t<div class=\"img has-hover x md-x lg-x y md-y lg-y\" id=\"image_38475557\">\n\t\t\t\t\t\t\t\t<div class=\"img-inner image-cover dark\" style=\"padding-top:251px;\">\n\t\t\t<img loading=\"lazy\" decoding=\"async\" width=\"600\" height=\"300\" src=\"https:\/\/lealta.com.br\/landingpages\/bd_sms\/wp-content\/uploads\/2022\/07\/transp.png\" class=\"attachment-large size-large\" alt=\"\" srcset=\"https:\/\/lealta.com.br\/landingpages\/bd_sms\/wp-content\/uploads\/2022\/07\/transp.png 600w, https:\/\/lealta.com.br\/landingpages\/bd_sms\/wp-content\/uploads\/2022\/07\/transp-300x150.png 300w\" sizes=\"auto, (max-width: 600px) 100vw, 600px\" \/>\t\t\t\t\t\t\t<div class=\"overlay\" style=\"background-color: rgba(155, 174, 255, 0.174)\"><\/div>\n\t\t\t\t\t\t\n\t\t\t\t\t<\/div>\n\t\t\t\t\t\t\t\t\n<style>\n#image_38475557 {\n  width: 81%;\n}\n<\/style>\n\t<\/div>\n\t\n\n\n\t\t<\/div>\n\t\t\t\t\n<style>\n#col-1543508021 > .col-inner {\n  margin: 156px 0px 0px -300px;\n}\n@media (min-width:550px) {\n  #col-1543508021 > .col-inner {\n    margin: 256px 0px 0px -181px;\n  }\n}\n<\/style>\n\t<\/div>\n\n\t\n\n\t<div id=\"col-1047136122\" class=\"col medium-7 small-12 large-7\"  >\n\t\t\t\t<div class=\"col-inner box-shadow-5\" style=\"background-color:rgb(255, 255, 255);\" >\n\t\t\t\n\t\t\t\n\n\t<div class=\"img has-hover x md-x lg-x y md-y lg-y\" id=\"image_1469389672\">\n\t\t\t\t\t\t\t\t<div class=\"img-inner box-shadow-3 dark\" >\n\t\t\t<img loading=\"lazy\" decoding=\"async\" width=\"2048\" height=\"1362\" src=\"https:\/\/lealta.com.br\/landingpages\/bd_sms\/wp-content\/uploads\/2024\/03\/DSC_0058-2048x2048-1.jpeg\" class=\"attachment-original size-original\" alt=\"\" srcset=\"https:\/\/lealta.com.br\/landingpages\/bd_sms\/wp-content\/uploads\/2024\/03\/DSC_0058-2048x2048-1.jpeg 2048w, https:\/\/lealta.com.br\/landingpages\/bd_sms\/wp-content\/uploads\/2024\/03\/DSC_0058-2048x2048-1-300x200.jpeg 300w, https:\/\/lealta.com.br\/landingpages\/bd_sms\/wp-content\/uploads\/2024\/03\/DSC_0058-2048x2048-1-1024x681.jpeg 1024w, https:\/\/lealta.com.br\/landingpages\/bd_sms\/wp-content\/uploads\/2024\/03\/DSC_0058-2048x2048-1-768x511.jpeg 768w, https:\/\/lealta.com.br\/landingpages\/bd_sms\/wp-content\/uploads\/2024\/03\/DSC_0058-2048x2048-1-1536x1022.jpeg 1536w\" sizes=\"auto, (max-width: 2048px) 100vw, 2048px\" \/>\t\t\t\t\t\t\n\t\t\t\t\t<\/div>\n\t\t\t\t\t\t\t\t\n<style>\n#image_1469389672 {\n  width: 100%;\n}\n<\/style>\n\t<\/div>\n\t\n\n\n\t\t<\/div>\n\t\t\t\t\n<style>\n#col-1047136122 > .col-inner {\n  margin: -480px 0px 0px 0px;\n  border-radius: 20px;\n}\n@media (min-width:550px) {\n  #col-1047136122 > .col-inner {\n    margin: -435px 0px 0px 440px;\n  }\n}\n<\/style>\n\t<\/div>\n\n\t\n\n<\/div>\n\n\t\t<\/div>\n\n\t\t\n<style>\n#section_1765194305 {\n  padding-top: 0px;\n  padding-bottom: 0px;\n  background-color: #004593;\n}\n#section_1765194305 .section-bg-overlay {\n  background-color: rgba(0, 69, 147, 0.477);\n}\n#section_1765194305 .section-bg.bg-loaded {\n  background-image: url(https:\/\/lealta.com.br\/landingpages\/bd_sms\/wp-content\/uploads\/2024\/03\/DSC_0058-2048x2048-1.jpeg);\n}\n#section_1765194305 .section-bg {\n  background-position: 76% 70%;\n}\n#section_1765194305 .ux-shape-divider--bottom svg {\n  height: 150px;\n  --divider-width: 100%;\n}\n#section_1765194305 .ux-shape-divider--bottom .ux-shape-fill {\n  fill: rgb(245, 245, 245);\n}\n<\/style>\n\t<\/section>\n\t\n\t<section class=\"section\" id=\"section_1848379509\">\n\t\t<div class=\"bg section-bg fill bg-fill  bg-loaded\" >\n\n\t\t\t\n\t\t\t\n\t\t\t\n\n\t\t<\/div>\n\n\t\t\n\n\t\t<div class=\"section-content relative\">\n\t\t\t\n\n<div class=\"row\"  id=\"row-926175005\">\n\n\n\t<div id=\"col-1102736358\" class=\"col small-12 large-12\"  >\n\t\t\t\t<div class=\"col-inner\"  >\n\t\t\t\n\t\t\t\n\n\t<div id=\"gap-779553254\" class=\"gap-element clearfix\" style=\"display:block; height:auto;\">\n\t\t\n<style>\n#gap-779553254 {\n  padding-top: 59px;\n}\n<\/style>\n\t<\/div>\n\t\n\n<div class=\"row\"  id=\"row-1144856882\">\n\n\n\t<div id=\"col-475411308\" class=\"col small-12 large-12\"  >\n\t\t\t\t<div class=\"col-inner\"  >\n\t\t\t\n\t\t\t\n\n<div style=\"text-align: justify;\">\n<h1 style=\"text-align: center;\"><span style=\"font-size: 150%; color: #0000ff;\"><strong>Seringas com prepara\u00e7\u00e3o caseira x Pr\u00e9-Preparadas<\/strong><\/span><\/h1>\n<div>\n<div>\n<div>\n<p><span lang=\"PT-BR\" style=\"font-size: 130%;\">A coleta de amostras para gasometria arterial \u00e9 um processo delicado que exige n\u00e3o s\u00f3 precis\u00e3o t\u00e9cnica, mas tamb\u00e9m equipamentos apropriados. No mercado, existem duas op\u00e7\u00f5es principais para este procedimento: as seringas preparadas manualmente, muitas vezes referidas como &#8220;prepara\u00e7\u00e3o caseira&#8221;, e as seringas de gasometria pr\u00e9-preparadas comercialmente. Ambas t\u00eam o mesmo objetivo final \u2013 coletar sangue arterial para an\u00e1lise dos gases sangu\u00edneos \u2013, mas possuem diferen\u00e7as significativas em termos de conveni\u00eancia, precis\u00e3o e risco de contamina\u00e7\u00e3o.<\/span><\/p>\n<\/div>\n<\/div>\n<\/div>\n<\/div>\n\t<div id=\"gap-1554282307\" class=\"gap-element clearfix\" style=\"display:block; height:auto;\">\n\t\t\n<style>\n#gap-1554282307 {\n  padding-top: 29px;\n}\n<\/style>\n\t<\/div>\n\t\n\n<div class=\"row align-equal\"  id=\"row-858200865\">\n\n\n\t<div id=\"col-1927233404\" class=\"col medium-6 small-12 large-6\"  >\n\t\t\t\t<div class=\"col-inner box-shadow-2 box-shadow-3-hover dark\" style=\"background-color:#004593;\" >\n\t\t\t\n\t\t\t\n\n<div>\n<div>\n<h3 style=\"text-align: center;\"><span style=\"font-size: 130%;\"><strong><span lang=\"PT-BR\">Seringas Preparadas Manualmente<\/span><\/strong> <\/span><\/h3>\n<p style=\"text-align: center;\"><span lang=\"PT-BR\" style=\"font-size: 130%;\">A prepara\u00e7\u00e3o manual de seringas envolve um processo no qual os profissionais de sa\u00fade aspiram eletr\u00f3litos balanceados, geralmente heparina s\u00f3dica, para evitar a coagula\u00e7\u00e3o do sangue. Embora esse m\u00e9todo permita certa flexibilidade e seja economicamente vi\u00e1vel, ele tem v\u00e1rias desvantagens. A precis\u00e3o da dose de heparina pode variar, o que pode levar a propor\u00e7\u00e3o incorreta de aditivo x sangue, gerando consequ\u00eancias como microco\u00e1gulos e resultados imprecisos. Al\u00e9m disso, o risco de contamina\u00e7\u00e3o \u00e9 maior, e o processo de prepara\u00e7\u00e3o pode ser mais demorado, o que n\u00e3o \u00e9 ideal em situa\u00e7\u00f5es de emerg\u00eancia.<\/span><\/p>\n<\/div>\n<\/div>\n\n\t\t<\/div>\n\t\t\t\t\n<style>\n#col-1927233404 > .col-inner {\n  padding: 20px 20px 0px 20px;\n  border-radius: 21px;\n}\n<\/style>\n\t<\/div>\n\n\t\n\n\t<div id=\"col-1073606237\" class=\"col medium-6 small-12 large-6\"  >\n\t\t\t\t<div class=\"col-inner box-shadow-2 box-shadow-3-hover dark\" style=\"background-color:#004593;\" >\n\t\t\t\n\t\t\t\n\n<div>\n<div>\n<h3 style=\"text-align: center;\"><span style=\"font-size: 130%;\"><strong><span lang=\"PT-BR\">Seringas de Gasometria Pr\u00e9-Preparadas<\/span><\/strong> <\/span><\/h3>\n<p style=\"text-align: center;\"><span style=\"font-size: 130%;\"><span lang=\"PT-BR\">As seringas pr\u00e9-preparadas s\u00e3o projetadas para superar as limita\u00e7\u00f5es das seringas preparadas manualmente. Elas v\u00eam est\u00e9reis, com a quantidade exata de anticoagulante, geralmente heparina de l\u00edtio, j\u00e1 dentro da seringa, garantindo que cada amostra tenha a anticoagula\u00e7\u00e3o adequada sem o risco de varia\u00e7\u00e3o da propor\u00e7\u00e3o de aditivo x sangue. Este m\u00e9todo reduz significativamente o risco de contamina\u00e7\u00e3o e economiza tempo valioso, especialmente em ambientes cr\u00edticos de sa\u00fade onde cada segundo conta.<\/span><\/span><\/p>\n<\/div>\n<\/div>\n\n\t\t<\/div>\n\t\t\t\t\n<style>\n#col-1073606237 > .col-inner {\n  padding: 20px 20px 0px 20px;\n  border-radius: 21px;\n}\n<\/style>\n\t<\/div>\n\n\t\n\n<\/div>\n\t<div id=\"gap-238312832\" class=\"gap-element clearfix\" style=\"display:block; height:auto;\">\n\t\t\n<style>\n#gap-238312832 {\n  padding-top: 20px;\n}\n<\/style>\n\t<\/div>\n\t\n\n<p style=\"text-align: justify;\"><span style=\"font-size: 130%;\">A escolha entre seringas de gasometria preparadas manualmente e pr\u00e9-preparadas depende de diversos fatores, incluindo a urg\u00eancia do teste, os recursos do laborat\u00f3rio e as pol\u00edticas de sa\u00fade do local. Enquanto as seringas pr\u00e9-preparadas oferecem conveni\u00eancia e consist\u00eancia, as preparadas manualmente podem ser uma op\u00e7\u00e3o em ambientes com menos restri\u00e7\u00f5es de tempo e onde o custo \u00e9 um fator cr\u00edtico. A prioridade deve ser sempre a precis\u00e3o dos resultados e a seguran\u00e7a do paciente, guiando a decis\u00e3o para a melhor pr\u00e1tica em cada situa\u00e7\u00e3o cl\u00ednica.<\/span><\/p>\n\n\t\t<\/div>\n\t\t\t\t\t<\/div>\n\n\t\n\n<\/div>\n\n\t\t<\/div>\n\t\t\t\t\t<\/div>\n\n\t\n\n<\/div>\n\n\t\t<\/div>\n\n\t\t\n<style>\n#section_1848379509 {\n  padding-top: 100px;\n  padding-bottom: 100px;\n  background-color: rgb(245, 245, 245);\n}\n@media (min-width:550px) {\n  #section_1848379509 {\n    padding-top: 40px;\n    padding-bottom: 40px;\n  }\n}\n<\/style>\n\t<\/section>\n\t\n\n","protected":false},"excerpt":{"rendered":"","protected":false},"author":1,"featured_media":0,"parent":0,"menu_order":0,"comment_status":"closed","ping_status":"closed","template":"page-blank.php","meta":{"inline_featured_image":false,"footnotes":""},"class_list":["post-1456","page","type-page","status-publish","hentry"],"_links":{"self":[{"href":"https:\/\/lealta.com.br\/landingpages\/bd_sms\/wp-json\/wp\/v2\/pages\/1456","targetHints":{"allow":["GET"]}}],"collection":[{"href":"https:\/\/lealta.com.br\/landingpages\/bd_sms\/wp-json\/wp\/v2\/pages"}],"about":[{"href":"https:\/\/lealta.com.br\/landingpages\/bd_sms\/wp-json\/wp\/v2\/types\/page"}],"author":[{"embeddable":true,"href":"https:\/\/lealta.com.br\/landingpages\/bd_sms\/wp-json\/wp\/v2\/users\/1"}],"replies":[{"embeddable":true,"href":"https:\/\/lealta.com.br\/landingpages\/bd_sms\/wp-json\/wp\/v2\/comments?post=1456"}],"version-history":[{"count":6,"href":"https:\/\/lealta.com.br\/landingpages\/bd_sms\/wp-json\/wp\/v2\/pages\/1456\/revisions"}],"predecessor-version":[{"id":1634,"href":"https:\/\/lealta.com.br\/landingpages\/bd_sms\/wp-json\/wp\/v2\/pages\/1456\/revisions\/1634"}],"wp:attachment":[{"href":"https:\/\/lealta.com.br\/landingpages\/bd_sms\/wp-json\/wp\/v2\/media?parent=1456"}],"curies":[{"name":"wp","href":"https:\/\/api.w.org\/{rel}","templated":true}]}}