{"id":1461,"date":"2023-12-13T14:03:34","date_gmt":"2023-12-13T17:03:34","guid":{"rendered":"https:\/\/lealta.com.br\/landingpages\/bd_sms\/?page_id=1461"},"modified":"2024-03-19T10:57:11","modified_gmt":"2024-03-19T13:57:11","slug":"13-variaveis-pre-analiticas","status":"publish","type":"page","link":"https:\/\/lealta.com.br\/landingpages\/bd_sms\/13-variaveis-pre-analiticas\/","title":{"rendered":"13 &#8211; Vari\u00e1veis Pr\u00e9-Anal\u00edticas"},"content":{"rendered":"\n\t<section class=\"section dark\" id=\"section_389356554\">\n\t\t<div class=\"bg section-bg fill bg-fill  \" >\n\n\t\t\t\n\t\t\t<div class=\"section-bg-overlay absolute fill\"><\/div>\n\t\t\t\n\n\t\t<\/div>\n\n\t\t\n\t<div class=\"ux-shape-divider ux-shape-divider--bottom ux-shape-divider--style-waves-opacity-3\">\n\t\t<svg viewBox=\"0 0 1000 300\" xmlns=\"http:\/\/www.w3.org\/2000\/svg\" preserveAspectRatio=\"none\">\n\t<path class=\"ux-shape-fill\" opacity=\"0.05\" d=\"M1014 264V386H206L34 300C34 300 344.42 277.16 436 221C542 156 590 160 704 209C811 255 899.11 214.94 979 346L1014 264Z\"\/>\n\t<path class=\"ux-shape-fill\" opacity=\"0.1\" d=\"M-302 55C-302 55 -66.73 263.25 50 214C178 160 283 116 353 141C445.68 174.1 534.28 256.19 588 249C692.9 235 764.52 75.94 855 131C940.61 183.09 1000 254 1000 254V328L-306 338L-302 55Z\"\/>\n\t<path class=\"ux-shape-fill\" opacity=\"0.15\" d=\"M-286 255C-286 255 -72 152 52 126C176 100 255 155 436 227C581.57 284.91 614.7 277.79 708 227C787 184 1009 3.0001 1093 164C1146 265.63 1031 293 1031 293L924 377L-288 389L-286 255Z\"\/>\n\t<path class=\"ux-shape-fill\" opacity=\"0.3\" d=\"M-24 69C-24 69 275.68 370.66 389 314C397 310 622 316 673 356C690.47 369.7 845 224 890 182C944.8 130.85 1018 92 1078 143C1154.12 207.7 1196 242 1196 242L1184 374L-28 386L-24 69Z\"\/>\n\t<path class=\"ux-shape-fill\" d=\"M-12 201C-12 201 58 284 182 258C306 232 342.29 221.23 456 264C565 305 640.82 288.36 721 249C776 222 837.5 191.31 935 253C984 284 1030 279 1030 279L1024 430L-12 440V201Z\"\/>\n<\/svg>\n\t<\/div>\n\n\t\t<div class=\"section-content relative\">\n\t\t\t\n\n<div class=\"row\"  id=\"row-1903555847\">\n\n\n\t<div id=\"col-2056062762\" class=\"col medium-5 small-12 large-5\"  >\n\t\t\t\t<div class=\"col-inner\"  >\n\t\t\t\n\t\t\t\n\n\t<div id=\"text-3811634501\" class=\"text\">\n\t\t\n\n<h6><span style=\"color: #ffffff;\"><strong>Solu\u00e7\u00f5es Pr\u00e9-Anal\u00edticas<\/strong><\/span><\/h6>\n\t\t\n<style>\n#text-3811634501 {\n  color: rgb(255, 255, 255);\n}\n#text-3811634501 > * {\n  color: rgb(255, 255, 255);\n}\n<\/style>\n\t<\/div>\n\t\n\t<div id=\"text-2816101946\" class=\"text\">\n\t\t\n\n<div class=\"page-header-title appear appeared\">\n<h1><span class=\"field field--name-title field--type-string field--label-hidden\">Vari\u00e1veis<br \/>Pr\u00e9-Anal\u00edticas<\/span><\/h1>\n<\/div>\n<figure class=\"page-header-visual appear appeared\"><\/figure>\n\t\t\n<style>\n#text-2816101946 {\n  font-size: 1.7rem;\n}\n<\/style>\n\t<\/div>\n\t\n\n\t\t<\/div>\n\t\t\t\t\n<style>\n#col-2056062762 > .col-inner {\n  margin: 70px 0px 0px 0px;\n}\n<\/style>\n\t<\/div>\n\n\t\n\n\t<div id=\"col-375926661\" class=\"col medium-7 small-12 large-7\"  >\n\t\t\t\t<div class=\"col-inner\"  >\n\t\t\t\n\t\t\t\n\n\t<div class=\"img has-hover x md-x lg-x y md-y lg-y\" id=\"image_1516345817\">\n\t\t\t\t\t\t\t\t<div class=\"img-inner image-cover dark\" style=\"padding-top:251px;\">\n\t\t\t<img loading=\"lazy\" decoding=\"async\" width=\"600\" height=\"300\" src=\"https:\/\/lealta.com.br\/landingpages\/bd_sms\/wp-content\/uploads\/2022\/07\/transp.png\" class=\"attachment-large size-large\" alt=\"\" srcset=\"https:\/\/lealta.com.br\/landingpages\/bd_sms\/wp-content\/uploads\/2022\/07\/transp.png 600w, https:\/\/lealta.com.br\/landingpages\/bd_sms\/wp-content\/uploads\/2022\/07\/transp-300x150.png 300w\" sizes=\"auto, (max-width: 600px) 100vw, 600px\" \/>\t\t\t\t\t\t\t<div class=\"overlay\" style=\"background-color: rgba(155, 174, 255, 0.174)\"><\/div>\n\t\t\t\t\t\t\n\t\t\t\t\t<\/div>\n\t\t\t\t\t\t\t\t\n<style>\n#image_1516345817 {\n  width: 81%;\n}\n<\/style>\n\t<\/div>\n\t\n\n\n\t\t<\/div>\n\t\t\t\t\n<style>\n#col-375926661 > .col-inner {\n  margin: 156px 0px 0px -300px;\n}\n@media (min-width:550px) {\n  #col-375926661 > .col-inner {\n    margin: 256px 0px 0px -181px;\n  }\n}\n<\/style>\n\t<\/div>\n\n\t\n\n\t<div id=\"col-1342801332\" class=\"col medium-7 small-12 large-7\"  >\n\t\t\t\t<div class=\"col-inner box-shadow-5\" style=\"background-color:rgb(255, 255, 255);\" >\n\t\t\t\n\t\t\t\n\n\t<div class=\"img has-hover x md-x lg-x y md-y lg-y\" id=\"image_1046890467\">\n\t\t\t\t\t\t\t\t<div class=\"img-inner image-cover box-shadow-3 dark\" style=\"padding-top:56.25%;\">\n\t\t\t<img loading=\"lazy\" decoding=\"async\" width=\"2048\" height=\"1365\" src=\"https:\/\/lealta.com.br\/landingpages\/bd_sms\/wp-content\/uploads\/2024\/03\/PC_0609_0013-2048x2048-1.jpeg\" class=\"attachment-original size-original\" alt=\"\" srcset=\"https:\/\/lealta.com.br\/landingpages\/bd_sms\/wp-content\/uploads\/2024\/03\/PC_0609_0013-2048x2048-1.jpeg 2048w, https:\/\/lealta.com.br\/landingpages\/bd_sms\/wp-content\/uploads\/2024\/03\/PC_0609_0013-2048x2048-1-300x200.jpeg 300w, https:\/\/lealta.com.br\/landingpages\/bd_sms\/wp-content\/uploads\/2024\/03\/PC_0609_0013-2048x2048-1-1024x683.jpeg 1024w, https:\/\/lealta.com.br\/landingpages\/bd_sms\/wp-content\/uploads\/2024\/03\/PC_0609_0013-2048x2048-1-768x512.jpeg 768w, https:\/\/lealta.com.br\/landingpages\/bd_sms\/wp-content\/uploads\/2024\/03\/PC_0609_0013-2048x2048-1-1536x1024.jpeg 1536w\" sizes=\"auto, (max-width: 2048px) 100vw, 2048px\" \/>\t\t\t\t\t\t\n\t\t\t\t\t<\/div>\n\t\t\t\t\t\t\t\t\n<style>\n#image_1046890467 {\n  width: 100%;\n}\n<\/style>\n\t<\/div>\n\t\n\n\n\t\t<\/div>\n\t\t\t\t\n<style>\n#col-1342801332 > .col-inner {\n  margin: -480px 0px 0px 0px;\n  border-radius: 20px;\n}\n@media (min-width:550px) {\n  #col-1342801332 > .col-inner {\n    margin: -435px 0px 0px 440px;\n  }\n}\n<\/style>\n\t<\/div>\n\n\t\n\n<\/div>\n\n\t\t<\/div>\n\n\t\t\n<style>\n#section_389356554 {\n  padding-top: 0px;\n  padding-bottom: 0px;\n  background-color: #004593;\n}\n#section_389356554 .section-bg-overlay {\n  background-color: rgba(0, 69, 147, 0.477);\n}\n#section_389356554 .section-bg.bg-loaded {\n  background-image: url(https:\/\/lealta.com.br\/landingpages\/bd_sms\/wp-content\/uploads\/2024\/03\/PC_0609_0013-2048x2048-1.jpeg);\n}\n#section_389356554 .section-bg {\n  background-position: 100% 55%;\n}\n#section_389356554 .ux-shape-divider--bottom svg {\n  height: 150px;\n  --divider-width: 100%;\n}\n#section_389356554 .ux-shape-divider--bottom .ux-shape-fill {\n  fill: rgb(245, 245, 245);\n}\n<\/style>\n\t<\/section>\n\t\n\t<section class=\"section\" id=\"section_1723960137\">\n\t\t<div class=\"bg section-bg fill bg-fill  bg-loaded\" >\n\n\t\t\t\n\t\t\t\n\t\t\t\n\n\t\t<\/div>\n\n\t\t\n\n\t\t<div class=\"section-content relative\">\n\t\t\t\n\n<div class=\"row\"  id=\"row-155579580\">\n\n\n\t<div id=\"col-1951946119\" class=\"col small-12 large-12\"  >\n\t\t\t\t<div class=\"col-inner\"  >\n\t\t\t\n\t\t\t\n\n\t<div id=\"gap-795149531\" class=\"gap-element clearfix\" style=\"display:block; height:auto;\">\n\t\t\n<style>\n#gap-795149531 {\n  padding-top: 59px;\n}\n<\/style>\n\t<\/div>\n\t\n\n<div class=\"row\"  id=\"row-1590527883\">\n\n\n\t<div id=\"col-1213660892\" class=\"col small-12 large-12\"  >\n\t\t\t\t<div class=\"col-inner\"  >\n\t\t\t\n\t\t\t\n\n<div style=\"text-align: justify;\">\n<h1 style=\"text-align: center;\"><span style=\"font-size: 150%; color: #0000ff;\"><strong>Influ\u00eancia das Vari\u00e1veis Pr\u00e9-Anal\u00edticas<br \/> na Gasometria Arterial<\/strong><\/span><\/h1>\n<p><span lang=\"PT-BR\" style=\"font-size: 130%;\">A realiza\u00e7\u00e3o de uma gasometria arterial \u00e9 um processo que requer n\u00e3o apenas t\u00e9cnica apurada, mas tamb\u00e9m um controle rigoroso das vari\u00e1veis pr\u00e9-anal\u00edticas, as quais podem influenciar significativamente os resultados obtidos. Entre essas vari\u00e1veis, o volume de sangue coletado para o teste \u00e9 de particular import\u00e2ncia. Uma introdu\u00e7\u00e3o detalhada sobre esse tema esclarece como esses fatores podem afetar a interpreta\u00e7\u00e3o dos dados e a tomada de decis\u00f5es cl\u00ednicas.<\/span><\/p>\n<\/div>\n<\/div>\n<\/div>\n<\/div>\n\t<div id=\"gap-1274942804\" class=\"gap-element clearfix\" style=\"display:block; height:auto;\">\n\t\t\n<style>\n#gap-1274942804 {\n  padding-top: 29px;\n}\n<\/style>\n\t<\/div>\n\t\n\n<div class=\"row align-equal\"  id=\"row-1253485963\">\n\n\n\t<div id=\"col-102029728\" class=\"col medium-6 small-12 large-6\"  >\n\t\t\t\t<div class=\"col-inner box-shadow-2 box-shadow-3-hover dark\" style=\"background-color:#004593;\" >\n\t\t\t\n\t\t\t\n\n<h3 style=\"text-align: center;\"><span style=\"font-size: 130%;\"><strong>Impacto das Vari\u00e1veis Pr\u00e9-Anal\u00edticas<\/strong><\/span><\/h3>\n<p style=\"text-align: center;\"><span style=\"font-size: 130%;\">As vari\u00e1veis pr\u00e9-anal\u00edticas referem-se a todos os fatores que podem alterar o resultado de um teste antes da an\u00e1lise laboratorial propriamente dita. Na gasometria arterial, estas incluem a t\u00e9cnica de coleta, o manuseio e o transporte da amostra, o tipo de seringa utilizada, a presen\u00e7a de bolhas de ar e, crucialmente, o volume de sangue coletado. Erros ou desvios nestas etapas podem levar a distor\u00e7\u00f5es nos valores de pH, pCO\u2082 e pO\u2082, comprometendo a acur\u00e1cia dos resultados.<\/span><\/p>\n\n\t\t<\/div>\n\t\t\t\t\n<style>\n#col-102029728 > .col-inner {\n  padding: 20px 20px 0px 20px;\n  border-radius: 21px;\n}\n<\/style>\n\t<\/div>\n\n\t\n\n\t<div id=\"col-5169372\" class=\"col medium-6 small-12 large-6\"  >\n\t\t\t\t<div class=\"col-inner box-shadow-2 box-shadow-3-hover dark\" style=\"background-color:#004593;\" >\n\t\t\t\n\t\t\t\n\n<h3 style=\"text-align: center;\"><span style=\"font-size: 130%;\"><strong>O Volume de Sangue Coletado<\/strong><\/span><\/h3>\n<p style=\"text-align: center;\"><span style=\"font-size: 130%;\">O volume de sangue coletado \u00e9 um aspecto cr\u00edtico nas vari\u00e1veis pr\u00e9-anal\u00edticas. Um volume insuficiente pode levar a uma rela\u00e7\u00e3o desbalanceada entre o sangue e o anticoagulante na seringa, resultando em potencial coagula\u00e7\u00e3o parcial e medi\u00e7\u00f5es imprecisas. Por outro lado, um volume excessivo pode diluir o sangue e modificar as concentra\u00e7\u00f5es dos gases sangu\u00edneos e eletr\u00f3litos. Al\u00e9m disso, a amostra precisa ser suficiente para permitir a realiza\u00e7\u00e3o de todos os testes requisitados sem necessidade de re-coleta, que \u00e9 um procedimento invasivo e desconfort\u00e1vel para o paciente.<\/span><\/p>\n\n\t\t<\/div>\n\t\t\t\t\n<style>\n#col-5169372 > .col-inner {\n  padding: 20px 20px 0px 20px;\n  border-radius: 21px;\n}\n<\/style>\n\t<\/div>\n\n\t\n\n<\/div>\n\t<div id=\"gap-669496114\" class=\"gap-element clearfix\" style=\"display:block; height:auto;\">\n\t\t\n<style>\n#gap-669496114 {\n  padding-top: 20px;\n}\n<\/style>\n\t<\/div>\n\t\n\n<p style=\"text-align: justify;\"><span style=\"font-size: 130%;\">As vari\u00e1veis pr\u00e9-anal\u00edticas desempenham um papel crucial na confiabilidade da gasometria arterial. Compreender e controlar essas vari\u00e1veis, especialmente o volume de sangue coletado, \u00e9 fundamental para garantir que os resultados sejam uma representa\u00e7\u00e3o fidedigna da condi\u00e7\u00e3o fisiol\u00f3gica do paciente. Portanto, a ades\u00e3o a protocolos estritos de coleta e manipula\u00e7\u00e3o \u00e9 indispens\u00e1vel para a integridade do processo diagn\u00f3stico.<\/span><\/p>\n\n\t\t<\/div>\n\t\t\t\t\t<\/div>\n\n\t\n\n<\/div>\n\n\t\t<\/div>\n\t\t\t\t\t<\/div>\n\n\t\n\n<\/div>\n\n\t\t<\/div>\n\n\t\t\n<style>\n#section_1723960137 {\n  padding-top: 100px;\n  padding-bottom: 100px;\n  background-color: rgb(245, 245, 245);\n}\n@media (min-width:550px) {\n  #section_1723960137 {\n    padding-top: 40px;\n    padding-bottom: 40px;\n  }\n}\n<\/style>\n\t<\/section>\n\t\n\n","protected":false},"excerpt":{"rendered":"","protected":false},"author":1,"featured_media":0,"parent":0,"menu_order":0,"comment_status":"closed","ping_status":"closed","template":"page-blank.php","meta":{"inline_featured_image":false,"footnotes":""},"class_list":["post-1461","page","type-page","status-publish","hentry"],"_links":{"self":[{"href":"https:\/\/lealta.com.br\/landingpages\/bd_sms\/wp-json\/wp\/v2\/pages\/1461","targetHints":{"allow":["GET"]}}],"collection":[{"href":"https:\/\/lealta.com.br\/landingpages\/bd_sms\/wp-json\/wp\/v2\/pages"}],"about":[{"href":"https:\/\/lealta.com.br\/landingpages\/bd_sms\/wp-json\/wp\/v2\/types\/page"}],"author":[{"embeddable":true,"href":"https:\/\/lealta.com.br\/landingpages\/bd_sms\/wp-json\/wp\/v2\/users\/1"}],"replies":[{"embeddable":true,"href":"https:\/\/lealta.com.br\/landingpages\/bd_sms\/wp-json\/wp\/v2\/comments?post=1461"}],"version-history":[{"count":4,"href":"https:\/\/lealta.com.br\/landingpages\/bd_sms\/wp-json\/wp\/v2\/pages\/1461\/revisions"}],"predecessor-version":[{"id":1640,"href":"https:\/\/lealta.com.br\/landingpages\/bd_sms\/wp-json\/wp\/v2\/pages\/1461\/revisions\/1640"}],"wp:attachment":[{"href":"https:\/\/lealta.com.br\/landingpages\/bd_sms\/wp-json\/wp\/v2\/media?parent=1461"}],"curies":[{"name":"wp","href":"https:\/\/api.w.org\/{rel}","templated":true}]}}