{"id":1466,"date":"2023-12-13T14:14:12","date_gmt":"2023-12-13T17:14:12","guid":{"rendered":"https:\/\/lealta.com.br\/landingpages\/bd_sms\/?page_id=1466"},"modified":"2024-03-19T10:59:34","modified_gmt":"2024-03-19T13:59:34","slug":"14-acesso-venoso-dificil","status":"publish","type":"page","link":"https:\/\/lealta.com.br\/landingpages\/bd_sms\/14-acesso-venoso-dificil\/","title":{"rendered":"14 &#8211; Acesso Venoso Dif\u00edcil"},"content":{"rendered":"\n\t<section class=\"section dark\" id=\"section_968266971\">\n\t\t<div class=\"bg section-bg fill bg-fill  \" >\n\n\t\t\t\n\t\t\t<div class=\"section-bg-overlay absolute fill\"><\/div>\n\t\t\t\n\n\t\t<\/div>\n\n\t\t\n\t<div class=\"ux-shape-divider ux-shape-divider--bottom ux-shape-divider--style-waves-opacity-3\">\n\t\t<svg viewBox=\"0 0 1000 300\" xmlns=\"http:\/\/www.w3.org\/2000\/svg\" preserveAspectRatio=\"none\">\n\t<path class=\"ux-shape-fill\" opacity=\"0.05\" d=\"M1014 264V386H206L34 300C34 300 344.42 277.16 436 221C542 156 590 160 704 209C811 255 899.11 214.94 979 346L1014 264Z\"\/>\n\t<path class=\"ux-shape-fill\" opacity=\"0.1\" d=\"M-302 55C-302 55 -66.73 263.25 50 214C178 160 283 116 353 141C445.68 174.1 534.28 256.19 588 249C692.9 235 764.52 75.94 855 131C940.61 183.09 1000 254 1000 254V328L-306 338L-302 55Z\"\/>\n\t<path class=\"ux-shape-fill\" opacity=\"0.15\" d=\"M-286 255C-286 255 -72 152 52 126C176 100 255 155 436 227C581.57 284.91 614.7 277.79 708 227C787 184 1009 3.0001 1093 164C1146 265.63 1031 293 1031 293L924 377L-288 389L-286 255Z\"\/>\n\t<path class=\"ux-shape-fill\" opacity=\"0.3\" d=\"M-24 69C-24 69 275.68 370.66 389 314C397 310 622 316 673 356C690.47 369.7 845 224 890 182C944.8 130.85 1018 92 1078 143C1154.12 207.7 1196 242 1196 242L1184 374L-28 386L-24 69Z\"\/>\n\t<path class=\"ux-shape-fill\" d=\"M-12 201C-12 201 58 284 182 258C306 232 342.29 221.23 456 264C565 305 640.82 288.36 721 249C776 222 837.5 191.31 935 253C984 284 1030 279 1030 279L1024 430L-12 440V201Z\"\/>\n<\/svg>\n\t<\/div>\n\n\t\t<div class=\"section-content relative\">\n\t\t\t\n\n<div class=\"row\"  id=\"row-1254017200\">\n\n\n\t<div id=\"col-141441655\" class=\"col medium-5 small-12 large-5\"  >\n\t\t\t\t<div class=\"col-inner\"  >\n\t\t\t\n\t\t\t\n\n\t<div id=\"text-670476447\" class=\"text\">\n\t\t\n\n<h6><span style=\"color: #ffffff;\"><strong>Solu\u00e7\u00f5es Pr\u00e9-Anal\u00edticas<\/strong><\/span><\/h6>\n\t\t\n<style>\n#text-670476447 {\n  color: rgb(255, 255, 255);\n}\n#text-670476447 > * {\n  color: rgb(255, 255, 255);\n}\n<\/style>\n\t<\/div>\n\t\n\t<div id=\"text-382740676\" class=\"text\">\n\t\t\n\n<div class=\"page-header-title appear appeared\">\n<h1><span class=\"field field--name-title field--type-string field--label-hidden\">Acesso Venoso<br \/>\nDif\u00edcil<\/span><\/h1>\n<\/div>\n<figure class=\"page-header-visual appear appeared\"><\/figure>\n\t\t\n<style>\n#text-382740676 {\n  font-size: 1.7rem;\n}\n<\/style>\n\t<\/div>\n\t\n\n\t\t<\/div>\n\t\t\t\t\n<style>\n#col-141441655 > .col-inner {\n  margin: 70px 0px 0px 0px;\n}\n<\/style>\n\t<\/div>\n\n\t\n\n\t<div id=\"col-1028206856\" class=\"col medium-7 small-12 large-7\"  >\n\t\t\t\t<div class=\"col-inner\"  >\n\t\t\t\n\t\t\t\n\n\t<div class=\"img has-hover x md-x lg-x y md-y lg-y\" id=\"image_1498894638\">\n\t\t\t\t\t\t\t\t<div class=\"img-inner image-cover dark\" style=\"padding-top:251px;\">\n\t\t\t<img loading=\"lazy\" decoding=\"async\" width=\"600\" height=\"300\" src=\"https:\/\/lealta.com.br\/landingpages\/bd_sms\/wp-content\/uploads\/2022\/07\/transp.png\" class=\"attachment-large size-large\" alt=\"\" srcset=\"https:\/\/lealta.com.br\/landingpages\/bd_sms\/wp-content\/uploads\/2022\/07\/transp.png 600w, https:\/\/lealta.com.br\/landingpages\/bd_sms\/wp-content\/uploads\/2022\/07\/transp-300x150.png 300w\" sizes=\"auto, (max-width: 600px) 100vw, 600px\" \/>\t\t\t\t\t\t\t<div class=\"overlay\" style=\"background-color: rgba(155, 174, 255, 0.174)\"><\/div>\n\t\t\t\t\t\t\n\t\t\t\t\t<\/div>\n\t\t\t\t\t\t\t\t\n<style>\n#image_1498894638 {\n  width: 81%;\n}\n<\/style>\n\t<\/div>\n\t\n\n\n\t\t<\/div>\n\t\t\t\t\n<style>\n#col-1028206856 > .col-inner {\n  margin: 156px 0px 0px -300px;\n}\n@media (min-width:550px) {\n  #col-1028206856 > .col-inner {\n    margin: 256px 0px 0px -181px;\n  }\n}\n<\/style>\n\t<\/div>\n\n\t\n\n\t<div id=\"col-121267097\" class=\"col medium-7 small-12 large-7\"  >\n\t\t\t\t<div class=\"col-inner box-shadow-5\" style=\"background-color:rgb(255, 255, 255);\" >\n\t\t\t\n\t\t\t\n\n\t<div class=\"img has-hover x md-x lg-x y md-y lg-y\" id=\"image_1035135957\">\n\t\t\t\t\t\t\t\t<div class=\"img-inner image-cover box-shadow-3 dark\" style=\"padding-top:56.25%;\">\n\t\t\t<img loading=\"lazy\" decoding=\"async\" width=\"3354\" height=\"1704\" src=\"https:\/\/lealta.com.br\/landingpages\/bd_sms\/wp-content\/uploads\/2024\/03\/Screenshot-2024-03-19-at-10.58.36.png\" class=\"attachment-original size-original\" alt=\"\" srcset=\"https:\/\/lealta.com.br\/landingpages\/bd_sms\/wp-content\/uploads\/2024\/03\/Screenshot-2024-03-19-at-10.58.36.png 3354w, https:\/\/lealta.com.br\/landingpages\/bd_sms\/wp-content\/uploads\/2024\/03\/Screenshot-2024-03-19-at-10.58.36-300x152.png 300w, https:\/\/lealta.com.br\/landingpages\/bd_sms\/wp-content\/uploads\/2024\/03\/Screenshot-2024-03-19-at-10.58.36-1024x520.png 1024w, https:\/\/lealta.com.br\/landingpages\/bd_sms\/wp-content\/uploads\/2024\/03\/Screenshot-2024-03-19-at-10.58.36-768x390.png 768w, https:\/\/lealta.com.br\/landingpages\/bd_sms\/wp-content\/uploads\/2024\/03\/Screenshot-2024-03-19-at-10.58.36-1536x780.png 1536w, https:\/\/lealta.com.br\/landingpages\/bd_sms\/wp-content\/uploads\/2024\/03\/Screenshot-2024-03-19-at-10.58.36-2048x1040.png 2048w\" sizes=\"auto, (max-width: 3354px) 100vw, 3354px\" \/>\t\t\t\t\t\t\n\t\t\t\t\t<\/div>\n\t\t\t\t\t\t\t\t\n<style>\n#image_1035135957 {\n  width: 100%;\n}\n<\/style>\n\t<\/div>\n\t\n\n\n\t\t<\/div>\n\t\t\t\t\n<style>\n#col-121267097 > .col-inner {\n  margin: -480px 0px 0px 0px;\n  border-radius: 20px;\n}\n@media (min-width:550px) {\n  #col-121267097 > .col-inner {\n    margin: -435px 0px 0px 440px;\n  }\n}\n<\/style>\n\t<\/div>\n\n\t\n\n<\/div>\n\n\t\t<\/div>\n\n\t\t\n<style>\n#section_968266971 {\n  padding-top: 0px;\n  padding-bottom: 0px;\n  background-color: #004593;\n}\n#section_968266971 .section-bg-overlay {\n  background-color: rgba(0, 69, 147, 0.477);\n}\n#section_968266971 .section-bg.bg-loaded {\n  background-image: url(https:\/\/lealta.com.br\/landingpages\/bd_sms\/wp-content\/uploads\/2024\/03\/Screenshot-2024-03-19-at-10.58.36.png);\n}\n#section_968266971 .section-bg {\n  background-position: 32% 0%;\n}\n#section_968266971 .ux-shape-divider--bottom svg {\n  height: 150px;\n  --divider-width: 100%;\n}\n#section_968266971 .ux-shape-divider--bottom .ux-shape-fill {\n  fill: rgb(245, 245, 245);\n}\n<\/style>\n\t<\/section>\n\t\n\t<section class=\"section\" id=\"section_895538863\">\n\t\t<div class=\"bg section-bg fill bg-fill  bg-loaded\" >\n\n\t\t\t\n\t\t\t\n\t\t\t\n\n\t\t<\/div>\n\n\t\t\n\t<div class=\"ux-shape-divider ux-shape-divider--bottom ux-shape-divider--style-waves-opacity-2\">\n\t\t<svg viewBox=\"0 0 1000 300\" xmlns=\"http:\/\/www.w3.org\/2000\/svg\" preserveAspectRatio=\"none\">\n  <path class=\"ux-shape-fill\" opacity=\"0.15\" d=\"M0 299L-2 19.9998C153 -16.0002 308 155 413 184C515.64 212.35 562 152 645 153C725 154 787 206 874 233C939.54 253.34 975 248 1000 244.61V299H0Z\"\/>\n  <path class=\"ux-shape-fill\" opacity=\"0.3\" d=\"M0 300L-2 34C155 -9.00003 300 178 403 212C504.11 245.38 562 165 645 166C725 167 790.09 220.07 874 253C939.21 278.59 978.07 269.72 1000 263.61V300H0Z\"\/>\n  <path class=\"ux-shape-fill\" d=\"M0 300L-1 69.7099C216 56.9999 299.47 198.86 403 226C506 253 577 196 660 197C740 198 790.09 234.07 874 267C935.23 291 982 282.61 1000 277.61V300H0Z\"\/>\n<\/svg>\n\t<\/div>\n\n\t\t<div class=\"section-content relative\">\n\t\t\t\n\n<div class=\"row\"  id=\"row-317311926\">\n\n\n\t<div id=\"col-72916189\" class=\"col small-12 large-12\"  >\n\t\t\t\t<div class=\"col-inner\"  >\n\t\t\t\n\t\t\t\n\n\t<div id=\"gap-111791654\" class=\"gap-element clearfix\" style=\"display:block; height:auto;\">\n\t\t\n<style>\n#gap-111791654 {\n  padding-top: 59px;\n}\n<\/style>\n\t<\/div>\n\t\n\n<div class=\"row\"  id=\"row-1429981984\">\n\n\n\t<div id=\"col-832591065\" class=\"col small-12 large-12\"  >\n\t\t\t\t<div class=\"col-inner\"  >\n\t\t\t\n\t\t\t\n\n<div style=\"text-align: justify;\">\n<h1 style=\"text-align: center;\"><span style=\"font-size: 150%; color: #0000ff;\"><strong>Desafios do Acesso Venoso em Grupos de Risco<\/strong><\/span><\/h1>\n<p><span lang=\"PT-BR\" style=\"font-size: 130%;\">O acesso venoso \u00e9 uma parte fundamental da medicina moderna, permitindo a administra\u00e7\u00e3o de medicamentos, fluidos e a realiza\u00e7\u00e3o de exames de sangue. No entanto, para alguns grupos de pacientes, como idosos, crian\u00e7as, pacientes queimados, oncol\u00f3gicos e neonatos, o acesso venoso pode ser notoriamente desafiador, condi\u00e7\u00e3o conhecida como Acesso Venoso Dif\u00edcil (DVA). Esses pacientes possuem particularidades que exigem habilidade e t\u00e9cnicas especializadas para estabelecer um acesso venoso eficaz e seguro.<\/span><\/p>\n<\/div>\n<\/div>\n<\/div>\n<\/div>\n\t<div id=\"gap-2026523427\" class=\"gap-element clearfix\" style=\"display:block; height:auto;\">\n\t\t\n<style>\n#gap-2026523427 {\n  padding-top: 29px;\n}\n<\/style>\n\t<\/div>\n\t\n\n<div class=\"row align-equal\"  id=\"row-304791741\">\n\n\n\t<div id=\"col-1993100274\" class=\"col medium-7 small-12 large-7\"  >\n\t\t\t\t<div class=\"col-inner box-shadow-2 box-shadow-3-hover dark\" style=\"background-color:#004593;\" >\n\t\t\t\n\t\t\t\n\n<h3 style=\"text-align: center;\"><span style=\"font-size: 130%;\"><strong>Idosos<\/strong> <\/span><\/h3>\n<p style=\"text-align: center;\"><span style=\"font-size: 130%;\">Os pacientes idosos frequentemente apresentam veias fr\u00e1geis e menos el\u00e1sticas, al\u00e9m de uma camada de pele mais fina, o que pode complicar as tentativas de canula\u00e7\u00e3o. As condi\u00e7\u00f5es cr\u00f4nicas, como diabetes e doen\u00e7as vasculares, tamb\u00e9m podem afetar a integridade das veias.<\/span><\/p>\n\n\t\t<\/div>\n\t\t\t\t\n<style>\n#col-1993100274 > .col-inner {\n  padding: 20px 20px 0px 20px;\n  border-radius: 21px;\n}\n<\/style>\n\t<\/div>\n\n\t\n\n\t<div id=\"col-438978953\" class=\"col medium-5 small-12 large-5\"  >\n\t\t\t\t<div class=\"col-inner box-shadow-2 box-shadow-3-hover dark\" style=\"background-color:#004593;\" >\n\t\t\t\n\t\t\t\n\n<h3 style=\"text-align: center;\"><span style=\"font-size: 130%;\"><strong>Pedi\u00e1tricos<\/strong> <\/span><\/h3>\n<p style=\"text-align: center;\"><span style=\"font-size: 130%;\">Em crian\u00e7as, especialmente as muito jovens, as veias s\u00e3o menores e mais dif\u00edceis de localizar. Al\u00e9m disso, o medo e a falta de coopera\u00e7\u00e3o durante os procedimentos podem aumentar a dificuldade do acesso venoso.<\/span><\/p>\n\n\t\t<\/div>\n\t\t\t\t\n<style>\n#col-438978953 > .col-inner {\n  padding: 20px 20px 0px 20px;\n  border-radius: 21px;\n}\n<\/style>\n\t<\/div>\n\n\t\n\n\t<div id=\"col-1077570376\" class=\"col medium-5 small-12 large-5\"  >\n\t\t\t\t<div class=\"col-inner box-shadow-2 box-shadow-3-hover dark\" style=\"background-color:#004593;\" >\n\t\t\t\n\t\t\t\n\n<h3 style=\"text-align: center;\"><span style=\"font-size: 130%;\"><b><span lang=\"PT-BR\">Neonatos<\/span><\/b><\/span><\/h3>\n<div style=\"text-align: center;\"><span lang=\"PT-BR\" style=\"font-size: 130%;\"> Em neonatos, o acesso venoso \u00e9 ainda mais complexo devido ao tamanho extremamente pequeno de suas veias e \u00e0 delicadeza de sua pele e tecidos.<\/span><\/div>\n\n\t\t<\/div>\n\t\t\t\t\n<style>\n#col-1077570376 > .col-inner {\n  padding: 20px 20px 0px 20px;\n  border-radius: 21px;\n}\n<\/style>\n\t<\/div>\n\n\t\n\n\t<div id=\"col-1937576106\" class=\"col medium-7 small-12 large-7\"  >\n\t\t\t\t<div class=\"col-inner box-shadow-2 box-shadow-3-hover dark\" style=\"background-color:#004593;\" >\n\t\t\t\n\t\t\t\n\n<h3 style=\"text-align: center;\"><span style=\"font-size: 130%;\"><strong>Oncol\u00f3gicos<\/strong> <\/span><\/h3>\n<p style=\"text-align: center;\"><span style=\"font-size: 130%;\">Pacientes oncol\u00f3gicos, muitas vezes submetidos a m\u00faltiplas terapias intravenosas, podem ter suas veias comprometidas. A quimioterapia, por exemplo, pode tornar as veias mais fr\u00e1geis e suscet\u00edveis a danos.<\/span><\/p>\n\n\t\t<\/div>\n\t\t\t\t\n<style>\n#col-1937576106 > .col-inner {\n  padding: 20px 20px 0px 20px;\n  border-radius: 21px;\n}\n<\/style>\n\t<\/div>\n\n\t\n\n\t<div id=\"col-1669595257\" class=\"col medium-6 small-12 large-6\"  >\n\t\t\t\t<div class=\"col-inner box-shadow-2 box-shadow-3-hover dark\" style=\"background-color:#004593;\" >\n\t\t\t\n\t\t\t\n\n<h3 style=\"text-align: center;\"><span style=\"font-size: 130%;\"><strong>Queimados<\/strong> <\/span><\/h3>\n<p style=\"text-align: center;\"><span style=\"font-size: 130%;\">Pacientes queimados podem ter danos significativos na pele e tecido subcut\u00e2neo, tornando as veias inacess\u00edveis para o acesso venoso tradicional. Al\u00e9m disso, a necessidade de m\u00faltiplas interven\u00e7\u00f5es ao longo do tratamento pode esgotar os s\u00edtios de acesso dispon\u00edveis.<\/span><\/p>\n\n\t\t<\/div>\n\t\t\t\t\n<style>\n#col-1669595257 > .col-inner {\n  padding: 20px 20px 0px 20px;\n  border-radius: 21px;\n}\n<\/style>\n\t<\/div>\n\n\t\n\n\t<div id=\"col-813342997\" class=\"col medium-6 small-12 large-6\"  >\n\t\t\t\t<div class=\"col-inner box-shadow-2 box-shadow-3-hover dark\" style=\"background-color:#ff6e00;\" >\n\t\t\t\n\t\t\t\n\n<h3 style=\"text-align: center;\"><span style=\"font-size: 130%;\"><strong>Estrat\u00e9gias para Enfrentar o DVA<\/strong> <\/span><\/h3>\n<p style=\"text-align: center;\"><span style=\"font-size: 130%;\">Para lidar com o DVA, as equipes de sa\u00fade utilizam estrat\u00e9gias como a utiliza\u00e7\u00e3o de tecnologia de imagem, como ultrassom e dispositivos de visualiza\u00e7\u00e3o de veias, al\u00e9m de t\u00e9cnicas especializadas de canula\u00e7\u00e3o. A escolha do calibre adequado do cateter e o posicionamento cuidadoso do paciente s\u00e3o outros aspectos fundamentais para o sucesso do acesso venoso nestes grupos.<\/span><\/p>\n\n\t\t<\/div>\n\t\t\t\t\n<style>\n#col-813342997 > .col-inner {\n  padding: 20px 20px 0px 20px;\n  border-radius: 21px;\n}\n<\/style>\n\t<\/div>\n\n\t\n\n<\/div>\n\t<div id=\"gap-968451434\" class=\"gap-element clearfix\" style=\"display:block; height:auto;\">\n\t\t\n<style>\n#gap-968451434 {\n  padding-top: 20px;\n}\n<\/style>\n\t<\/div>\n\t\n\n<p style=\"text-align: justify;\"><span style=\"font-size: 130%;\">O acesso venoso dif\u00edcil em pacientes de grupos de risco exige uma abordagem meticulosa e paciente-centrada. Profissionais de sa\u00fade devem estar equipados com o conhecimento e as ferramentas necess\u00e1rias para superar esses desafios, garantindo a administra\u00e7\u00e3o segura de tratamentos e a coleta eficiente de amostras para exames. A habilidade em estabelecer um acesso venoso em condi\u00e7\u00f5es dif\u00edceis \u00e9, portanto, uma compet\u00eancia valiosa dentro das pr\u00e1ticas cl\u00ednicas contempor\u00e2neas.<\/span><\/p>\n\n\t\t<\/div>\n\t\t\t\t\t<\/div>\n\n\t\n\n<\/div>\n\n\t\t<\/div>\n\t\t\t\t\t<\/div>\n\n\t\n\n<\/div>\n\n\t\t<\/div>\n\n\t\t\n<style>\n#section_895538863 {\n  padding-top: 100px;\n  padding-bottom: 100px;\n  background-color: rgb(245, 245, 245);\n}\n#section_895538863 .ux-shape-divider--bottom svg {\n  height: 170px;\n  --divider-width: 100%;\n}\n@media (min-width:550px) {\n  #section_895538863 {\n    padding-top: 40px;\n    padding-bottom: 40px;\n  }\n}\n<\/style>\n\t<\/section>\n\t\n\t<section class=\"section\" id=\"section_55339165\">\n\t\t<div class=\"bg section-bg fill bg-fill  bg-loaded\" >\n\n\t\t\t\n\t\t\t\n\t\t\t\n\n\t\t<\/div>\n\n\t\t\n\t<div class=\"ux-shape-divider ux-shape-divider--bottom ux-shape-divider--style-waves-opacity-2\">\n\t\t<svg viewBox=\"0 0 1000 300\" xmlns=\"http:\/\/www.w3.org\/2000\/svg\" preserveAspectRatio=\"none\">\n  <path class=\"ux-shape-fill\" opacity=\"0.15\" d=\"M0 299L-2 19.9998C153 -16.0002 308 155 413 184C515.64 212.35 562 152 645 153C725 154 787 206 874 233C939.54 253.34 975 248 1000 244.61V299H0Z\"\/>\n  <path class=\"ux-shape-fill\" opacity=\"0.3\" d=\"M0 300L-2 34C155 -9.00003 300 178 403 212C504.11 245.38 562 165 645 166C725 167 790.09 220.07 874 253C939.21 278.59 978.07 269.72 1000 263.61V300H0Z\"\/>\n  <path class=\"ux-shape-fill\" d=\"M0 300L-1 69.7099C216 56.9999 299.47 198.86 403 226C506 253 577 196 660 197C740 198 790.09 234.07 874 267C935.23 291 982 282.61 1000 277.61V300H0Z\"\/>\n<\/svg>\n\t<\/div>\n\n\t\t<div class=\"section-content relative\">\n\t\t\t\n\n<div class=\"row\"  id=\"row-219578939\">\n\n\n\t<div id=\"col-1487699601\" class=\"col small-12 large-12\"  >\n\t\t\t\t<div class=\"col-inner\"  >\n\t\t\t\n\t\t\t\n\n\t<div id=\"gap-364706562\" class=\"gap-element clearfix\" style=\"display:block; height:auto;\">\n\t\t\n<style>\n#gap-364706562 {\n  padding-top: 59px;\n}\n<\/style>\n\t<\/div>\n\t\n\n<div class=\"row\"  id=\"row-1438270256\">\n\n\n\t<div id=\"col-1494550673\" class=\"col small-12 large-12\"  >\n\t\t\t\t<div class=\"col-inner\"  >\n\t\t\t\n\t\t\t\n\n<div style=\"text-align: justify;\">\n<h1 style=\"text-align: center;\"><span style=\"font-size: 150%; color: #0000ff;\"><strong>Minimizando a Dor na Flebotomia:<br \/>A Import\u00e2ncia do Cuidado ao Paciente<\/strong><\/span><\/h1>\n<p>\u00a0<\/p>\n<\/div>\n<div class=\"row\"  id=\"row-985731206\">\n\n\n\t<div id=\"col-846476296\" class=\"col medium-6 small-12 large-6\"  >\n\t\t\t\t<div class=\"col-inner\"  >\n\t\t\t\n\t\t\t\n\n\t<div class=\"img has-hover x md-x lg-x y md-y lg-y\" id=\"image_1396772081\">\n\t\t\t\t\t\t\t\t<div class=\"img-inner dark\" >\n\t\t\t<img loading=\"lazy\" decoding=\"async\" width=\"924\" height=\"1024\" src=\"https:\/\/lealta.com.br\/landingpages\/bd_sms\/wp-content\/uploads\/2023\/10\/2144cd43-2d0e-4c45-9e0d-79f70217090b-924x1024.jpg\" class=\"attachment-large size-large\" alt=\"\" srcset=\"https:\/\/lealta.com.br\/landingpages\/bd_sms\/wp-content\/uploads\/2023\/10\/2144cd43-2d0e-4c45-9e0d-79f70217090b-924x1024.jpg 924w, https:\/\/lealta.com.br\/landingpages\/bd_sms\/wp-content\/uploads\/2023\/10\/2144cd43-2d0e-4c45-9e0d-79f70217090b-271x300.jpg 271w, https:\/\/lealta.com.br\/landingpages\/bd_sms\/wp-content\/uploads\/2023\/10\/2144cd43-2d0e-4c45-9e0d-79f70217090b-768x851.jpg 768w, https:\/\/lealta.com.br\/landingpages\/bd_sms\/wp-content\/uploads\/2023\/10\/2144cd43-2d0e-4c45-9e0d-79f70217090b-1386x1536.jpg 1386w, https:\/\/lealta.com.br\/landingpages\/bd_sms\/wp-content\/uploads\/2023\/10\/2144cd43-2d0e-4c45-9e0d-79f70217090b.jpg 1444w\" sizes=\"auto, (max-width: 924px) 100vw, 924px\" \/>\t\t\t\t\t\t\n\t\t\t\t\t<\/div>\n\t\t\t\t\t\t\t\t\n<style>\n#image_1396772081 {\n  width: 100%;\n}\n<\/style>\n\t<\/div>\n\t\n\n\n\t\t<\/div>\n\t\t\t\t\t<\/div>\n\n\t\n\n\t<div id=\"col-1794173615\" class=\"col medium-6 small-12 large-6\"  >\n\t\t\t\t<div class=\"col-inner\"  >\n\t\t\t\n\t\t\t\n\n<div style=\"text-align: justify;\">\n<p><span lang=\"PT-BR\" style=\"font-size: 130%;\">A coleta de sangue, apesar de ser um procedimento de rotina, pode ser uma fonte significativa de dor, estresse e ansiedade para muitos pacientes. Essas sensa\u00e7\u00f5es desagrad\u00e1veis s\u00e3o uma realidade, mesmo para pacientes saud\u00e1veis, ativos e bem hidratados, que em algum momento podem enfrentar dificuldades durante a coleta de sangue. Estudos revelam que a experi\u00eancia do paciente durante o procedimento tem um impacto profundo na sua percep\u00e7\u00e3o de cuidado, com relatos indicando que 8 em cada 10 pacientes consideram uma boa experi\u00eancia e um atendimento cuidadoso como fatores determinantes para sua satisfa\u00e7\u00e3o com o servi\u00e7o de sa\u00fade. Portanto, \u00e9 essencial que profissionais de sa\u00fade n\u00e3o apenas realizem a coleta de sangue com compet\u00eancia t\u00e9cnica, mas tamb\u00e9m com uma abordagem emp\u00e1tica e tranquilizadora, minimizando o desconforto e promovendo uma experi\u00eancia positiva para o paciente.<\/span><\/p>\n<p>\u00a0<\/p>\n<\/div>\n\n\t\t<\/div>\n\t\t\t\t\t<\/div>\n\n\t\n\n<\/div>\n\t<div id=\"gap-931256204\" class=\"gap-element clearfix\" style=\"display:block; height:auto;\">\n\t\t\n<style>\n#gap-931256204 {\n  padding-top: 29px;\n}\n<\/style>\n\t<\/div>\n\t\n\n\t<div id=\"gap-604042564\" class=\"gap-element clearfix\" style=\"display:block; height:auto;\">\n\t\t\n<style>\n#gap-604042564 {\n  padding-top: 20px;\n}\n<\/style>\n\t<\/div>\n\t\n\n\n\t\t<\/div>\n\t\t\t\t\t<\/div>\n\n\t\n\n<\/div>\n\n\t\t<\/div>\n\t\t\t\t\t<\/div>\n\n\t\n\n<\/div>\n\n\t\t<\/div>\n\n\t\t\n<style>\n#section_55339165 {\n  padding-top: 100px;\n  padding-bottom: 100px;\n  background-color: rgb(255, 255, 255);\n}\n#section_55339165 .ux-shape-divider--bottom svg {\n  height: 170px;\n  --divider-width: 100%;\n}\n@media (min-width:550px) {\n  #section_55339165 {\n    padding-top: 40px;\n    padding-bottom: 40px;\n  }\n}\n<\/style>\n\t<\/section>\n\t\n\n","protected":false},"excerpt":{"rendered":"","protected":false},"author":1,"featured_media":0,"parent":0,"menu_order":0,"comment_status":"closed","ping_status":"closed","template":"page-blank.php","meta":{"inline_featured_image":false,"footnotes":""},"class_list":["post-1466","page","type-page","status-publish","hentry"],"_links":{"self":[{"href":"https:\/\/lealta.com.br\/landingpages\/bd_sms\/wp-json\/wp\/v2\/pages\/1466","targetHints":{"allow":["GET"]}}],"collection":[{"href":"https:\/\/lealta.com.br\/landingpages\/bd_sms\/wp-json\/wp\/v2\/pages"}],"about":[{"href":"https:\/\/lealta.com.br\/landingpages\/bd_sms\/wp-json\/wp\/v2\/types\/page"}],"author":[{"embeddable":true,"href":"https:\/\/lealta.com.br\/landingpages\/bd_sms\/wp-json\/wp\/v2\/users\/1"}],"replies":[{"embeddable":true,"href":"https:\/\/lealta.com.br\/landingpages\/bd_sms\/wp-json\/wp\/v2\/comments?post=1466"}],"version-history":[{"count":3,"href":"https:\/\/lealta.com.br\/landingpages\/bd_sms\/wp-json\/wp\/v2\/pages\/1466\/revisions"}],"predecessor-version":[{"id":1642,"href":"https:\/\/lealta.com.br\/landingpages\/bd_sms\/wp-json\/wp\/v2\/pages\/1466\/revisions\/1642"}],"wp:attachment":[{"href":"https:\/\/lealta.com.br\/landingpages\/bd_sms\/wp-json\/wp\/v2\/media?parent=1466"}],"curies":[{"name":"wp","href":"https:\/\/api.w.org\/{rel}","templated":true}]}}