{"id":1670,"date":"2024-08-30T13:42:48","date_gmt":"2024-08-30T16:42:48","guid":{"rendered":"https:\/\/lealta.com.br\/landingpages\/bd_sms\/?page_id=1670"},"modified":"2024-08-30T13:49:03","modified_gmt":"2024-08-30T16:49:03","slug":"contato","status":"publish","type":"page","link":"https:\/\/lealta.com.br\/landingpages\/bd_sms\/contato\/","title":{"rendered":"CONTATO"},"content":{"rendered":"\n\t<section class=\"section dark\" id=\"section_2112649783\">\n\t\t<div class=\"bg section-bg fill bg-fill  \" >\n\n\t\t\t\n\t\t\t<div class=\"section-bg-overlay absolute fill\"><\/div>\n\t\t\t\n\n\t\t<\/div>\n\n\t\t\n\t<div class=\"ux-shape-divider ux-shape-divider--bottom ux-shape-divider--style-waves-opacity-3\">\n\t\t<svg viewBox=\"0 0 1000 300\" xmlns=\"http:\/\/www.w3.org\/2000\/svg\" preserveAspectRatio=\"none\">\n\t<path class=\"ux-shape-fill\" opacity=\"0.05\" d=\"M1014 264V386H206L34 300C34 300 344.42 277.16 436 221C542 156 590 160 704 209C811 255 899.11 214.94 979 346L1014 264Z\"\/>\n\t<path class=\"ux-shape-fill\" opacity=\"0.1\" d=\"M-302 55C-302 55 -66.73 263.25 50 214C178 160 283 116 353 141C445.68 174.1 534.28 256.19 588 249C692.9 235 764.52 75.94 855 131C940.61 183.09 1000 254 1000 254V328L-306 338L-302 55Z\"\/>\n\t<path class=\"ux-shape-fill\" opacity=\"0.15\" d=\"M-286 255C-286 255 -72 152 52 126C176 100 255 155 436 227C581.57 284.91 614.7 277.79 708 227C787 184 1009 3.0001 1093 164C1146 265.63 1031 293 1031 293L924 377L-288 389L-286 255Z\"\/>\n\t<path class=\"ux-shape-fill\" opacity=\"0.3\" d=\"M-24 69C-24 69 275.68 370.66 389 314C397 310 622 316 673 356C690.47 369.7 845 224 890 182C944.8 130.85 1018 92 1078 143C1154.12 207.7 1196 242 1196 242L1184 374L-28 386L-24 69Z\"\/>\n\t<path class=\"ux-shape-fill\" d=\"M-12 201C-12 201 58 284 182 258C306 232 342.29 221.23 456 264C565 305 640.82 288.36 721 249C776 222 837.5 191.31 935 253C984 284 1030 279 1030 279L1024 430L-12 440V201Z\"\/>\n<\/svg>\n\t<\/div>\n\n\t\t<div class=\"section-content relative\">\n\t\t\t\n\n<div class=\"row\"  id=\"row-1404072030\">\n\n\n\t<div id=\"col-2078000436\" class=\"col medium-5 small-12 large-5\"  >\n\t\t\t\t<div class=\"col-inner\"  >\n\t\t\t\n\t\t\t\n\n\t<div id=\"text-39134264\" class=\"text\">\n\t\t\n\n<h6><span style=\"color: #ffffff;\"><strong>Solu\u00e7\u00f5es Pr\u00e9-Anal\u00edticas<\/strong><\/span><\/h6>\n\t\t\n<style>\n#text-39134264 {\n  color: rgb(255, 255, 255);\n}\n#text-39134264 > * {\n  color: rgb(255, 255, 255);\n}\n<\/style>\n\t<\/div>\n\t\n\t<div id=\"text-2738442508\" class=\"text\">\n\t\t\n\n<div class=\"page-header-title appear appeared\">\n<h1><span class=\"field field--name-title field--type-string field--label-hidden\">Contato<\/span><\/h1>\n<\/div>\n<figure class=\"page-header-visual appear appeared\"><\/figure>\n\t\t\n<style>\n#text-2738442508 {\n  font-size: 1.7rem;\n}\n<\/style>\n\t<\/div>\n\t\n\n\t\t<\/div>\n\t\t\t\t\n<style>\n#col-2078000436 > .col-inner {\n  margin: 70px 0px 0px 0px;\n}\n<\/style>\n\t<\/div>\n\n\t\n\n\t<div id=\"col-1657903390\" class=\"col medium-7 small-12 large-7\"  >\n\t\t\t\t<div class=\"col-inner\"  >\n\t\t\t\n\t\t\t\n\n\t<div class=\"img has-hover x md-x lg-x y md-y lg-y\" id=\"image_1726235124\">\n\t\t\t\t\t\t\t\t<div class=\"img-inner image-cover dark\" style=\"padding-top:251px;\">\n\t\t\t<img loading=\"lazy\" decoding=\"async\" width=\"600\" height=\"300\" src=\"https:\/\/lealta.com.br\/landingpages\/bd_sms\/wp-content\/uploads\/2022\/07\/transp.png\" class=\"attachment-large size-large\" alt=\"\" srcset=\"https:\/\/lealta.com.br\/landingpages\/bd_sms\/wp-content\/uploads\/2022\/07\/transp.png 600w, https:\/\/lealta.com.br\/landingpages\/bd_sms\/wp-content\/uploads\/2022\/07\/transp-300x150.png 300w\" sizes=\"auto, (max-width: 600px) 100vw, 600px\" \/>\t\t\t\t\t\t\t<div class=\"overlay\" style=\"background-color: rgba(155, 174, 255, 0.174)\"><\/div>\n\t\t\t\t\t\t\n\t\t\t\t\t<\/div>\n\t\t\t\t\t\t\t\t\n<style>\n#image_1726235124 {\n  width: 81%;\n}\n<\/style>\n\t<\/div>\n\t\n\n\n\t\t<\/div>\n\t\t\t\t\n<style>\n#col-1657903390 > .col-inner {\n  margin: 156px 0px 0px -300px;\n}\n@media (min-width:550px) {\n  #col-1657903390 > .col-inner {\n    margin: 256px 0px 0px -181px;\n  }\n}\n<\/style>\n\t<\/div>\n\n\t\n\n\t<div id=\"col-899973986\" class=\"col medium-7 small-12 large-7\"  >\n\t\t\t\t<div class=\"col-inner box-shadow-5\" style=\"background-color:rgb(255, 255, 255);\" >\n\t\t\t\n\t\t\t\n\n\t<div class=\"img has-hover x md-x lg-x y md-y lg-y\" id=\"image_2043580158\">\n\t\t\t\t\t\t\t\t<div class=\"img-inner image-cover box-shadow-3 dark\" style=\"padding-top:56.25%;\">\n\t\t\t<img loading=\"lazy\" decoding=\"async\" width=\"2560\" height=\"1706\" src=\"https:\/\/lealta.com.br\/landingpages\/bd_sms\/wp-content\/uploads\/2023\/10\/vecteezy_a-team-of-ai-researchers-is-working-diligently-in-a-brightly_23576850_542-scaled.jpg\" class=\"attachment-original size-original\" alt=\"\" srcset=\"https:\/\/lealta.com.br\/landingpages\/bd_sms\/wp-content\/uploads\/2023\/10\/vecteezy_a-team-of-ai-researchers-is-working-diligently-in-a-brightly_23576850_542-scaled.jpg 2560w, https:\/\/lealta.com.br\/landingpages\/bd_sms\/wp-content\/uploads\/2023\/10\/vecteezy_a-team-of-ai-researchers-is-working-diligently-in-a-brightly_23576850_542-300x200.jpg 300w, https:\/\/lealta.com.br\/landingpages\/bd_sms\/wp-content\/uploads\/2023\/10\/vecteezy_a-team-of-ai-researchers-is-working-diligently-in-a-brightly_23576850_542-1024x683.jpg 1024w, https:\/\/lealta.com.br\/landingpages\/bd_sms\/wp-content\/uploads\/2023\/10\/vecteezy_a-team-of-ai-researchers-is-working-diligently-in-a-brightly_23576850_542-768x512.jpg 768w, https:\/\/lealta.com.br\/landingpages\/bd_sms\/wp-content\/uploads\/2023\/10\/vecteezy_a-team-of-ai-researchers-is-working-diligently-in-a-brightly_23576850_542-1536x1024.jpg 1536w, https:\/\/lealta.com.br\/landingpages\/bd_sms\/wp-content\/uploads\/2023\/10\/vecteezy_a-team-of-ai-researchers-is-working-diligently-in-a-brightly_23576850_542-2048x1365.jpg 2048w\" sizes=\"auto, (max-width: 2560px) 100vw, 2560px\" \/>\t\t\t\t\t\t\n\t\t\t\t\t<\/div>\n\t\t\t\t\t\t\t\t\n<style>\n#image_2043580158 {\n  width: 100%;\n}\n<\/style>\n\t<\/div>\n\t\n\n\n\t\t<\/div>\n\t\t\t\t\n<style>\n#col-899973986 > .col-inner {\n  margin: -480px 0px 0px 0px;\n  border-radius: 20px;\n}\n@media (min-width:550px) {\n  #col-899973986 > .col-inner {\n    margin: -435px 0px 0px 440px;\n  }\n}\n<\/style>\n\t<\/div>\n\n\t\n\n<\/div>\n\n\t\t<\/div>\n\n\t\t\n<style>\n#section_2112649783 {\n  padding-top: 0px;\n  padding-bottom: 0px;\n  background-color: #004593;\n}\n#section_2112649783 .section-bg-overlay {\n  background-color: rgba(0, 69, 147, 0.477);\n}\n#section_2112649783 .section-bg.bg-loaded {\n  background-image: url(https:\/\/lealta.com.br\/landingpages\/bd_sms\/wp-content\/uploads\/2023\/10\/vecteezy_a-team-of-ai-researchers-is-working-diligently-in-a-brightly_23576850_542-scaled.jpg);\n}\n#section_2112649783 .section-bg {\n  background-position: 45% 71%;\n}\n#section_2112649783 .ux-shape-divider--bottom svg {\n  height: 150px;\n  --divider-width: 100%;\n}\n<\/style>\n\t<\/section>\n\t\n\t<section class=\"section\" id=\"section_331468607\">\n\t\t<div class=\"bg section-bg fill bg-fill  bg-loaded\" >\n\n\t\t\t\n\t\t\t\n\t\t\t\n\n\t\t<\/div>\n\n\t\t\n\t<div class=\"ux-shape-divider ux-shape-divider--bottom ux-shape-divider--style-waves-opacity-2\">\n\t\t<svg viewBox=\"0 0 1000 300\" xmlns=\"http:\/\/www.w3.org\/2000\/svg\" preserveAspectRatio=\"none\">\n  <path class=\"ux-shape-fill\" opacity=\"0.15\" d=\"M0 299L-2 19.9998C153 -16.0002 308 155 413 184C515.64 212.35 562 152 645 153C725 154 787 206 874 233C939.54 253.34 975 248 1000 244.61V299H0Z\"\/>\n  <path class=\"ux-shape-fill\" opacity=\"0.3\" d=\"M0 300L-2 34C155 -9.00003 300 178 403 212C504.11 245.38 562 165 645 166C725 167 790.09 220.07 874 253C939.21 278.59 978.07 269.72 1000 263.61V300H0Z\"\/>\n  <path class=\"ux-shape-fill\" d=\"M0 300L-1 69.7099C216 56.9999 299.47 198.86 403 226C506 253 577 196 660 197C740 198 790.09 234.07 874 267C935.23 291 982 282.61 1000 277.61V300H0Z\"\/>\n<\/svg>\n\t<\/div>\n\n\t\t<div class=\"section-content relative\">\n\t\t\t\n\n<div class=\"row\"  id=\"row-348803067\">\n\n\n\t<div id=\"col-69881657\" class=\"col small-12 large-12\"  >\n\t\t\t\t<div class=\"col-inner\"  >\n\t\t\t\n\t\t\t\n\n\t<div id=\"gap-986226118\" class=\"gap-element clearfix\" style=\"display:block; height:auto;\">\n\t\t\n<style>\n#gap-986226118 {\n  padding-top: 59px;\n}\n<\/style>\n\t<\/div>\n\t\n\n<div class=\"row\"  id=\"row-433748244\">\n\n\n\t<div id=\"col-515663541\" class=\"col small-12 large-12\"  >\n\t\t\t\t<div class=\"col-inner\"  >\n\t\t\t\n\t\t\t\n\n<h1 style=\"text-align: center;\"><span style=\"font-size: 150%; color: #0000ff;\"><strong>ENTRE EM CONTATO CONOSCO<\/strong><\/span><\/h1>\n\n\t\t<\/div>\n\t\t\t\t\t<\/div>\n\n\t\n\n<\/div>\n<div class=\"row align-center\"  id=\"row-119403621\">\n\n\n\t<div id=\"col-1156455781\" class=\"col medium-2 small-12 large-2\"  >\n\t\t\t\t<div class=\"col-inner\"  >\n\t\t\t\n\t\t\t\n\n\n\t\t<\/div>\n\t\t\t\t\t<\/div>\n\n\t\n\n\t<div id=\"col-1605971743\" class=\"col medium-9 small-12 large-9\"  >\n\t\t\t\t<div class=\"col-inner\"  >\n\t\t\t\n\t\t\t\n\n\n\n<script src=\"\/\/go.bd.com\/js\/forms2\/js\/forms2.min.js\"><\/script> <form id=\"mktoForm_41226\"><\/form> <script>MktoForms2.loadForm(\"\/\/go.bd.com\", \"565-YXD-236\", 41226);<\/script>\n\n\n\t\t<\/div>\n\t\t\t\t\n<style>\n#col-1605971743 > .col-inner {\n  padding: 0px 0px 0px 0px;\n  margin: 0px 0px 0px -15px;\n}\n<\/style>\n\t<\/div>\n\n\t\n\n<\/div>\n\n\t\t<\/div>\n\t\t\t\t\t<\/div>\n\n\t\n\n<\/div>\n\n\t\t<\/div>\n\n\t\t\n<style>\n#section_331468607 {\n  padding-top: 100px;\n  padding-bottom: 100px;\n  background-color: rgb(255, 255, 255);\n}\n#section_331468607 .ux-shape-divider--bottom svg {\n  height: 170px;\n  --divider-width: 100%;\n}\n@media (min-width:550px) {\n  #section_331468607 {\n    padding-top: 40px;\n    padding-bottom: 40px;\n  }\n}\n<\/style>\n\t<\/section>\n\t\n\t<div id=\"gap-1338178130\" class=\"gap-element clearfix\" style=\"display:block; height:auto;\">\n\t\t\n<style>\n#gap-1338178130 {\n  padding-top: 80px;\n}\n<\/style>\n\t<\/div>\n\t\n\n\n","protected":false},"excerpt":{"rendered":"","protected":false},"author":1,"featured_media":0,"parent":0,"menu_order":0,"comment_status":"closed","ping_status":"closed","template":"page-blank.php","meta":{"inline_featured_image":false,"footnotes":""},"class_list":["post-1670","page","type-page","status-publish","hentry"],"_links":{"self":[{"href":"https:\/\/lealta.com.br\/landingpages\/bd_sms\/wp-json\/wp\/v2\/pages\/1670","targetHints":{"allow":["GET"]}}],"collection":[{"href":"https:\/\/lealta.com.br\/landingpages\/bd_sms\/wp-json\/wp\/v2\/pages"}],"about":[{"href":"https:\/\/lealta.com.br\/landingpages\/bd_sms\/wp-json\/wp\/v2\/types\/page"}],"author":[{"embeddable":true,"href":"https:\/\/lealta.com.br\/landingpages\/bd_sms\/wp-json\/wp\/v2\/users\/1"}],"replies":[{"embeddable":true,"href":"https:\/\/lealta.com.br\/landingpages\/bd_sms\/wp-json\/wp\/v2\/comments?post=1670"}],"version-history":[{"count":14,"href":"https:\/\/lealta.com.br\/landingpages\/bd_sms\/wp-json\/wp\/v2\/pages\/1670\/revisions"}],"predecessor-version":[{"id":1685,"href":"https:\/\/lealta.com.br\/landingpages\/bd_sms\/wp-json\/wp\/v2\/pages\/1670\/revisions\/1685"}],"wp:attachment":[{"href":"https:\/\/lealta.com.br\/landingpages\/bd_sms\/wp-json\/wp\/v2\/media?parent=1670"}],"curies":[{"name":"wp","href":"https:\/\/api.w.org\/{rel}","templated":true}]}}