{"id":909,"date":"2023-02-14T09:36:57","date_gmt":"2023-02-14T12:36:57","guid":{"rendered":"https:\/\/lealta.com.br\/landingpages\/sdm\/?page_id=909"},"modified":"2023-05-10T16:13:51","modified_gmt":"2023-05-10T19:13:51","slug":"recursos","status":"publish","type":"page","link":"https:\/\/lealta.com.br\/landingpages\/bd_sms\/recursos\/","title":{"rendered":"RECURSOS"},"content":{"rendered":"\n\n  <div class=\"banner has-hover has-parallax\" id=\"banner-1658318241\">\n          <div class=\"banner-inner fill\">\n        <div class=\"banner-bg fill\" data-parallax=\"-3\" data-parallax-container=\".banner\" data-parallax-background>\n            <div class=\"bg fill bg-fill \"><\/div>\n                        <div class=\"overlay\"><\/div>            \n                    <\/div>\n\t\t\n        <div class=\"banner-layers container\">\n            <div class=\"fill banner-link\"><\/div>            \n\n   <div id=\"text-box-670995604\" class=\"text-box banner-layer x50 md-x50 lg-x50 y50 md-y50 lg-y50 res-text\">\n                                <div class=\"text-box-content text dark\">\n              \n              <div class=\"text-inner text-center\">\n                  \n\n\t<div id=\"text-2624266920\" class=\"text\">\n\t\t\n\n<h2 class=\"uppercase\"><strong>Solu\u00e7\u00f5es Pr\u00e9-anal\u00edticas<\/strong><\/h2>\n\n\t\t\n<style>\n#text-2624266920 {\n  font-size: 0.75rem;\n  text-align: left;\n}\n<\/style>\n\t<\/div>\n\t\n\n              <\/div>\n           <\/div>\n                            \n<style>\n#text-box-670995604 {\n  width: 99%;\n}\n#text-box-670995604 .text-box-content {\n  font-size: 100%;\n}\n<\/style>\n    <\/div>\n \n\n        <\/div>\n      <\/div>\n\n            \n<style>\n#banner-1658318241 {\n  padding-top: 500px;\n}\n#banner-1658318241 .bg.bg-loaded {\n  background-image: url(https:\/\/lealta.com.br\/landingpages\/bd_sms\/wp-content\/uploads\/2023\/05\/vecteezy_female-patient-having-blood-sample-drawn-in-a-lab_15812785_821.jpg);\n}\n#banner-1658318241 .overlay {\n  background-color: rgba(0, 0, 0, 0.297);\n}\n#banner-1658318241 .bg {\n  background-position: 51% 90%;\n}\n<\/style>\n  <\/div>\n\n\n\t<div id=\"gap-113364537\" class=\"gap-element clearfix\" style=\"display:block; height:auto;\">\n\t\t\n<style>\n#gap-113364537 {\n  padding-top: 70px;\n}\n<\/style>\n\t<\/div>\n\t\n\n\t<section class=\"section\" id=\"section_154142150\">\n\t\t<div class=\"bg section-bg fill bg-fill  bg-loaded\" >\n\n\t\t\t\n\t\t\t\n\t\t\t\n\n\t\t<\/div>\n\n\t\t\n\n\t\t<div class=\"section-content relative\">\n\t\t\t\n\n<div class=\"row row-full-width align-center\"  id=\"row-628683917\">\n\n\n\t<div id=\"col-540511921\" class=\"col medium-10 small-12 large-10\"  >\n\t\t\t\t<div class=\"col-inner\"  >\n\t\t\t\n\t\t\t\n\n<h2 style=\"text-align: center;\">Nosso banco de dados de recursos oferece acesso a\u00a0uma riqueza de conte\u00fado de tend\u00eancias relacionado \u00e0 <strong>Solu\u00e7\u00f5es Pr\u00e9-anal\u00edticas. <\/strong>Leia um estudo cient\u00edfico convincente, ou\u00e7a uma entrevista de um importante\u00a0especialista, acesse educa\u00e7\u00e3o m\u00e9dica e muito mais.<\/h2>\n\n\t\t<\/div>\n\t\t\t\t\t<\/div>\n\n\t\n\n<\/div>\n<div class=\"row row-small align-equal align-center\" style=\"max-width:80%\" id=\"row-1295724377\">\n\n\n\t<div id=\"col-639093117\" class=\"col medium-3 small-6 large-3\"  >\n\t\t\t\t<div class=\"col-inner dark\" style=\"background-color:rgb(3, 78, 215);\" >\n\t\t\t\n\t\t\t\n\n\n\t<a class=\"plain\" href=\"#\" >\t<div class=\"icon-box featured-box icon-box-top text-left\"  >\n\t\t\t\t\t<div class=\"icon-box-img\" style=\"width: 90px\">\n\t\t\t\t<div class=\"icon\">\n\t\t\t\t\t<div class=\"icon-inner\" >\n\t\t\t\t\t\t<img loading=\"lazy\" decoding=\"async\" width=\"274\" height=\"264\" src=\"https:\/\/lealta.com.br\/landingpages\/bd_sms\/wp-content\/uploads\/2023\/02\/Artboard-19.png\" class=\"attachment-medium size-medium\" alt=\"\" \/>\t\t\t\t\t<\/div>\n\t\t\t\t<\/div>\n\t\t\t<\/div>\n\t\t\t\t<div class=\"icon-box-text last-reset\">\n\t\t\t\t\t\t\t\t\t\n\n<h1>Novidades<\/h1>\n<p>Em breve.<\/p>\n\n\t\t<\/div>\n\t<\/div>\n\t<\/a>\n\t\n\n\t\t<\/div>\n\t\t\t\t\t<\/div>\n\n\t\n\n\t<div id=\"col-1484145653\" class=\"col medium-3 small-6 large-3\"  >\n\t\t\t\t<div class=\"col-inner dark\" style=\"background-color:rgb(3, 78, 215);\" >\n\t\t\t\n\t\t\t\n\n\n\t<a class=\"plain\" href=\"https:\/\/lealta.com.br\/landingpages\/bd_sms\/recursos-artigos-e-publicacoes\/\" >\t<div class=\"icon-box featured-box icon-box-top text-left\"  >\n\t\t\t\t\t<div class=\"icon-box-img\" style=\"width: 90px\">\n\t\t\t\t<div class=\"icon\">\n\t\t\t\t\t<div class=\"icon-inner\" >\n\t\t\t\t\t\t<img loading=\"lazy\" decoding=\"async\" width=\"274\" height=\"264\" src=\"https:\/\/lealta.com.br\/landingpages\/bd_sms\/wp-content\/uploads\/2023\/02\/Artboard-19-copy.png\" class=\"attachment-medium size-medium\" alt=\"\" \/>\t\t\t\t\t<\/div>\n\t\t\t\t<\/div>\n\t\t\t<\/div>\n\t\t\t\t<div class=\"icon-box-text last-reset\">\n\t\t\t\t\t\t\t\t\t\n\n<h1>Artigos e Publica\u00e7\u00f5es<\/h1>\n<p>Informa\u00e7\u00f5es e estudos sobre solu\u00e7\u00f5es pr\u00e9-anal\u00edticas.<\/p>\n\n\n\t\t<\/div>\n\t<\/div>\n\t<\/a>\n\t\n\n\t\t<\/div>\n\t\t\t\t\t<\/div>\n\n\t\n\n\t<div id=\"col-208262715\" class=\"col medium-3 small-6 large-3\"  >\n\t\t\t\t<div class=\"col-inner dark\" style=\"background-color:rgb(3, 78, 215);\" >\n\t\t\t\n\t\t\t\n\n\n\t<a class=\"plain\" href=\"https:\/\/lealta.com.br\/landingpages\/bd_sms\/webinars-e-videos\/\" >\t<div class=\"icon-box featured-box icon-box-top text-left\"  >\n\t\t\t\t\t<div class=\"icon-box-img\" style=\"width: 90px\">\n\t\t\t\t<div class=\"icon\">\n\t\t\t\t\t<div class=\"icon-inner\" >\n\t\t\t\t\t\t<img loading=\"lazy\" decoding=\"async\" width=\"274\" height=\"264\" src=\"https:\/\/lealta.com.br\/landingpages\/bd_sms\/wp-content\/uploads\/2023\/02\/Artboard-19-copy111.png\" class=\"attachment-medium size-medium\" alt=\"\" \/>\t\t\t\t\t<\/div>\n\t\t\t\t<\/div>\n\t\t\t<\/div>\n\t\t\t\t<div class=\"icon-box-text last-reset\">\n\t\t\t\t\t\t\t\t\t\n\n<h1>Webinars e V\u00eddeos<\/h1>\n<p>Assista aqui a uma sele\u00e7\u00e3o de v\u00eddeos e webinars sobre solu\u00e7\u00f5es pr\u00e9-anal\u00edticas.<\/p>\n\n\t\t<\/div>\n\t<\/div>\n\t<\/a>\n\t\n\n\t\t<\/div>\n\t\t\t\t\t<\/div>\n\n\t\n\n\t<div id=\"col-1028070504\" class=\"col medium-3 small-6 large-3\"  >\n\t\t\t\t<div class=\"col-inner dark\" style=\"background-color:rgb(3, 78, 215);\" >\n\t\t\t\n\t\t\t\n\n\n\t<a class=\"plain\" href=\"https:\/\/lealta.com.br\/landingpages\/bd_sms\/brochuras\/\" >\t<div class=\"icon-box featured-box icon-box-top text-left\"  >\n\t\t\t\t\t<div class=\"icon-box-img\" style=\"width: 90px\">\n\t\t\t\t<div class=\"icon\">\n\t\t\t\t\t<div class=\"icon-inner\" >\n\t\t\t\t\t\t<img loading=\"lazy\" decoding=\"async\" width=\"274\" height=\"264\" src=\"https:\/\/lealta.com.br\/landingpages\/bd_sms\/wp-content\/uploads\/2023\/02\/Artboard-19-copy-3.png\" class=\"attachment-medium size-medium\" alt=\"\" \/>\t\t\t\t\t<\/div>\n\t\t\t\t<\/div>\n\t\t\t<\/div>\n\t\t\t\t<div class=\"icon-box-text last-reset\">\n\t\t\t\t\t\t\t\t\t\n\n<h1>Brochuras<\/h1>\n<p>Veja e compartilhe importantes informa\u00e7\u00f5es sobre solu\u00e7\u00f5es pr\u00e9-anal\u00edticas.<\/p>\n\n\n\t\t<\/div>\n\t<\/div>\n\t<\/a>\n\t\n\n\t\t<\/div>\n\t\t\t\t\t<\/div>\n\n\t\n\n\n<style>\n#row-1295724377 > .col > .col-inner {\n  padding: 30px 30px 30px 30px;\n  border-radius: 15px;\n}\n<\/style>\n<\/div>\n\n\t\t<\/div>\n\n\t\t\n<style>\n#section_154142150 {\n  padding-top: 91px;\n  padding-bottom: 91px;\n}\n<\/style>\n\t<\/section>\n\t\n<div class=\"row\" style=\"max-width:80%\" id=\"row-298735444\">\n\n\n\t<div id=\"col-1591864296\" class=\"col small-12 large-12\"  >\n\t\t\t\t<div class=\"col-inner\"  >\n\t\t\t\n\t\t\t\n\n\t<div id=\"gap-446174424\" class=\"gap-element clearfix\" style=\"display:block; height:auto;\">\n\t\t\n<style>\n#gap-446174424 {\n  padding-top: 60px;\n}\n<\/style>\n\t<\/div>\n\t\n\n<div class=\"row row-full-width\"  id=\"row-1304213015\">\n\n\n\t<div id=\"col-266040792\" class=\"col small-12 large-12\"  >\n\t\t\t\t<div class=\"col-inner text-center\" style=\"background-color:rgb(0, 3, 60);\" >\n\t\t\t\n\t\t\t\n\n\t<div id=\"text-985974918\" class=\"text\">\n\t\t\n\n<h1>Entre em contato e mantenha-se atualizado com as \u00faltimas not\u00edcias sobre as solu\u00e7\u00f5es Pr\u00e9-anal\u00edticas!<\/h1>\n\t\t\n<style>\n#text-985974918 {\n  text-align: center;\n  color: rgb(255, 110, 0);\n}\n#text-985974918 > * {\n  color: rgb(255, 110, 0);\n}\n<\/style>\n\t<\/div>\n\t\n<a href=\"#\" class=\"button secondary\"  style=\"border-radius:10px;\">\n    <span>CONTATO<\/span>\n  <\/a>\n\n\n\n\t\t<\/div>\n\t\t\t\t\n<style>\n#col-266040792 > .col-inner {\n  padding: 55px 0px 40px 0px;\n  border-radius: 15px;\n}\n<\/style>\n\t<\/div>\n\n\t\n\n<\/div>\n<div class=\"row row-full-width\"  id=\"row-1837813595\">\n\n\n\t<div id=\"col-454480833\" class=\"col small-12 large-12\"  >\n\t\t\t\t<div class=\"col-inner\"  >\n\t\t\t\n\t\t\t\n\n\n  \n    <div class=\"row large-columns-3 medium-columns- small-columns-1 row-large row-full-width slider row-slider slider-nav-simple slider-nav-outside slider-nav-push\"  data-flickity-options='{\"imagesLoaded\": true, \"groupCells\": \"100%\", \"dragThreshold\" : 5, \"cellAlign\": \"left\",\"wrapAround\": true,\"prevNextButtons\": true,\"percentPosition\": true,\"pageDots\": true, \"rightToLeft\": false, \"autoPlay\" : 6000}' >\n\n  <\/div>\n\n\n\t\t<\/div>\n\t\t\t\t\t<\/div>\n\n\t\n\n<\/div>\n\n\n\t\t<\/div>\n\t\t\t\t\t<\/div>\n\n\t\n\n<\/div>\n\n","protected":false},"excerpt":{"rendered":"","protected":false},"author":1,"featured_media":0,"parent":0,"menu_order":0,"comment_status":"closed","ping_status":"closed","template":"page-blank.php","meta":{"inline_featured_image":false,"footnotes":""},"class_list":["post-909","page","type-page","status-publish","hentry"],"_links":{"self":[{"href":"https:\/\/lealta.com.br\/landingpages\/bd_sms\/wp-json\/wp\/v2\/pages\/909","targetHints":{"allow":["GET"]}}],"collection":[{"href":"https:\/\/lealta.com.br\/landingpages\/bd_sms\/wp-json\/wp\/v2\/pages"}],"about":[{"href":"https:\/\/lealta.com.br\/landingpages\/bd_sms\/wp-json\/wp\/v2\/types\/page"}],"author":[{"embeddable":true,"href":"https:\/\/lealta.com.br\/landingpages\/bd_sms\/wp-json\/wp\/v2\/users\/1"}],"replies":[{"embeddable":true,"href":"https:\/\/lealta.com.br\/landingpages\/bd_sms\/wp-json\/wp\/v2\/comments?post=909"}],"version-history":[{"count":31,"href":"https:\/\/lealta.com.br\/landingpages\/bd_sms\/wp-json\/wp\/v2\/pages\/909\/revisions"}],"predecessor-version":[{"id":1166,"href":"https:\/\/lealta.com.br\/landingpages\/bd_sms\/wp-json\/wp\/v2\/pages\/909\/revisions\/1166"}],"wp:attachment":[{"href":"https:\/\/lealta.com.br\/landingpages\/bd_sms\/wp-json\/wp\/v2\/media?parent=909"}],"curies":[{"name":"wp","href":"https:\/\/api.w.org\/{rel}","templated":true}]}}