{"id":978,"date":"2023-02-14T14:37:58","date_gmt":"2023-02-14T17:37:58","guid":{"rendered":"https:\/\/lealta.com.br\/landingpages\/sdm\/?page_id=978"},"modified":"2023-05-10T16:11:18","modified_gmt":"2023-05-10T19:11:18","slug":"brochuras","status":"publish","type":"page","link":"https:\/\/lealta.com.br\/landingpages\/bd_sms\/brochuras\/","title":{"rendered":"RECURSOS &#8211; BROCHURAS"},"content":{"rendered":"\n\n  <div class=\"banner has-hover has-parallax\" id=\"banner-503634460\">\n          <div class=\"banner-inner fill\">\n        <div class=\"banner-bg fill\" data-parallax=\"-3\" data-parallax-container=\".banner\" data-parallax-background>\n            <div class=\"bg fill bg-fill \"><\/div>\n                        <div class=\"overlay\"><\/div>            \n                    <\/div>\n\t\t\n        <div class=\"banner-layers container\">\n            <div class=\"fill banner-link\"><\/div>            \n\n   <div id=\"text-box-156308967\" class=\"text-box banner-layer x50 md-x50 lg-x50 y50 md-y50 lg-y50 res-text\">\n                                <div class=\"text-box-content text dark\">\n              \n              <div class=\"text-inner text-center\">\n                  \n\n\t<div id=\"text-3457330649\" class=\"text\">\n\t\t\n\n<h2><span style=\"color: #ff6600;\">BROCHURAS<\/span><\/h2>\n<h2 class=\"uppercase\"><strong>Solu\u00e7\u00f5es Pr\u00e9-anal\u00edticas<\/strong><\/h2>\n\t\t\n<style>\n#text-3457330649 {\n  text-align: left;\n}\n<\/style>\n\t<\/div>\n\t\n\n              <\/div>\n           <\/div>\n                            \n<style>\n#text-box-156308967 {\n  width: 99%;\n}\n#text-box-156308967 .text-box-content {\n  font-size: 100%;\n}\n<\/style>\n    <\/div>\n \n\n        <\/div>\n      <\/div>\n\n            \n<style>\n#banner-503634460 {\n  padding-top: 500px;\n}\n#banner-503634460 .bg.bg-loaded {\n  background-image: url(https:\/\/lealta.com.br\/landingpages\/bd_sms\/wp-content\/uploads\/2023\/05\/vecteezy_female-patient-having-blood-sample-drawn-in-a-lab_15812785_821.jpg);\n}\n#banner-503634460 .overlay {\n  background-color: rgba(0, 0, 0, 0.517);\n}\n#banner-503634460 .bg {\n  background-position: 50% 100%;\n}\n<\/style>\n  <\/div>\n\n\n<div class=\"row\" style=\"max-width:80%\" id=\"row-230608499\">\n\n\n\t<div id=\"col-1107371142\" class=\"col small-12 large-12\"  >\n\t\t\t\t<div class=\"col-inner\"  >\n\t\t\t\n\t\t\t\n\n\t<div id=\"gap-937760166\" class=\"gap-element clearfix\" style=\"display:block; height:auto;\">\n\t\t\n<style>\n#gap-937760166 {\n  padding-top: 70px;\n}\n<\/style>\n\t<\/div>\n\t\n\n<div class=\"row row-full-width\"  id=\"row-1896824048\">\n\n\n\t<div id=\"col-329370280\" class=\"col medium-4 small-12 large-4\"  >\n\t\t\t\t<div class=\"col-inner box-shadow-2 box-shadow-3-hover\"  >\n\t\t\t\n\t\t\t\n\n\t<div class=\"img has-hover x md-x lg-x y md-y lg-y\" id=\"image_324844511\">\n\t\t<a class=\"\" href=\"https:\/\/bd.showpad.com\/share\/ymiohE82cUriRmtTMu1fZ\" target=\"_blank\" rel=\"noopener\" >\t\t\t\t\t\t<div class=\"img-inner dark\" >\n\t\t\t<img loading=\"lazy\" decoding=\"async\" width=\"2398\" height=\"1346\" src=\"https:\/\/lealta.com.br\/landingpages\/bd_sms\/wp-content\/uploads\/2023\/05\/Screenshot-2023-05-08-at-09.25.52.png\" class=\"attachment-original size-original\" alt=\"\" srcset=\"https:\/\/lealta.com.br\/landingpages\/bd_sms\/wp-content\/uploads\/2023\/05\/Screenshot-2023-05-08-at-09.25.52.png 2398w, https:\/\/lealta.com.br\/landingpages\/bd_sms\/wp-content\/uploads\/2023\/05\/Screenshot-2023-05-08-at-09.25.52-300x168.png 300w, https:\/\/lealta.com.br\/landingpages\/bd_sms\/wp-content\/uploads\/2023\/05\/Screenshot-2023-05-08-at-09.25.52-1024x575.png 1024w, https:\/\/lealta.com.br\/landingpages\/bd_sms\/wp-content\/uploads\/2023\/05\/Screenshot-2023-05-08-at-09.25.52-768x431.png 768w, https:\/\/lealta.com.br\/landingpages\/bd_sms\/wp-content\/uploads\/2023\/05\/Screenshot-2023-05-08-at-09.25.52-1536x862.png 1536w, https:\/\/lealta.com.br\/landingpages\/bd_sms\/wp-content\/uploads\/2023\/05\/Screenshot-2023-05-08-at-09.25.52-2048x1150.png 2048w\" sizes=\"auto, (max-width: 2398px) 100vw, 2398px\" \/>\t\t\t\t\t\t\n\t\t\t\t\t<\/div>\n\t\t\t\t\t\t<\/a>\t\t\n<style>\n#image_324844511 {\n  width: 100%;\n}\n<\/style>\n\t<\/div>\n\t\n\n<div class=\"row row-collapse\"  id=\"row-1832997151\">\n\n\n\t<div id=\"col-1599341898\" class=\"col small-12 large-12\"  >\n\t\t\t\t<div class=\"col-inner\"  >\n\t\t\t\n\t\t\t\n\n\t<div id=\"text-2015161307\" class=\"text\">\n\t\t\n\n<p>Acesso venoso dif\u00edcil<\/p>\n\t\t\n<style>\n#text-2015161307 {\n  text-align: center;\n}\n<\/style>\n\t<\/div>\n\t\n\n\t\t<\/div>\n\t\t\t\t\t<\/div>\n\n\t\n\n\n<style>\n#row-1832997151 > .col > .col-inner {\n  padding: 0px 10px 0px 10px;\n}\n<\/style>\n<\/div>\n\n\t\t<\/div>\n\t\t\t\t\t<\/div>\n\n\t\n\n<\/div>\n\t<div id=\"gap-1707486686\" class=\"gap-element clearfix\" style=\"display:block; height:auto;\">\n\t\t\n<style>\n#gap-1707486686 {\n  padding-top: 60px;\n}\n<\/style>\n\t<\/div>\n\t\n\n<div class=\"row row-full-width\"  id=\"row-644138769\">\n\n\n\t<div id=\"col-773937393\" class=\"col small-12 large-12\"  >\n\t\t\t\t<div class=\"col-inner text-center\" style=\"background-color:rgb(0, 3, 60);\" >\n\t\t\t\n\t\t\t\n\n\t<div id=\"text-1969857583\" class=\"text\">\n\t\t\n\n<h1>Entre em contato e mantenha-se atualizado com as \u00faltimas not\u00edcias sobre as solu\u00e7\u00f5es Pr\u00e9-anal\u00edticas!<\/h1>\n\t\t\n<style>\n#text-1969857583 {\n  text-align: center;\n  color: rgb(255, 110, 0);\n}\n#text-1969857583 > * {\n  color: rgb(255, 110, 0);\n}\n<\/style>\n\t<\/div>\n\t\n<a href=\"#\" class=\"button secondary\"  style=\"border-radius:10px;\">\n    <span>CONTATO<\/span>\n  <\/a>\n\n\n\n\t\t<\/div>\n\t\t\t\t\n<style>\n#col-773937393 > .col-inner {\n  padding: 55px 0px 40px 0px;\n  border-radius: 15px;\n}\n<\/style>\n\t<\/div>\n\n\t\n\n<\/div>\n<div class=\"row row-full-width\"  id=\"row-1430158159\">\n\n\n\t<div id=\"col-1178176836\" class=\"col small-12 large-12\"  >\n\t\t\t\t<div class=\"col-inner\"  >\n\t\t\t\n\t\t\t\n\n\n  \n    <div class=\"row large-columns-3 medium-columns- small-columns-1 row-large row-full-width slider row-slider slider-nav-simple slider-nav-outside slider-nav-push\"  data-flickity-options='{\"imagesLoaded\": true, \"groupCells\": \"100%\", \"dragThreshold\" : 5, \"cellAlign\": \"left\",\"wrapAround\": true,\"prevNextButtons\": true,\"percentPosition\": true,\"pageDots\": true, \"rightToLeft\": false, \"autoPlay\" : 6000}' >\n\n  <\/div>\n\n\n\t\t<\/div>\n\t\t\t\t\t<\/div>\n\n\t\n\n<\/div>\n\n\n\t\t<\/div>\n\t\t\t\t\t<\/div>\n\n\t\n\n<\/div>\n\n","protected":false},"excerpt":{"rendered":"","protected":false},"author":1,"featured_media":0,"parent":0,"menu_order":0,"comment_status":"closed","ping_status":"closed","template":"page-blank.php","meta":{"inline_featured_image":false,"footnotes":""},"class_list":["post-978","page","type-page","status-publish","hentry"],"_links":{"self":[{"href":"https:\/\/lealta.com.br\/landingpages\/bd_sms\/wp-json\/wp\/v2\/pages\/978","targetHints":{"allow":["GET"]}}],"collection":[{"href":"https:\/\/lealta.com.br\/landingpages\/bd_sms\/wp-json\/wp\/v2\/pages"}],"about":[{"href":"https:\/\/lealta.com.br\/landingpages\/bd_sms\/wp-json\/wp\/v2\/types\/page"}],"author":[{"embeddable":true,"href":"https:\/\/lealta.com.br\/landingpages\/bd_sms\/wp-json\/wp\/v2\/users\/1"}],"replies":[{"embeddable":true,"href":"https:\/\/lealta.com.br\/landingpages\/bd_sms\/wp-json\/wp\/v2\/comments?post=978"}],"version-history":[{"count":14,"href":"https:\/\/lealta.com.br\/landingpages\/bd_sms\/wp-json\/wp\/v2\/pages\/978\/revisions"}],"predecessor-version":[{"id":1164,"href":"https:\/\/lealta.com.br\/landingpages\/bd_sms\/wp-json\/wp\/v2\/pages\/978\/revisions\/1164"}],"wp:attachment":[{"href":"https:\/\/lealta.com.br\/landingpages\/bd_sms\/wp-json\/wp\/v2\/media?parent=978"}],"curies":[{"name":"wp","href":"https:\/\/api.w.org\/{rel}","templated":true}]}}